{"id":19443,"date":"2025-05-27T12:33:22","date_gmt":"2025-05-27T08:33:22","guid":{"rendered":"https:\/\/setap.az\/?post_type=product&#038;p=19443"},"modified":"2026-01-07T14:44:01","modified_gmt":"2026-01-07T10:44:01","slug":"hikvision-ds-2ce72df3t-fs","status":"publish","type":"product","link":"https:\/\/setap.az\/?product=hikvision-ds-2ce72df3t-fs","title":{"rendered":"Hikvision DS-2CE72DF3T-FS"},"content":{"rendered":"<p>Hikvision DS-2CE72DF3T-FS, y\u00fcks\u0259k keyfiyy\u0259tli g\u00f6r\u00fcnt\u00fc v\u0259 s\u0259sli m\u00fc\u015fahid\u0259 imkanlar\u0131 t\u0259qdim ed\u0259n 2MP \u00e7\u00f6z\u00fcn\u00fcrl\u00fckl\u00fc, ColorVu texnologiyal\u0131 sabit turret tipli t\u0259hl\u00fck\u0259sizlik kameras\u0131d\u0131r.<br \/>\nBu model, 24\/7 r\u0259ngli g\u00f6r\u00fcnt\u00fc v\u0259 IP67 suya v\u0259 toza davaml\u0131 dizayn\u0131 il\u0259 h\u0259m daxili, h\u0259m d\u0259 xarici m\u00fchitl\u0259rd\u0259 effektiv n\u0259zar\u0259t t\u0259min edir<br \/>\n\u2714 \u018fsas X\u00fcsusiyy\u0259tl\u0259r:<br \/>\n\u00c7\u00f6z\u00fcn\u00fcrl\u00fck: 2MP (1920 \u00d7 1080)<br \/>\nColorVu Texnologiyas\u0131: F1.0 diyaframl\u0131 lens v\u0259 a\u011f i\u015f\u0131q il\u0259 24\/7 r\u0259ngli g\u00f6r\u00fcnt\u00fc t\u0259min edir<br \/>\nGec\u0259 G\u00f6r\u00fc\u015f\u00fc: A\u011f i\u015f\u0131q il\u0259 40 metr\u0259 q\u0259d\u0259r effektiv i\u015f\u0131qland\u0131rma<br \/>\nGeni\u015f Dinamik Aral\u0131q (WDR): 130 dB WDR texnologiyas\u0131 il\u0259 arxa i\u015f\u0131qland\u0131rmaya qar\u015f\u0131 ayd\u0131n g\u00f6r\u00fcnt\u00fc<br \/>\nS\u0259s: Koaksial kabel \u00fcz\u0259rind\u0259n audio \u00f6t\u00fcrm\u0259 v\u0259 daxili mikrofon<br \/>\nLinza Se\u00e7iml\u0259ri: 2.8 mm v\u0259 3.6 mm sabit linza variantlar\u0131<br \/>\nVideo \u00c7\u0131x\u0131\u015f\u0131: TVI\/AHD\/CVI\/CVBS formatlar\u0131nda \u00e7\u0131x\u0131\u015f d\u0259st\u0259yi<br \/>\nQoruma S\u0259viyy\u0259si: IP67 (suya v\u0259 toza davaml\u0131)<br \/>\n\u018fm\u0259liyyat Temperaturu: -40\u00b0C-d\u0259n +60\u00b0C-y\u0259 q\u0259d\u0259r<\/p>\n","protected":false},"excerpt":{"rendered":"<p>Hikvision DS-2CE72DF3T-FS, y\u00fcks\u0259k keyfiyy\u0259tli g\u00f6r\u00fcnt\u00fc v\u0259 s\u0259sli m\u00fc\u015fahid\u0259 imkanlar\u0131 t\u0259qdim ed\u0259n 2MP \u00e7\u00f6z\u00fcn\u00fcrl\u00fckl\u00fc, ColorVu texnologiyal\u0131 sabit turret tipli t\u0259hl\u00fck\u0259sizlik kameras\u0131d\u0131r. Bu model, 24\/7 r\u0259ngli g\u00f6r\u00fcnt\u00fc v\u0259 IP67 suya v\u0259 toza davaml\u0131 dizayn\u0131 il\u0259 h\u0259m daxili, h\u0259m d\u0259 xarici m\u00fchitl\u0259rd\u0259 effektiv n\u0259zar\u0259t t\u0259min edir \u2714 \u018fsas X\u00fcsusiyy\u0259tl\u0259r: \u00c7\u00f6z\u00fcn\u00fcrl\u00fck: 2MP (1920 \u00d7 1080) ColorVu Texnologiyas\u0131: F1.0 diyaframl\u0131&hellip;<\/p>\n","protected":false},"featured_media":19444,"comment_status":"open","ping_status":"closed","template":"","meta":[],"product_cat":[4016,2849],"product_tag":[3382,3132,2941,3379,2942,3380,3385,3381,3383,2937,3260,2939,2934,3718,3378,3135,3142,3071,3384],"class_list":{"0":"post-19443","1":"product","2":"type-product","3":"status-publish","4":"has-post-thumbnail","6":"product_cat-hikvision","7":"product_cat-videokameralar","8":"product_tag-camerainstallation","9":"product_tag-cctv","10":"product_tag-hikvision","11":"product_tag-hikvisioncamera","12":"product_tag-hikvisioncctv","13":"product_tag-hikvisionsecurity","14":"product_tag-hikvisionsolutions","15":"product_tag-hikvisionsystem","16":"product_tag-hikvisiontechnology","17":"product_tag-homesecurity","18":"product_tag-ipcamera","19":"product_tag-securitycamera","20":"product_tag-smartsecurity","21":"product_tag-sumqayithikvisionmusahidkamerasi","22":"product_tag-sumqayithikvision","23":"product_tag-surveillance","24":"product_tag-thluksizlik","25":"product_tag-thluksizlikkameralari","26":"product_tag-videosurveillance","27":"description-off","29":"first","30":"instock","31":"shipping-taxable","32":"purchasable","33":"product-type-simple"},"_links":{"self":[{"href":"https:\/\/setap.az\/index.php?rest_route=\/wp\/v2\/product\/19443","targetHints":{"allow":["GET"]}}],"collection":[{"href":"https:\/\/setap.az\/index.php?rest_route=\/wp\/v2\/product"}],"about":[{"href":"https:\/\/setap.az\/index.php?rest_route=\/wp\/v2\/types\/product"}],"replies":[{"embeddable":true,"href":"https:\/\/setap.az\/index.php?rest_route=%2Fwp%2Fv2%2Fcomments&post=19443"}],"wp:featuredmedia":[{"embeddable":true,"href":"https:\/\/setap.az\/index.php?rest_route=\/wp\/v2\/media\/19444"}],"wp:attachment":[{"href":"https:\/\/setap.az\/index.php?rest_route=%2Fwp%2Fv2%2Fmedia&parent=19443"}],"wp:term":[{"taxonomy":"product_cat","embeddable":true,"href":"https:\/\/setap.az\/index.php?rest_route=%2Fwp%2Fv2%2Fproduct_cat&post=19443"},{"taxonomy":"product_tag","embeddable":true,"href":"https:\/\/setap.az\/index.php?rest_route=%2Fwp%2Fv2%2Fproduct_tag&post=19443"}],"curies":[{"name":"wp","href":"https:\/\/api.w.org\/{rel}","templated":true}]}}