{"id":19447,"date":"2025-05-27T12:47:57","date_gmt":"2025-05-27T08:47:57","guid":{"rendered":"https:\/\/setap.az\/?post_type=product&#038;p=19447"},"modified":"2026-01-07T11:07:02","modified_gmt":"2026-01-07T07:07:02","slug":"hikvision-ds-2ce56dot-irm","status":"publish","type":"product","link":"https:\/\/setap.az\/?product=hikvision-ds-2ce56dot-irm","title":{"rendered":"Hikvision DS-2CE56DOT-IRM 2MP Analoq kamera"},"content":{"rendered":"<p>Hikvision DS-2CE56D0T-IRM, 2MP \u00e7\u00f6z\u00fcn\u00fcrl\u00fckl\u00fc sabit turret tipli t\u0259hl\u00fck\u0259sizlik kameras\u0131d\u0131r. Bu model, Smart IR texnologiyas\u0131 v\u0259 IP66\/IP67 qoruma s\u0259viyy\u0259si il\u0259 h\u0259m daxili, h\u0259m d\u0259 xarici m\u00fchitl\u0259rd\u0259 effektiv n\u0259zar\u0259t t\u0259min edir.<\/p>\n<p>\ud83d\udcf8 \u018fsas X\u00fcsusiyy\u0259tl\u0259r:<br \/>\n\u00c7\u00f6z\u00fcn\u00fcrl\u00fck: 2MP (1920 \u00d7 1080)<br \/>\nSensor: 1\/2.7&#8243; CMOS<br \/>\nMinimum \u0130\u015f\u0131qland\u0131rma: 0.01 Lux @ (F2.0, AGC ON); 0 Lux (IR aktiv olduqda)<br \/>\nGec\u0259 G\u00f6r\u00fc\u015f\u00fc: Smart IR texnologiyas\u0131 il\u0259 20-25 metr\u0259 q\u0259d\u0259r<br \/>\nLinza Se\u00e7iml\u0259ri: 2.8 mm, 3.6 mm v\u0259 6 mm sabit linzalar<br \/>\nG\u00f6r\u00fc\u015f Bucaq\u0131:<br \/>\n2.8 mm: \u00dcf\u00fcqi 101\u00b0, \u015eaquli 60\u00b0, Diagonal 122\u00b0<br \/>\n3.6 mm: \u00dcf\u00fcqi 79.6\u00b0, \u015eaquli 43.5\u00b0, Diagonal 93.7\u00b0<br \/>\n6 mm: \u00dcf\u00fcqi 51.9\u00b0, \u015eaquli 30\u00b0, Diagonal 58.8\u00b0<br \/>\nVideo \u00c7\u0131x\u0131\u015f\u0131: HD-TVI (1080P@25fps PAL \/ 1080P@30fps NTSC)<br \/>\nG\u00f6r\u00fcnt\u00fc T\u0259kmill\u0259\u015fdirm\u0259: DWDR, BLC, HLC, Smart IR<br \/>\nQoruma S\u0259viyy\u0259si: IP66\/IP67 (suya v\u0259 toza davaml\u0131)<br \/>\n\u018fm\u0259liyyat Temperaturu: -40\u00b0C-d\u0259n +60\u00b0C-y\u0259 q\u0259d\u0259r<br \/>\nEnerji T\u0259chizat\u0131: 12 VDC \u00b125%, maksimum 3W istehlak<br \/>\nMaterial: Metal korpus<br \/>\n\u00d6l\u00e7\u00fcl\u0259r: 89.47 mm \u00d7 67.6 mm<br \/>\n\u00c7\u0259ki: T\u0259xmin\u0259n 250 g<\/p>\n","protected":false},"excerpt":{"rendered":"<p>Hikvision DS-2CE56D0T-IRM, 2MP \u00e7\u00f6z\u00fcn\u00fcrl\u00fckl\u00fc sabit turret tipli t\u0259hl\u00fck\u0259sizlik kameras\u0131d\u0131r. Bu model, Smart IR texnologiyas\u0131 v\u0259 IP66\/IP67 qoruma s\u0259viyy\u0259si il\u0259 h\u0259m daxili, h\u0259m d\u0259 xarici m\u00fchitl\u0259rd\u0259 effektiv n\u0259zar\u0259t t\u0259min edir. \ud83d\udcf8 \u018fsas X\u00fcsusiyy\u0259tl\u0259r: \u00c7\u00f6z\u00fcn\u00fcrl\u00fck: 2MP (1920 \u00d7 1080) Sensor: 1\/2.7&#8243; CMOS Minimum \u0130\u015f\u0131qland\u0131rma: 0.01 Lux @ (F2.0, AGC ON); 0 Lux (IR aktiv olduqda) Gec\u0259 G\u00f6r\u00fc\u015f\u00fc:&hellip;<\/p>\n","protected":false},"featured_media":19448,"comment_status":"open","ping_status":"closed","template":"","meta":[],"product_cat":[4016,2849],"product_tag":[3382,3132,2941,3379,2942,3380,3385,3381,3383,2937,3260,2939,2934,3718,3378,3135,3142,3071,3384],"class_list":{"0":"post-19447","1":"product","2":"type-product","3":"status-publish","4":"has-post-thumbnail","6":"product_cat-hikvision","7":"product_cat-videokameralar","8":"product_tag-camerainstallation","9":"product_tag-cctv","10":"product_tag-hikvision","11":"product_tag-hikvisioncamera","12":"product_tag-hikvisioncctv","13":"product_tag-hikvisionsecurity","14":"product_tag-hikvisionsolutions","15":"product_tag-hikvisionsystem","16":"product_tag-hikvisiontechnology","17":"product_tag-homesecurity","18":"product_tag-ipcamera","19":"product_tag-securitycamera","20":"product_tag-smartsecurity","21":"product_tag-sumqayithikvisionmusahidkamerasi","22":"product_tag-sumqayithikvision","23":"product_tag-surveillance","24":"product_tag-thluksizlik","25":"product_tag-thluksizlikkameralari","26":"product_tag-videosurveillance","27":"description-off","29":"first","30":"instock","31":"shipping-taxable","32":"purchasable","33":"product-type-simple"},"_links":{"self":[{"href":"https:\/\/setap.az\/index.php?rest_route=\/wp\/v2\/product\/19447","targetHints":{"allow":["GET"]}}],"collection":[{"href":"https:\/\/setap.az\/index.php?rest_route=\/wp\/v2\/product"}],"about":[{"href":"https:\/\/setap.az\/index.php?rest_route=\/wp\/v2\/types\/product"}],"replies":[{"embeddable":true,"href":"https:\/\/setap.az\/index.php?rest_route=%2Fwp%2Fv2%2Fcomments&post=19447"}],"wp:featuredmedia":[{"embeddable":true,"href":"https:\/\/setap.az\/index.php?rest_route=\/wp\/v2\/media\/19448"}],"wp:attachment":[{"href":"https:\/\/setap.az\/index.php?rest_route=%2Fwp%2Fv2%2Fmedia&parent=19447"}],"wp:term":[{"taxonomy":"product_cat","embeddable":true,"href":"https:\/\/setap.az\/index.php?rest_route=%2Fwp%2Fv2%2Fproduct_cat&post=19447"},{"taxonomy":"product_tag","embeddable":true,"href":"https:\/\/setap.az\/index.php?rest_route=%2Fwp%2Fv2%2Fproduct_tag&post=19447"}],"curies":[{"name":"wp","href":"https:\/\/api.w.org\/{rel}","templated":true}]}}