{"id":19449,"date":"2025-05-27T12:52:15","date_gmt":"2025-05-27T08:52:15","guid":{"rendered":"https:\/\/setap.az\/?post_type=product&#038;p=19449"},"modified":"2026-01-10T10:15:35","modified_gmt":"2026-01-10T06:15:35","slug":"hikvision-ds-2ce16d3t-it3f","status":"publish","type":"product","link":"https:\/\/setap.az\/?product=hikvision-ds-2ce16d3t-it3f","title":{"rendered":"Hikvision DS-2CE16D3T-IT3F 2MP Analoq kamera"},"content":{"rendered":"<p>Hikvision DS-2CE16D3T-IT3F \u2014 bu analogue (TurboHD) 2 MP bullet kamera<br \/>\n2 MP HD-TVI\/analog bullet kamera (TVI\/AHD\/CVI\/CVBS)<br \/>\n\u00c7\u00f6z\u00fcn\u00fcrl\u00fck: 1920\u00d71080 (Full HD)<br \/>\nGec\u0259g\u00f6rm\u0259: EXIR 2.0 infraq\u0131rm\u0131z\u0131 i\u015f\u0131qla t\u0259xmin\u0259n 50 m q\u0259d\u0259r gec\u0259 g\u00f6r\u00fcnt\u00fcs\u00fc<br \/>\nVideo \u00e7\u0131x\u0131\u015f\u0131: 4-\u00fc 1-d\u0259 (TVI \/ AHD \/ CVI \/ CVBS) \u2014 m\u00fcxt\u0259lif DVR sisteml\u0259ri il\u0259 uy\u011fun<br \/>\nWDR v\u0259 t\u0259kmill\u0259\u015fdirm\u0259: \u2265120 dB True WDR, 3D DNR, BLC\/HLC g\u00f6r\u00fcnt\u00fc optimizasiyas\u0131<br \/>\nLens variantlar\u0131: 2.8 mm, 3.6 mm, 6 mm, 8 mm, 12 mm (f\u0259rqli bax\u0131\u015f bucaqlar\u0131)<br \/>\nDayan\u0131ql\u0131q: IP67 su v\u0259 tozdan qoruma \u2014 \u00e7\u00f6ld\u0259 istifad\u0259y\u0259 uy\u011fundur<br \/>\nEnerji v\u0259 i\u015f \u015f\u0259raiti: 12 V DC, max ~5.6 W, i\u015fl\u0259m\u0259: -40\u00b0C \u2026 +60\u00b0C<br \/>\n\u2714Kiml\u0259r \u00fc\u00e7\u00fcn daha uy\u011fundur?<br \/>\nEv v\u0259 h\u0259y\u0259t sah\u0259l\u0259ri<br \/>\nAnbar v\u0259 zavod \u0259razil\u0259ri<br \/>\nObyekt, servis, avtodayanacaq<br \/>\nUzaq m\u0259saf\u0259li n\u0259zar\u0259t t\u0259l\u0259b olunan yerl\u0259r<\/p>\n","protected":false},"excerpt":{"rendered":"<p>Hikvision DS-2CE16D3T-IT3F \u2014 bu analogue (TurboHD) 2 MP bullet kamera 2 MP HD-TVI\/analog bullet kamera (TVI\/AHD\/CVI\/CVBS) \u00c7\u00f6z\u00fcn\u00fcrl\u00fck: 1920\u00d71080 (Full HD) Gec\u0259g\u00f6rm\u0259: EXIR 2.0 infraq\u0131rm\u0131z\u0131 i\u015f\u0131qla t\u0259xmin\u0259n 50 m q\u0259d\u0259r gec\u0259 g\u00f6r\u00fcnt\u00fcs\u00fc Video \u00e7\u0131x\u0131\u015f\u0131: 4-\u00fc 1-d\u0259 (TVI \/ AHD \/ CVI \/ CVBS) \u2014 m\u00fcxt\u0259lif DVR sisteml\u0259ri il\u0259 uy\u011fun WDR v\u0259 t\u0259kmill\u0259\u015fdirm\u0259: \u2265120 dB True WDR,&hellip;<\/p>\n","protected":false},"featured_media":19450,"comment_status":"open","ping_status":"closed","template":"","meta":[],"product_cat":[2802,4016,2849,2841],"product_tag":[3382,3132,2941,3379,2942,3380,3385,3381,3383,2937,3260,2939,2934,3718,3378,3135,3142,3071,3384],"class_list":{"0":"post-19449","1":"product","2":"type-product","3":"status-publish","4":"has-post-thumbnail","6":"product_cat-analoq","7":"product_cat-hikvision","8":"product_cat-videokameralar","9":"product_cat-videonzart","10":"product_tag-camerainstallation","11":"product_tag-cctv","12":"product_tag-hikvision","13":"product_tag-hikvisioncamera","14":"product_tag-hikvisioncctv","15":"product_tag-hikvisionsecurity","16":"product_tag-hikvisionsolutions","17":"product_tag-hikvisionsystem","18":"product_tag-hikvisiontechnology","19":"product_tag-homesecurity","20":"product_tag-ipcamera","21":"product_tag-securitycamera","22":"product_tag-smartsecurity","23":"product_tag-sumqayithikvisionmusahidkamerasi","24":"product_tag-sumqayithikvision","25":"product_tag-surveillance","26":"product_tag-thluksizlik","27":"product_tag-thluksizlikkameralari","28":"product_tag-videosurveillance","29":"description-off","31":"first","32":"instock","33":"shipping-taxable","34":"purchasable","35":"product-type-simple"},"_links":{"self":[{"href":"https:\/\/setap.az\/index.php?rest_route=\/wp\/v2\/product\/19449","targetHints":{"allow":["GET"]}}],"collection":[{"href":"https:\/\/setap.az\/index.php?rest_route=\/wp\/v2\/product"}],"about":[{"href":"https:\/\/setap.az\/index.php?rest_route=\/wp\/v2\/types\/product"}],"replies":[{"embeddable":true,"href":"https:\/\/setap.az\/index.php?rest_route=%2Fwp%2Fv2%2Fcomments&post=19449"}],"wp:featuredmedia":[{"embeddable":true,"href":"https:\/\/setap.az\/index.php?rest_route=\/wp\/v2\/media\/19450"}],"wp:attachment":[{"href":"https:\/\/setap.az\/index.php?rest_route=%2Fwp%2Fv2%2Fmedia&parent=19449"}],"wp:term":[{"taxonomy":"product_cat","embeddable":true,"href":"https:\/\/setap.az\/index.php?rest_route=%2Fwp%2Fv2%2Fproduct_cat&post=19449"},{"taxonomy":"product_tag","embeddable":true,"href":"https:\/\/setap.az\/index.php?rest_route=%2Fwp%2Fv2%2Fproduct_tag&post=19449"}],"curies":[{"name":"wp","href":"https:\/\/api.w.org\/{rel}","templated":true}]}}