{"id":19452,"date":"2025-05-27T13:31:31","date_gmt":"2025-05-27T09:31:31","guid":{"rendered":"https:\/\/setap.az\/?post_type=product&#038;p=19452"},"modified":"2026-01-10T10:06:23","modified_gmt":"2026-01-10T06:06:23","slug":"hikvision-ds-2ce16d0t-exit","status":"publish","type":"product","link":"https:\/\/setap.az\/?product=hikvision-ds-2ce16d0t-exit","title":{"rendered":"Hikvision DS-2CE16D0T-EXIT 2MP Analoq kamera"},"content":{"rendered":"<p>Hikvision DS-2CE16D0T-EXIPF, 2MP \u00e7\u00f6z\u00fcn\u00fcrl\u00fckl\u00fc, sabit mini bullet tipli t\u0259hl\u00fck\u0259sizlik kameras\u0131d\u0131r. Bu model, y\u00fcks\u0259k g\u00f6r\u00fcnt\u00fc keyfiyy\u0259ti, gec\u0259 g\u00f6r\u00fcnt\u00fcs\u00fc v\u0259 hava \u015f\u0259raitin\u0259 davaml\u0131 dizayn\u0131 il\u0259 h\u0259m daxili, h\u0259m d\u0259 xarici m\u00fchitl\u0259rd\u0259 effektiv n\u0259zar\u0259t t\u0259min edir.<br \/>\n\ud83d\udcf8 \u018fsas X\u00fcsusiyy\u0259tl\u0259r:<br \/>\n\u00c7\u00f6z\u00fcn\u00fcrl\u00fck: 2MP (1920 \u00d7 1080)<br \/>\nSensor: 1\/2.7&#8243; CMOS<br \/>\nMinimum \u0130\u015f\u0131qland\u0131rma: 0.02 Lux @ (F1.2, AGC ON); 0 Lux (IR aktiv olduqda)<br \/>\nGec\u0259 G\u00f6r\u00fc\u015f\u00fc: Smart IR texnologiyas\u0131 il\u0259 20 metr\u0259 q\u0259d\u0259r<br \/>\nLinza Se\u00e7iml\u0259ri: 2.8 mm v\u0259 3.6 mm sabit linzalar<br \/>\nG\u00f6r\u00fc\u015f Bucaq\u0131:<br \/>\n2.8 mm: \u00dcf\u00fcqi 96.5\u00b0, \u015eaquli 48.9\u00b0, Diagonal 120.5\u00b0<br \/>\n3.6 mm: \u00dcf\u00fcqi 76.9\u00b0, \u015eaquli 40.6\u00b0, Diagonal 92.0\u00b0<br \/>\nVideo \u00c7\u0131x\u0131\u015f\u0131: TVI\/AHD\/CVI\/CVBS formatlar\u0131nda \u00e7\u0131x\u0131\u015f d\u0259st\u0259yi<br \/>\nG\u00f6r\u00fcnt\u00fc T\u0259kmill\u0259\u015fdirm\u0259: DWDR, BLC, 2D DNR<br \/>\nQoruma S\u0259viyy\u0259si: IP67 (suya v\u0259 toza davaml\u0131)<br \/>\n\u018fm\u0259liyyat Temperaturu: -40\u00b0C-d\u0259n +60\u00b0C-y\u0259 q\u0259d\u0259r<br \/>\nEnerji T\u0259chizat\u0131: 12 VDC \u00b125%, maksimum 3.3W istehlak<br \/>\nMaterial: Plastik korpus<br \/>\n\u00d6l\u00e7\u00fcl\u0259r: 138.8 mm \u00d7 60.9 mm \u00d7 57.9 mm<\/p>\n","protected":false},"excerpt":{"rendered":"<p>Hikvision DS-2CE16D0T-EXIPF, 2MP \u00e7\u00f6z\u00fcn\u00fcrl\u00fckl\u00fc, sabit mini bullet tipli t\u0259hl\u00fck\u0259sizlik kameras\u0131d\u0131r. Bu model, y\u00fcks\u0259k g\u00f6r\u00fcnt\u00fc keyfiyy\u0259ti, gec\u0259 g\u00f6r\u00fcnt\u00fcs\u00fc v\u0259 hava \u015f\u0259raitin\u0259 davaml\u0131 dizayn\u0131 il\u0259 h\u0259m daxili, h\u0259m d\u0259 xarici m\u00fchitl\u0259rd\u0259 effektiv n\u0259zar\u0259t t\u0259min edir. \ud83d\udcf8 \u018fsas X\u00fcsusiyy\u0259tl\u0259r: \u00c7\u00f6z\u00fcn\u00fcrl\u00fck: 2MP (1920 \u00d7 1080) Sensor: 1\/2.7&#8243; CMOS Minimum \u0130\u015f\u0131qland\u0131rma: 0.02 Lux @ (F1.2, AGC ON); 0 Lux (IR&hellip;<\/p>\n","protected":false},"featured_media":19453,"comment_status":"open","ping_status":"closed","template":"","meta":[],"product_cat":[2802,4016,5271,2841],"product_tag":[3382,3132,2941,3379,2942,3380,3385,3381,3383,2937,3260,2939,2934,3718,3378,3135,3142,3071,3384],"class_list":{"0":"post-19452","1":"product","2":"type-product","3":"status-publish","4":"has-post-thumbnail","6":"product_cat-analoq","7":"product_cat-hikvision","8":"product_cat-thluksizlik-kamerasi","9":"product_cat-videonzart","10":"product_tag-camerainstallation","11":"product_tag-cctv","12":"product_tag-hikvision","13":"product_tag-hikvisioncamera","14":"product_tag-hikvisioncctv","15":"product_tag-hikvisionsecurity","16":"product_tag-hikvisionsolutions","17":"product_tag-hikvisionsystem","18":"product_tag-hikvisiontechnology","19":"product_tag-homesecurity","20":"product_tag-ipcamera","21":"product_tag-securitycamera","22":"product_tag-smartsecurity","23":"product_tag-sumqayithikvisionmusahidkamerasi","24":"product_tag-sumqayithikvision","25":"product_tag-surveillance","26":"product_tag-thluksizlik","27":"product_tag-thluksizlikkameralari","28":"product_tag-videosurveillance","29":"description-off","31":"first","32":"instock","33":"shipping-taxable","34":"purchasable","35":"product-type-simple"},"_links":{"self":[{"href":"https:\/\/setap.az\/index.php?rest_route=\/wp\/v2\/product\/19452","targetHints":{"allow":["GET"]}}],"collection":[{"href":"https:\/\/setap.az\/index.php?rest_route=\/wp\/v2\/product"}],"about":[{"href":"https:\/\/setap.az\/index.php?rest_route=\/wp\/v2\/types\/product"}],"replies":[{"embeddable":true,"href":"https:\/\/setap.az\/index.php?rest_route=%2Fwp%2Fv2%2Fcomments&post=19452"}],"wp:featuredmedia":[{"embeddable":true,"href":"https:\/\/setap.az\/index.php?rest_route=\/wp\/v2\/media\/19453"}],"wp:attachment":[{"href":"https:\/\/setap.az\/index.php?rest_route=%2Fwp%2Fv2%2Fmedia&parent=19452"}],"wp:term":[{"taxonomy":"product_cat","embeddable":true,"href":"https:\/\/setap.az\/index.php?rest_route=%2Fwp%2Fv2%2Fproduct_cat&post=19452"},{"taxonomy":"product_tag","embeddable":true,"href":"https:\/\/setap.az\/index.php?rest_route=%2Fwp%2Fv2%2Fproduct_tag&post=19452"}],"curies":[{"name":"wp","href":"https:\/\/api.w.org\/{rel}","templated":true}]}}