{"id":19456,"date":"2025-05-27T14:25:19","date_gmt":"2025-05-27T10:25:19","guid":{"rendered":"https:\/\/setap.az\/?post_type=product&#038;p=19456"},"modified":"2025-05-27T14:25:19","modified_gmt":"2025-05-27T10:25:19","slug":"gm017-oyun-qulaqligi","status":"publish","type":"product","link":"https:\/\/setap.az\/?product=gm017-oyun-qulaqligi","title":{"rendered":"GM017 Oyun qulaql\u0131\u011f\u0131"},"content":{"rendered":"<p>1. ST-Standard GM-017 Gaming Headset (Oyun Qulaql\u0131\u011f\u0131)<br \/>\nST-Standard GM-017, oyun\u00e7ular \u00fc\u00e7\u00fcn n\u0259z\u0259rd\u0259 tutulmu\u015f stereo qulaql\u0131qd\u0131r.<br \/>\n\u018fsas x\u00fcsusiyy\u0259tl\u0259ri:<br \/>\n LED i\u015f\u0131ql\u0131, mikrafonlu<br \/>\n&#8211; Dinamik: 40mm<br \/>\n&#8211; H\u0259ssasl\u0131q: 115db<br \/>\n&#8211; Kabel: 2.0\/0.3m<br \/>\n&#8211; Oyun konsollar\u0131, Komp\u00fcterl\u0259r, Mp3 musiqi pleyerl\u0259ri, Hifi sterio, v\u0259 mobil cihazlarla uy\u011funluq<br \/>\n&#8211; S\u0259s k\u00fcy izolyasiyal\u0131.<br \/>\n7.1 surround s\u0259s d\u0259st\u0259yi<br \/>\nRGB i\u015f\u0131qland\u0131rma<br \/>\nKomfortlu v\u0259 uzun m\u00fcdd\u0259t istifad\u0259 \u00fc\u00e7\u00fcn uy\u011fun dizayn<\/p>\n","protected":false},"excerpt":{"rendered":"<p>1. ST-Standard GM-017 Gaming Headset (Oyun Qulaql\u0131\u011f\u0131) ST-Standard GM-017, oyun\u00e7ular \u00fc\u00e7\u00fcn n\u0259z\u0259rd\u0259 tutulmu\u015f stereo qulaql\u0131qd\u0131r. \u018fsas x\u00fcsusiyy\u0259tl\u0259ri: LED i\u015f\u0131ql\u0131, mikrafonlu &#8211; Dinamik: 40mm &#8211; H\u0259ssasl\u0131q: 115db &#8211; Kabel: 2.0\/0.3m &#8211; Oyun konsollar\u0131, Komp\u00fcterl\u0259r, Mp3 musiqi pleyerl\u0259ri, Hifi sterio, v\u0259 mobil cihazlarla uy\u011funluq &#8211; S\u0259s k\u00fcy izolyasiyal\u0131. 7.1 surround s\u0259s d\u0259st\u0259yi RGB i\u015f\u0131qland\u0131rma Komfortlu v\u0259 uzun&hellip;<\/p>\n","protected":false},"featured_media":19457,"comment_status":"open","ping_status":"closed","template":"","meta":[],"product_cat":[3624],"product_tag":[3629,3832,3630,3666,3632,3833,3834,3835,3664,3626,3627],"class_list":{"0":"post-19456","1":"product","2":"type-product","3":"status-publish","4":"has-post-thumbnail","6":"product_cat-qulaqliqlar","7":"product_tag-40mmdinamik","8":"product_tag-gm017","9":"product_tag-hssasliq115db","10":"product_tag-hifisterio","11":"product_tag-kabel2m","12":"product_tag-ledisiqliqulaqliq","13":"product_tag-mikrafonluqulaqliq","14":"product_tag-mp3pleyer","15":"product_tag-oyunkonsollari","16":"product_tag-oyunqulaqligi","17":"product_tag-sskuyizolyasiyasi","18":"description-off","20":"first","21":"instock","22":"shipping-taxable","23":"purchasable","24":"product-type-simple"},"_links":{"self":[{"href":"https:\/\/setap.az\/index.php?rest_route=\/wp\/v2\/product\/19456","targetHints":{"allow":["GET"]}}],"collection":[{"href":"https:\/\/setap.az\/index.php?rest_route=\/wp\/v2\/product"}],"about":[{"href":"https:\/\/setap.az\/index.php?rest_route=\/wp\/v2\/types\/product"}],"replies":[{"embeddable":true,"href":"https:\/\/setap.az\/index.php?rest_route=%2Fwp%2Fv2%2Fcomments&post=19456"}],"wp:featuredmedia":[{"embeddable":true,"href":"https:\/\/setap.az\/index.php?rest_route=\/wp\/v2\/media\/19457"}],"wp:attachment":[{"href":"https:\/\/setap.az\/index.php?rest_route=%2Fwp%2Fv2%2Fmedia&parent=19456"}],"wp:term":[{"taxonomy":"product_cat","embeddable":true,"href":"https:\/\/setap.az\/index.php?rest_route=%2Fwp%2Fv2%2Fproduct_cat&post=19456"},{"taxonomy":"product_tag","embeddable":true,"href":"https:\/\/setap.az\/index.php?rest_route=%2Fwp%2Fv2%2Fproduct_tag&post=19456"}],"curies":[{"name":"wp","href":"https:\/\/api.w.org\/{rel}","templated":true}]}}