{"id":19458,"date":"2025-05-27T16:20:28","date_gmt":"2025-05-27T12:20:28","guid":{"rendered":"https:\/\/setap.az\/?post_type=product&#038;p=19458"},"modified":"2025-05-27T16:20:29","modified_gmt":"2025-05-27T12:20:29","slug":"jedel-gm1100-oyun-sicani","status":"publish","type":"product","link":"https:\/\/setap.az\/?product=jedel-gm1100-oyun-sicani","title":{"rendered":"Jedel GM1100 Oyun si\u00e7an\u0131"},"content":{"rendered":"<p>Jedel GM1100, oyun\u00e7ular v\u0259 g\u00fcnd\u0259lik istifad\u0259\u00e7il\u0259r \u00fc\u00e7\u00fcn n\u0259z\u0259rd\u0259 tutulmu\u015f, RGB i\u015f\u0131ql\u0131 v\u0259 y\u00fcks\u0259k h\u0259ssasiyy\u0259tli optik si\u00e7and\u0131r. Bu si\u00e7an, h\u0259m komp\u00fcter, h\u0259m d\u0259 noutbuk istifad\u0259\u00e7il\u0259ri \u00fc\u00e7\u00fcn uy\u011fun olub, x\u00fcsusil\u0259 oyun t\u0259cr\u00fcb\u0259sini art\u0131rmaq \u00fc\u00e7\u00fcn n\u0259z\u0259rd\u0259 tutulmu\u015fdur.<br \/>\n\u018fsas X\u00fcsusiyy\u0259tl\u0259r:<br \/>\nDPI H\u0259ssasiyy\u0259ti: 800-d\u0259n 6400-\u0259 q\u0259d\u0259r t\u0259nziml\u0259n\u0259 bil\u0259n 7D optik sensor.<br \/>\nBa\u011flant\u0131: USB kabeli il\u0259 qo\u015fulur.<br \/>\nErqonomik Dizayn: H\u0259m sa\u011f, h\u0259m d\u0259 sol \u0259ll\u0259 istifad\u0259 \u00fc\u00e7\u00fcn uy\u011fun, uzun m\u00fcdd\u0259tli istifad\u0259 \u00fc\u00e7\u00fcn rahatd\u0131r.<br \/>\nRGB \u0130\u015f\u0131qland\u0131rma: Dinamik RGB i\u015f\u0131qlar\u0131 il\u0259 t\u0259chiz olunmu\u015fdur.<br \/>\nMaterial: Y\u00fcks\u0259k keyfiyy\u0259tli ABS plastikd\u0259n haz\u0131rlanm\u0131\u015fd\u0131r.<br \/>\nUy\u011funluq: Windows XP, 7, 8, 10 v\u0259 Mac OS il\u0259 uy\u011fun g\u0259lir.<br \/>\nKabel Uzunlu\u011fu: 1.5 metr<\/p>\n","protected":false},"excerpt":{"rendered":"<p>Jedel GM1100, oyun\u00e7ular v\u0259 g\u00fcnd\u0259lik istifad\u0259\u00e7il\u0259r \u00fc\u00e7\u00fcn n\u0259z\u0259rd\u0259 tutulmu\u015f, RGB i\u015f\u0131ql\u0131 v\u0259 y\u00fcks\u0259k h\u0259ssasiyy\u0259tli optik si\u00e7and\u0131r. Bu si\u00e7an, h\u0259m komp\u00fcter, h\u0259m d\u0259 noutbuk istifad\u0259\u00e7il\u0259ri \u00fc\u00e7\u00fcn uy\u011fun olub, x\u00fcsusil\u0259 oyun t\u0259cr\u00fcb\u0259sini art\u0131rmaq \u00fc\u00e7\u00fcn n\u0259z\u0259rd\u0259 tutulmu\u015fdur. \u018fsas X\u00fcsusiyy\u0259tl\u0259r: DPI H\u0259ssasiyy\u0259ti: 800-d\u0259n 6400-\u0259 q\u0259d\u0259r t\u0259nziml\u0259n\u0259 bil\u0259n 7D optik sensor. Ba\u011flant\u0131: USB kabeli il\u0259 qo\u015fulur. Erqonomik Dizayn: H\u0259m sa\u011f,&hellip;<\/p>\n","protected":false},"featured_media":19459,"comment_status":"open","ping_status":"closed","template":"","meta":[],"product_cat":[3508],"product_tag":[3841,3840,3844,3845,3672,3850,3842,3566,3848,3556,3836,3849,3682,3693,3837,3851,3839,3838,3847,3843,3846],"class_list":{"0":"post-19458","1":"product","2":"type-product","3":"status-publish","4":"has-post-thumbnail","6":"product_cat-klavyatura-v-sicanlar","7":"product_tag-1600dpi","8":"product_tag-3200dpi","9":"product_tag-absmaterial","10":"product_tag-dizayncizimi","11":"product_tag-erqonomiksican","12":"product_tag-gameon","13":"product_tag-gamerlife","14":"product_tag-gamingmouse","15":"product_tag-gamingsetup","16":"product_tag-jedel","17":"product_tag-jedelgm1100","18":"product_tag-oyunaksesuarlari","19":"product_tag-oyunsicani","20":"product_tag-oyuntexnologiyalari","21":"product_tag-professionalsican","22":"product_tag-progamingmouse","23":"product_tag-rgblighting","24":"product_tag-rgbmouse","25":"product_tag-rgbrejimi","26":"product_tag-sicanmaterial","27":"product_tag-telorgusu","28":"description-off","30":"first","31":"instock","32":"shipping-taxable","33":"purchasable","34":"product-type-simple"},"_links":{"self":[{"href":"https:\/\/setap.az\/index.php?rest_route=\/wp\/v2\/product\/19458","targetHints":{"allow":["GET"]}}],"collection":[{"href":"https:\/\/setap.az\/index.php?rest_route=\/wp\/v2\/product"}],"about":[{"href":"https:\/\/setap.az\/index.php?rest_route=\/wp\/v2\/types\/product"}],"replies":[{"embeddable":true,"href":"https:\/\/setap.az\/index.php?rest_route=%2Fwp%2Fv2%2Fcomments&post=19458"}],"wp:featuredmedia":[{"embeddable":true,"href":"https:\/\/setap.az\/index.php?rest_route=\/wp\/v2\/media\/19459"}],"wp:attachment":[{"href":"https:\/\/setap.az\/index.php?rest_route=%2Fwp%2Fv2%2Fmedia&parent=19458"}],"wp:term":[{"taxonomy":"product_cat","embeddable":true,"href":"https:\/\/setap.az\/index.php?rest_route=%2Fwp%2Fv2%2Fproduct_cat&post=19458"},{"taxonomy":"product_tag","embeddable":true,"href":"https:\/\/setap.az\/index.php?rest_route=%2Fwp%2Fv2%2Fproduct_tag&post=19458"}],"curies":[{"name":"wp","href":"https:\/\/api.w.org\/{rel}","templated":true}]}}