{"id":19460,"date":"2025-05-27T16:56:04","date_gmt":"2025-05-27T12:56:04","guid":{"rendered":"https:\/\/setap.az\/?post_type=product&#038;p=19460"},"modified":"2025-05-27T16:56:04","modified_gmt":"2025-05-27T12:56:04","slug":"jedel-808-qulaqliq","status":"publish","type":"product","link":"https:\/\/setap.az\/?product=jedel-808-qulaqliq","title":{"rendered":"Jedel 808 qulaql\u0131q"},"content":{"rendered":"<p>Model: Jedel 808<br \/>\n&#8211; N\u00f6v: simli qulaql\u0131q<br \/>\n&#8211; Akustik dizayn n\u00f6v\u00fc: Qapal\u0131<br \/>\n&#8211; Mikrafon dizayn\u0131: Daxili kabel<br \/>\n&#8211; Kabel uzunlu\u011fu: 1.5m<br \/>\n&#8211; Fi\u015fin formas\u0131: D\u00fcz<br \/>\n&#8211; Tezlik diapazonu: 2020000Hz<br \/>\n&#8211; Qulaq h\u0259ssasl\u0131\u011f\u0131: 108 db<br \/>\n&#8211; Dinamik: 40mm<br \/>\n&#8211; R\u0259ng: Qara<br \/>\n&#8211; Mikrafonlu naqilli qulaql\u0131q. Musiqi dinl\u0259m\u0259k v\u0259 s\u0259sli s\u00f6hb\u0259tl\u0259r aparmaq \u00fc\u00e7\u00fcn rahat v\u0259 keyfiyy\u0259tli qulaql\u0131q.<br \/>\n&#8211; Qulaql\u0131q z\u0259ng zaman\u0131 ayd\u0131n s\u0259s t\u0259min ed\u0259n y\u00fcks\u0259k h\u0259ssas mikrafonla t\u0259chiz edilmi\u015fdir.<br \/>\n&#8211; 1.5m uzunluqdak\u0131 kabel s\u0259rb\u0259st h\u0259r\u0259k\u0259t etm\u0259y\u0259 imkan verir v\u0259 istifad\u0259\u00e7inin h\u0259r\u0259k\u0259tini m\u0259hdudla\u015fd\u0131rm\u0131r.<br \/>\n&#8211; Smartfonlar, Plan\u015fetl\u0259r, noutboklar v\u0259 f\u0259rdi cihazlara uy\u011fun g\u0259lir.<\/p>\n","protected":false},"excerpt":{"rendered":"<p>Model: Jedel 808 &#8211; N\u00f6v: simli qulaql\u0131q &#8211; Akustik dizayn n\u00f6v\u00fc: Qapal\u0131 &#8211; Mikrafon dizayn\u0131: Daxili kabel &#8211; Kabel uzunlu\u011fu: 1.5m &#8211; Fi\u015fin formas\u0131: D\u00fcz &#8211; Tezlik diapazonu: 2020000Hz &#8211; Qulaq h\u0259ssasl\u0131\u011f\u0131: 108 db &#8211; Dinamik: 40mm &#8211; R\u0259ng: Qara &#8211; Mikrafonlu naqilli qulaql\u0131q. Musiqi dinl\u0259m\u0259k v\u0259 s\u0259sli s\u00f6hb\u0259tl\u0259r aparmaq \u00fc\u00e7\u00fcn rahat v\u0259 keyfiyy\u0259tli qulaql\u0131q.&hellip;<\/p>\n","protected":false},"featured_media":19461,"comment_status":"open","ping_status":"closed","template":"","meta":[],"product_cat":[3624],"product_tag":[3858,3852,3854,3834,3853,3857,3626,3859,3856,3855],"class_list":{"0":"post-19460","1":"product","2":"type-product","3":"status-publish","4":"has-post-thumbnail","6":"product_cat-qulaqliqlar","7":"product_tag-frdicihazlar","8":"product_tag-jedel808","9":"product_tag-kabeluzunlugu1-5m","10":"product_tag-mikrafonluqulaqliq","11":"product_tag-naqilliqulaqliq","12":"product_tag-noutbuklar","13":"product_tag-oyunqulaqligi","14":"product_tag-oyunveylnc","15":"product_tag-plansetlr","16":"product_tag-smartfonlar","17":"description-off","19":"first","20":"instock","21":"shipping-taxable","22":"purchasable","23":"product-type-simple"},"_links":{"self":[{"href":"https:\/\/setap.az\/index.php?rest_route=\/wp\/v2\/product\/19460","targetHints":{"allow":["GET"]}}],"collection":[{"href":"https:\/\/setap.az\/index.php?rest_route=\/wp\/v2\/product"}],"about":[{"href":"https:\/\/setap.az\/index.php?rest_route=\/wp\/v2\/types\/product"}],"replies":[{"embeddable":true,"href":"https:\/\/setap.az\/index.php?rest_route=%2Fwp%2Fv2%2Fcomments&post=19460"}],"wp:featuredmedia":[{"embeddable":true,"href":"https:\/\/setap.az\/index.php?rest_route=\/wp\/v2\/media\/19461"}],"wp:attachment":[{"href":"https:\/\/setap.az\/index.php?rest_route=%2Fwp%2Fv2%2Fmedia&parent=19460"}],"wp:term":[{"taxonomy":"product_cat","embeddable":true,"href":"https:\/\/setap.az\/index.php?rest_route=%2Fwp%2Fv2%2Fproduct_cat&post=19460"},{"taxonomy":"product_tag","embeddable":true,"href":"https:\/\/setap.az\/index.php?rest_route=%2Fwp%2Fv2%2Fproduct_tag&post=19460"}],"curies":[{"name":"wp","href":"https:\/\/api.w.org\/{rel}","templated":true}]}}