{"id":19466,"date":"2025-05-30T12:40:33","date_gmt":"2025-05-30T08:40:33","guid":{"rendered":"https:\/\/setap.az\/?post_type=product&#038;p=19466"},"modified":"2025-06-23T15:12:17","modified_gmt":"2025-06-23T11:12:17","slug":"gm-003-oyun-qulaqligi","status":"publish","type":"product","link":"https:\/\/setap.az\/?product=gm-003-oyun-qulaqligi","title":{"rendered":"GM-003 oyun qulaql\u0131\u011f\u0131"},"content":{"rendered":"<p>\ud83d\udd39 GM-003 oyun qulaql\u0131\u011f\u0131<br \/>\n&#8211; Y\u00fcks\u0259k d\u0259qiqlikli oyun qulaql\u0131\u011f\u0131<br \/>\n&#8211; S\u0259s-k\u00fcy\u00fcn t\u0259sirinin azald\u0131lmas\u0131<br \/>\n&#8211; Oyun konsollar\u0131nda, MP3 musiqi pleyerl\u0259rind\u0259, telefonlarda rahatl\u0131qla istifad\u0259 etm\u0259k olar.<br \/>\n&#8211; H\u0259ssasl\u0131q: 115db<br \/>\n&#8211; \u015eunur: 1.5m<br \/>\n&#8211; 360* vibrasiya s\u0259si<br \/>\n&#8211; T\u0259nziml\u0259n\u0259n s\u0259s s\u0259viyy\u0259si<\/p>\n","protected":false},"excerpt":{"rendered":"<p>\ud83d\udd39 GM-003 oyun qulaql\u0131\u011f\u0131 &#8211; Y\u00fcks\u0259k d\u0259qiqlikli oyun qulaql\u0131\u011f\u0131 &#8211; S\u0259s-k\u00fcy\u00fcn t\u0259sirinin azald\u0131lmas\u0131 &#8211; Oyun konsollar\u0131nda, MP3 musiqi pleyerl\u0259rind\u0259, telefonlarda rahatl\u0131qla istifad\u0259 etm\u0259k olar. &#8211; H\u0259ssasl\u0131q: 115db &#8211; \u015eunur: 1.5m &#8211; 360* vibrasiya s\u0259si &#8211; T\u0259nziml\u0259n\u0259n s\u0259s s\u0259viyy\u0259si<\/p>\n","protected":false},"featured_media":19467,"comment_status":"open","ping_status":"closed","template":"","meta":[],"product_cat":[2823,2824,3624],"product_tag":[3635,3864,3630,3665,3664,3626,3627,3867,3866,3628,3865],"class_list":{"0":"post-19466","1":"product","2":"type-product","3":"status-publish","4":"has-post-thumbnail","6":"product_cat-kompyuter-aksesuarlari","7":"product_cat-noutbuklar-v-aksesuarlar","8":"product_cat-qulaqliqlar","9":"product_tag-360vibrasiyassi","10":"product_tag-gm003","11":"product_tag-hssasliq115db","12":"product_tag-mp3musiqipleyerlri","13":"product_tag-oyunkonsollari","14":"product_tag-oyunqulaqligi","15":"product_tag-sskuyizolyasiyasi","16":"product_tag-sunur1-5m","17":"product_tag-telefonlar","18":"product_tag-tnzimlnnsssviyysi","19":"product_tag-yukskdqiqlik","20":"description-off","22":"first","23":"instock","24":"shipping-taxable","25":"purchasable","26":"product-type-simple"},"_links":{"self":[{"href":"https:\/\/setap.az\/index.php?rest_route=\/wp\/v2\/product\/19466","targetHints":{"allow":["GET"]}}],"collection":[{"href":"https:\/\/setap.az\/index.php?rest_route=\/wp\/v2\/product"}],"about":[{"href":"https:\/\/setap.az\/index.php?rest_route=\/wp\/v2\/types\/product"}],"replies":[{"embeddable":true,"href":"https:\/\/setap.az\/index.php?rest_route=%2Fwp%2Fv2%2Fcomments&post=19466"}],"wp:featuredmedia":[{"embeddable":true,"href":"https:\/\/setap.az\/index.php?rest_route=\/wp\/v2\/media\/19467"}],"wp:attachment":[{"href":"https:\/\/setap.az\/index.php?rest_route=%2Fwp%2Fv2%2Fmedia&parent=19466"}],"wp:term":[{"taxonomy":"product_cat","embeddable":true,"href":"https:\/\/setap.az\/index.php?rest_route=%2Fwp%2Fv2%2Fproduct_cat&post=19466"},{"taxonomy":"product_tag","embeddable":true,"href":"https:\/\/setap.az\/index.php?rest_route=%2Fwp%2Fv2%2Fproduct_tag&post=19466"}],"curies":[{"name":"wp","href":"https:\/\/api.w.org\/{rel}","templated":true}]}}