{"id":19471,"date":"2025-05-30T13:15:06","date_gmt":"2025-05-30T09:15:06","guid":{"rendered":"https:\/\/setap.az\/?post_type=product&#038;p=19471"},"modified":"2026-01-06T14:09:22","modified_gmt":"2026-01-06T10:09:22","slug":"klavyatura-meetion-k200","status":"publish","type":"product","link":"https:\/\/setap.az\/?product=klavyatura-meetion-k200","title":{"rendered":"Klavyatura Meetion K200"},"content":{"rendered":"<p>Klavyatura Model: Meetion K200<br \/>\n&#8211; K200 USB standart simli klavyatura, suya davaml\u0131 dizayn.<br \/>\n&#8211; \u0130stifad\u0259 zaman\u0131 klavyaturaya t\u0259sad\u00fcf\u0259n su, i\u00e7ki v\u0259 dig\u0259r mayel\u0259r s\u0131\u00e7rad\u0131qda sad\u0259c\u0259 klavyaturan\u0131 g\u00f6t\u00fcr\u00fcn yum\u015faq      silk\u0259l\u0259yin v\u0259 maye klavyaturan\u0131n alt\u0131ndak\u0131 suya davaml\u0131 yivd\u0259n axacaq. T\u0259mizl\u0259dikd\u0259n sonra istifad\u0259y\u0259 davam ed\u0259          bil\u0259rsiniz.<br \/>\n-Ofis, ev, a\u00e7\u0131q havada istirah\u0259t v\u0259 \u0259yl\u0259nc\u0259 v\u0259 s. \u00fc\u00e7\u00fcn uy\u011fundur.<br \/>\n-Kabel uzunlu\u011fu: 1.8\/0.01m<br \/>\n-A\u00e7arlar\u0131n say\u0131: 104\/105<\/p>\n","protected":false},"excerpt":{"rendered":"<p>Klavyatura Model: Meetion K200 &#8211; K200 USB standart simli klavyatura, suya davaml\u0131 dizayn. &#8211; \u0130stifad\u0259 zaman\u0131 klavyaturaya t\u0259sad\u00fcf\u0259n su, i\u00e7ki v\u0259 dig\u0259r mayel\u0259r s\u0131\u00e7rad\u0131qda sad\u0259c\u0259 klavyaturan\u0131 g\u00f6t\u00fcr\u00fcn yum\u015faq silk\u0259l\u0259yin v\u0259 maye klavyaturan\u0131n alt\u0131ndak\u0131 suya davaml\u0131 yivd\u0259n axacaq. T\u0259mizl\u0259dikd\u0259n sonra istifad\u0259y\u0259 davam ed\u0259 bil\u0259rsiniz. -Ofis, ev, a\u00e7\u0131q havada istirah\u0259t v\u0259 \u0259yl\u0259nc\u0259 v\u0259 s. \u00fc\u00e7\u00fcn uy\u011fundur. -Kabel&hellip;<\/p>\n","protected":false},"featured_media":19472,"comment_status":"open","ping_status":"closed","template":"","meta":[],"product_cat":[3508,2823,2824],"product_tag":[3817,3886,3888,3848,3882,3880,3879,3875,3881,3883,3878,3877,3884,3885,3876,3887],"class_list":{"0":"post-19471","1":"product","2":"type-product","3":"status-publish","4":"has-post-thumbnail","6":"product_cat-klavyatura-v-sicanlar","7":"product_cat-kompyuter-aksesuarlari","8":"product_cat-noutbuklar-v-aksesuarlar","9":"product_tag-comfortabletyping","10":"product_tag-durablekeyboard","11":"product_tag-eylence","12":"product_tag-gamingsetup","13":"product_tag-homeoffice","14":"product_tag-klavyaturatmizlm","15":"product_tag-mayethluksizlik","16":"product_tag-meetionk200","17":"product_tag-ofisgear","18":"product_tag-outdooruse","19":"product_tag-standartklavyatura","20":"product_tag-suyadavamlidizayn","21":"product_tag-suyadavamliklavyatura","22":"product_tag-techaccessories","23":"product_tag-usbklavyatura","24":"product_tag-waterproofkeyboard","25":"description-off","27":"first","28":"instock","29":"shipping-taxable","30":"purchasable","31":"product-type-simple"},"_links":{"self":[{"href":"https:\/\/setap.az\/index.php?rest_route=\/wp\/v2\/product\/19471","targetHints":{"allow":["GET"]}}],"collection":[{"href":"https:\/\/setap.az\/index.php?rest_route=\/wp\/v2\/product"}],"about":[{"href":"https:\/\/setap.az\/index.php?rest_route=\/wp\/v2\/types\/product"}],"replies":[{"embeddable":true,"href":"https:\/\/setap.az\/index.php?rest_route=%2Fwp%2Fv2%2Fcomments&post=19471"}],"wp:featuredmedia":[{"embeddable":true,"href":"https:\/\/setap.az\/index.php?rest_route=\/wp\/v2\/media\/19472"}],"wp:attachment":[{"href":"https:\/\/setap.az\/index.php?rest_route=%2Fwp%2Fv2%2Fmedia&parent=19471"}],"wp:term":[{"taxonomy":"product_cat","embeddable":true,"href":"https:\/\/setap.az\/index.php?rest_route=%2Fwp%2Fv2%2Fproduct_cat&post=19471"},{"taxonomy":"product_tag","embeddable":true,"href":"https:\/\/setap.az\/index.php?rest_route=%2Fwp%2Fv2%2Fproduct_tag&post=19471"}],"curies":[{"name":"wp","href":"https:\/\/api.w.org\/{rel}","templated":true}]}}