{"id":19473,"date":"2025-05-30T13:26:42","date_gmt":"2025-05-30T09:26:42","guid":{"rendered":"https:\/\/setap.az\/?post_type=product&#038;p=19473"},"modified":"2025-06-23T14:40:59","modified_gmt":"2025-06-23T10:40:59","slug":"c510-oyun-klavyaturasi-v%c9%99-sicani","status":"publish","type":"product","link":"https:\/\/setap.az\/?product=c510-oyun-klavyaturasi-v%c9%99-sicani","title":{"rendered":"C510 oyun klavyaturas\u0131 v\u0259 si\u00e7an\u0131"},"content":{"rendered":"<p>C510 oyun klavyaturas\u0131 v\u0259 si\u00e7an\u0131<br \/>\n&#8211; R\u0259ngar\u0259ng g\u00f6y qur\u015fa\u011f\u0131 arxa i\u015f\u0131\u011f\u0131<br \/>\n&#8211; Y\u00fcks\u0259k keyfiyy\u0259tli membran klavyatura, virtual mexaniki hiss<br \/>\n&#8211; Klavyatura d\u00fcz\u00fcm\u00fc 104\/105 \u0259d.<\/p>\n","protected":false},"excerpt":{"rendered":"<p>C510 oyun klavyaturas\u0131 v\u0259 si\u00e7an\u0131 &#8211; R\u0259ngar\u0259ng g\u00f6y qur\u015fa\u011f\u0131 arxa i\u015f\u0131\u011f\u0131 &#8211; Y\u00fcks\u0259k keyfiyy\u0259tli membran klavyatura, virtual mexaniki hiss &#8211; Klavyatura d\u00fcz\u00fcm\u00fc 104\/105 \u0259d.<\/p>\n","protected":false},"featured_media":19474,"comment_status":"open","ping_status":"closed","template":"","meta":[],"product_cat":[3508,2823,2824],"product_tag":[3894,3889,3020,3895,3566,3891,3892,3898,3460,3682,3693,3897,3890,3896,3893],"class_list":{"0":"post-19473","1":"product","2":"type-product","3":"status-publish","4":"has-post-thumbnail","6":"product_cat-klavyatura-v-sicanlar","7":"product_cat-kompyuter-aksesuarlari","8":"product_cat-noutbuklar-v-aksesuarlar","9":"product_tag-104duzum","10":"product_tag-c510","11":"product_tag-erqonomikdizayn","12":"product_tag-gamingkeyboard","13":"product_tag-gamingmouse","14":"product_tag-goyqursagiisigi","15":"product_tag-membranklavyatura","16":"product_tag-mouseandkeyboardset","17":"product_tag-oyunklavyaturasi","18":"product_tag-oyunsicani","19":"product_tag-oyuntexnologiyalari","20":"product_tag-precisiongaming","21":"product_tag-rngarngisiqlandirma","22":"product_tag-rgbbacklighting","23":"product_tag-virtualmexanikihiss","24":"description-off","26":"first","27":"instock","28":"shipping-taxable","29":"purchasable","30":"product-type-simple"},"_links":{"self":[{"href":"https:\/\/setap.az\/index.php?rest_route=\/wp\/v2\/product\/19473","targetHints":{"allow":["GET"]}}],"collection":[{"href":"https:\/\/setap.az\/index.php?rest_route=\/wp\/v2\/product"}],"about":[{"href":"https:\/\/setap.az\/index.php?rest_route=\/wp\/v2\/types\/product"}],"replies":[{"embeddable":true,"href":"https:\/\/setap.az\/index.php?rest_route=%2Fwp%2Fv2%2Fcomments&post=19473"}],"wp:featuredmedia":[{"embeddable":true,"href":"https:\/\/setap.az\/index.php?rest_route=\/wp\/v2\/media\/19474"}],"wp:attachment":[{"href":"https:\/\/setap.az\/index.php?rest_route=%2Fwp%2Fv2%2Fmedia&parent=19473"}],"wp:term":[{"taxonomy":"product_cat","embeddable":true,"href":"https:\/\/setap.az\/index.php?rest_route=%2Fwp%2Fv2%2Fproduct_cat&post=19473"},{"taxonomy":"product_tag","embeddable":true,"href":"https:\/\/setap.az\/index.php?rest_route=%2Fwp%2Fv2%2Fproduct_tag&post=19473"}],"curies":[{"name":"wp","href":"https:\/\/api.w.org\/{rel}","templated":true}]}}