{"id":19475,"date":"2025-05-30T13:53:50","date_gmt":"2025-05-30T09:53:50","guid":{"rendered":"https:\/\/setap.az\/?post_type=product&#038;p=19475"},"modified":"2025-06-23T14:40:29","modified_gmt":"2025-06-23T10:40:29","slug":"jedel-gk103-oyun-klavyaturasi-v%c9%99-sicani","status":"publish","type":"product","link":"https:\/\/setap.az\/?product=jedel-gk103-oyun-klavyaturasi-v%c9%99-sicani","title":{"rendered":"Jedel GK103 oyun klavyaturas\u0131 v\u0259 si\u00e7an\u0131"},"content":{"rendered":"<p>Jedel GK103 oyun klavyaturas\u0131 v\u0259 si\u00e7an\u0131<br \/>\n&#8211; 6d Si\u00e7an<br \/>\n&#8211; Simli<br \/>\n&#8211; R\u0259ng: Qara<br \/>\n&#8211; Kabel tipi: \u00d6rg\u00fcl\u00fc kabel<br \/>\n&#8211; Simli LED i\u015f\u0131ql\u0131 klavyatura v\u0259 si\u00e7an<br \/>\n&#8211; Qo\u015fulma: Simli &#8211; USB<\/p>\n","protected":false},"excerpt":{"rendered":"<p>Jedel GK103 oyun klavyaturas\u0131 v\u0259 si\u00e7an\u0131 &#8211; 6d Si\u00e7an &#8211; Simli &#8211; R\u0259ng: Qara &#8211; Kabel tipi: \u00d6rg\u00fcl\u00fc kabel &#8211; Simli LED i\u015f\u0131ql\u0131 klavyatura v\u0259 si\u00e7an &#8211; Qo\u015fulma: Simli &#8211; USB<\/p>\n","protected":false},"featured_media":19476,"comment_status":"open","ping_status":"closed","template":"","meta":[],"product_cat":[3508,2823,2824],"product_tag":[3901,3020,3899,3903,3908,3900,3906,3902,3907,3904,3905,3011],"class_list":{"0":"post-19475","1":"product","2":"type-product","3":"status-publish","4":"has-post-thumbnail","6":"product_cat-klavyatura-v-sicanlar","7":"product_cat-kompyuter-aksesuarlari","8":"product_cat-noutbuklar-v-aksesuarlar","9":"product_tag-6dsican","10":"product_tag-erqonomikdizayn","11":"product_tag-jedelgk103","12":"product_tag-orgulukabel-ledisiqliklavyatura","13":"product_tag-oyunelavlri","14":"product_tag-oyunklavyaturasivsicani","15":"product_tag-oyuntexnikasi","16":"product_tag-qaradizayn","17":"product_tag-rngliisiqlar","18":"product_tag-simlisican","19":"product_tag-usbqosulma","20":"product_tag-yukskperformans","21":"description-off","23":"first","24":"instock","25":"shipping-taxable","26":"purchasable","27":"product-type-simple"},"_links":{"self":[{"href":"https:\/\/setap.az\/index.php?rest_route=\/wp\/v2\/product\/19475","targetHints":{"allow":["GET"]}}],"collection":[{"href":"https:\/\/setap.az\/index.php?rest_route=\/wp\/v2\/product"}],"about":[{"href":"https:\/\/setap.az\/index.php?rest_route=\/wp\/v2\/types\/product"}],"replies":[{"embeddable":true,"href":"https:\/\/setap.az\/index.php?rest_route=%2Fwp%2Fv2%2Fcomments&post=19475"}],"wp:featuredmedia":[{"embeddable":true,"href":"https:\/\/setap.az\/index.php?rest_route=\/wp\/v2\/media\/19476"}],"wp:attachment":[{"href":"https:\/\/setap.az\/index.php?rest_route=%2Fwp%2Fv2%2Fmedia&parent=19475"}],"wp:term":[{"taxonomy":"product_cat","embeddable":true,"href":"https:\/\/setap.az\/index.php?rest_route=%2Fwp%2Fv2%2Fproduct_cat&post=19475"},{"taxonomy":"product_tag","embeddable":true,"href":"https:\/\/setap.az\/index.php?rest_route=%2Fwp%2Fv2%2Fproduct_tag&post=19475"}],"curies":[{"name":"wp","href":"https:\/\/api.w.org\/{rel}","templated":true}]}}