{"id":19479,"date":"2025-05-31T10:19:15","date_gmt":"2025-05-31T06:19:15","guid":{"rendered":"https:\/\/setap.az\/?post_type=product&#038;p=19479"},"modified":"2025-06-23T14:39:47","modified_gmt":"2025-06-23T10:39:47","slug":"jedel-k505-oyun-klavyaturasi","status":"publish","type":"product","link":"https:\/\/setap.az\/?product=jedel-k505-oyun-klavyaturasi","title":{"rendered":"Jedel K505 oyun klavyaturas\u0131"},"content":{"rendered":"<p>Jedel K505<br \/>\n&#8211; R\u0259ngli i\u015f\u0131ql\u0131 oyun klavyaturas\u0131<br \/>\n&#8211; 104\/105\/107 d\u00fcym\u0259l\u0259ri + 10 multimediya d\u00fcym\u0259si<br \/>\n&#8211; F\u0259rqli dil t\u0259rtibat\u0131n\u0131 d\u0259st\u0259kl\u0259yir.<br \/>\n&#8211; 19 a\u00e7ar anti-gost<br \/>\n&#8211; Naqil uzunlu\u011fu: 3.0* 1.5 \u00e7\u0259km\u0259 kabeli<br \/>\n&#8211; Klavyatura \u00e7\u0259kisi: 665G\/10<br \/>\n&#8211; Klavyatura \u00f6l\u00e7\u00fcs\u00fc: 445x175x32mm<br \/>\n&#8211; D\u0259st\u0259k: Windovs98\/NT\/2000\/ME\/XP<\/p>\n","protected":false},"excerpt":{"rendered":"<p>Jedel K505 &#8211; R\u0259ngli i\u015f\u0131ql\u0131 oyun klavyaturas\u0131 &#8211; 104\/105\/107 d\u00fcym\u0259l\u0259ri + 10 multimediya d\u00fcym\u0259si &#8211; F\u0259rqli dil t\u0259rtibat\u0131n\u0131 d\u0259st\u0259kl\u0259yir. &#8211; 19 a\u00e7ar anti-gost &#8211; Naqil uzunlu\u011fu: 3.0* 1.5 \u00e7\u0259km\u0259 kabeli &#8211; Klavyatura \u00e7\u0259kisi: 665G\/10 &#8211; Klavyatura \u00f6l\u00e7\u00fcs\u00fc: 445x175x32mm &#8211; D\u0259st\u0259k: Windovs98\/NT\/2000\/ME\/XP<\/p>\n","protected":false},"featured_media":19480,"comment_status":"open","ping_status":"closed","template":"","meta":[],"product_cat":[3508,2823,2824],"product_tag":[3915,3918,3020,3917,3895,3914,3912,3913,3920,3916,3460,3693,3897,3910,3839,3919],"class_list":{"0":"post-19479","1":"product","2":"type-product","3":"status-publish","4":"has-post-thumbnail","6":"product_cat-klavyatura-v-sicanlar","7":"product_cat-kompyuter-aksesuarlari","8":"product_cat-noutbuklar-v-aksesuarlar","9":"product_tag-104duym","10":"product_tag-3mkabel","11":"product_tag-erqonomikdizayn","12":"product_tag-frqlidiltrtibati","13":"product_tag-gamingkeyboard","14":"product_tag-jedelk505","15":"product_tag-keyboardsetup","16":"product_tag-ledbacklighting","17":"product_tag-multimediakeys","18":"product_tag-multimediyaduymlri","19":"product_tag-oyunklavyaturasi","20":"product_tag-oyuntexnologiyalari","21":"product_tag-precisiongaming","22":"product_tag-rngliisiqliklavyatura","23":"product_tag-rgblighting","24":"product_tag-windowssupport","25":"description-off","27":"first","28":"instock","29":"shipping-taxable","30":"purchasable","31":"product-type-simple"},"_links":{"self":[{"href":"https:\/\/setap.az\/index.php?rest_route=\/wp\/v2\/product\/19479","targetHints":{"allow":["GET"]}}],"collection":[{"href":"https:\/\/setap.az\/index.php?rest_route=\/wp\/v2\/product"}],"about":[{"href":"https:\/\/setap.az\/index.php?rest_route=\/wp\/v2\/types\/product"}],"replies":[{"embeddable":true,"href":"https:\/\/setap.az\/index.php?rest_route=%2Fwp%2Fv2%2Fcomments&post=19479"}],"wp:featuredmedia":[{"embeddable":true,"href":"https:\/\/setap.az\/index.php?rest_route=\/wp\/v2\/media\/19480"}],"wp:attachment":[{"href":"https:\/\/setap.az\/index.php?rest_route=%2Fwp%2Fv2%2Fmedia&parent=19479"}],"wp:term":[{"taxonomy":"product_cat","embeddable":true,"href":"https:\/\/setap.az\/index.php?rest_route=%2Fwp%2Fv2%2Fproduct_cat&post=19479"},{"taxonomy":"product_tag","embeddable":true,"href":"https:\/\/setap.az\/index.php?rest_route=%2Fwp%2Fv2%2Fproduct_tag&post=19479"}],"curies":[{"name":"wp","href":"https:\/\/api.w.org\/{rel}","templated":true}]}}