{"id":19481,"date":"2025-05-31T10:25:30","date_gmt":"2025-05-31T06:25:30","guid":{"rendered":"https:\/\/setap.az\/?post_type=product&#038;p=19481"},"modified":"2025-06-23T14:39:24","modified_gmt":"2025-06-23T10:39:24","slug":"oyun-klavyaturasi-jedel-k500","status":"publish","type":"product","link":"https:\/\/setap.az\/?product=oyun-klavyaturasi-jedel-k500","title":{"rendered":"Oyun klavyaturas\u0131 Jedel: K500"},"content":{"rendered":"<p>Oyun klavyaturas\u0131 Jedel: K500<br \/>\n&#8211; R\u0259ngli i\u015f\u0131ql\u0131 oyun klavyaturas\u0131.<br \/>\n&#8211; M\u0259hsulun \u00f6l\u00e7\u00fcs\u00fc: 442*135*30mm<br \/>\n&#8211; M\u0259hsulun \u00e7\u0259kisi: 440qr<br \/>\n&#8211; Telin x\u00fcsusiyy\u0259tl\u0259ri: SR il\u0259 0.3*1.5m<br \/>\n&#8211; Sistem d\u0259st\u0259yi: WINXP, WIN7, WIN8, WIN10<\/p>\n","protected":false},"excerpt":{"rendered":"<p>Oyun klavyaturas\u0131 Jedel: K500 &#8211; R\u0259ngli i\u015f\u0131ql\u0131 oyun klavyaturas\u0131. &#8211; M\u0259hsulun \u00f6l\u00e7\u00fcs\u00fc: 442*135*30mm &#8211; M\u0259hsulun \u00e7\u0259kisi: 440qr &#8211; Telin x\u00fcsusiyy\u0259tl\u0259ri: SR il\u0259 0.3*1.5m &#8211; Sistem d\u0259st\u0259yi: WINXP, WIN7, WIN8, WIN10<\/p>\n","protected":false},"featured_media":19482,"comment_status":"open","ping_status":"closed","template":"","meta":[],"product_cat":[3508,2823,2824],"product_tag":[3020,3928,3922,3921,3024,3460,3906,3927,3929,3910,3923,3110,3925,3926,3924,3011],"class_list":{"0":"post-19481","1":"product","2":"type-product","3":"status-publish","4":"has-post-thumbnail","6":"product_cat-klavyatura-v-sicanlar","7":"product_cat-kompyuter-aksesuarlari","8":"product_cat-noutbuklar-v-aksesuarlar","9":"product_tag-erqonomikdizayn","10":"product_tag-eylnc","11":"product_tag-goyqursagiisiqlari","12":"product_tag-jedelk500","13":"product_tag-klavyatura","14":"product_tag-oyunklavyaturasi","15":"product_tag-oyuntexnikasi","16":"product_tag-oyuntcrubsi","17":"product_tag-rngliisiqlandirma","18":"product_tag-rngliisiqliklavyatura","19":"product_tag-sistemdstyi","20":"product_tag-win10","21":"product_tag-win7","22":"product_tag-win8","23":"product_tag-winxp","24":"product_tag-yukskperformans","25":"description-off","27":"first","28":"instock","29":"shipping-taxable","30":"purchasable","31":"product-type-simple"},"_links":{"self":[{"href":"https:\/\/setap.az\/index.php?rest_route=\/wp\/v2\/product\/19481","targetHints":{"allow":["GET"]}}],"collection":[{"href":"https:\/\/setap.az\/index.php?rest_route=\/wp\/v2\/product"}],"about":[{"href":"https:\/\/setap.az\/index.php?rest_route=\/wp\/v2\/types\/product"}],"replies":[{"embeddable":true,"href":"https:\/\/setap.az\/index.php?rest_route=%2Fwp%2Fv2%2Fcomments&post=19481"}],"wp:featuredmedia":[{"embeddable":true,"href":"https:\/\/setap.az\/index.php?rest_route=\/wp\/v2\/media\/19482"}],"wp:attachment":[{"href":"https:\/\/setap.az\/index.php?rest_route=%2Fwp%2Fv2%2Fmedia&parent=19481"}],"wp:term":[{"taxonomy":"product_cat","embeddable":true,"href":"https:\/\/setap.az\/index.php?rest_route=%2Fwp%2Fv2%2Fproduct_cat&post=19481"},{"taxonomy":"product_tag","embeddable":true,"href":"https:\/\/setap.az\/index.php?rest_route=%2Fwp%2Fv2%2Fproduct_tag&post=19481"}],"curies":[{"name":"wp","href":"https:\/\/api.w.org\/{rel}","templated":true}]}}