{"id":19483,"date":"2025-05-31T10:37:56","date_gmt":"2025-05-31T06:37:56","guid":{"rendered":"https:\/\/setap.az\/?post_type=product&#038;p=19483"},"modified":"2025-06-23T14:39:08","modified_gmt":"2025-06-23T10:39:08","slug":"meetion-at-100-oyun-klavyaturasi-v%c9%99-sicani","status":"publish","type":"product","link":"https:\/\/setap.az\/?product=meetion-at-100-oyun-klavyaturasi-v%c9%99-sicani","title":{"rendered":"Meetion At 100 Oyun klavyaturas\u0131 v\u0259 si\u00e7an\u0131"},"content":{"rendered":"<p>Oyun klavyaturas\u0131 v\u0259 si\u00e7an\u0131<br \/>\nMeetion At 100<br \/>\n&#8211; USB kabelli klavyatura v\u0259 si\u00e7an<br \/>\n&#8211; Klassik tam \u00f6l\u00e7\u00fcl\u00fc t\u0259rtibat<br \/>\n&#8211; Suya davaml\u0131 dizayn.<br \/>\n&#8211; Y\u00fcks\u0259k keyfiyy\u0259tli membran klavyatura<br \/>\n&#8211; Optik si\u00e7an maks. 1000dpi<br \/>\n&#8211; Kabel: 1.5m<br \/>\n&#8211; Klavyatura \u00f6l\u00e7\u00fcl\u0259ri 438*134*25mm<br \/>\n&#8211; Si\u00e7an aspektl\u0259ri: 110*64*38mm<br \/>\n&#8211; \u00c7\u0259ki: 478\/5q<\/p>\n","protected":false},"excerpt":{"rendered":"<p>Oyun klavyaturas\u0131 v\u0259 si\u00e7an\u0131 Meetion At 100 &#8211; USB kabelli klavyatura v\u0259 si\u00e7an &#8211; Klassik tam \u00f6l\u00e7\u00fcl\u00fc t\u0259rtibat &#8211; Suya davaml\u0131 dizayn. &#8211; Y\u00fcks\u0259k keyfiyy\u0259tli membran klavyatura &#8211; Optik si\u00e7an maks. 1000dpi &#8211; Kabel: 1.5m &#8211; Klavyatura \u00f6l\u00e7\u00fcl\u0259ri 438*134*25mm &#8211; Si\u00e7an aspektl\u0259ri: 110*64*38mm &#8211; \u00c7\u0259ki: 478\/5q<\/p>\n","protected":false},"featured_media":19484,"comment_status":"open","ping_status":"closed","template":"","meta":[],"product_cat":[3508,2823,2824],"product_tag":[3692,3934,3848,3024,3930,3892,3933,3695,3932,3877,3807,3885,3931,3887,3059],"class_list":{"0":"post-19483","1":"product","2":"type-product","3":"status-publish","4":"has-post-thumbnail","6":"product_cat-klavyatura-v-sicanlar","7":"product_cat-kompyuter-aksesuarlari","8":"product_cat-noutbuklar-v-aksesuarlar","9":"product_tag-1-5mkabel","10":"product_tag-durabledesign","11":"product_tag-gamingsetup","12":"product_tag-klavyatura","13":"product_tag-meetionat100","14":"product_tag-membranklavyatura","15":"product_tag-officegear","16":"product_tag-precisioncontrol","17":"product_tag-sicanvklavyatura","18":"product_tag-suyadavamlidizayn","19":"product_tag-tamolculuklavyatura","20":"product_tag-techaccessories","21":"product_tag-usbkabelliklavyatura","22":"product_tag-waterproofkeyboard","23":"product_tag-yukskkeyfiyyt","24":"description-off","26":"first","27":"instock","28":"shipping-taxable","29":"purchasable","30":"product-type-simple"},"_links":{"self":[{"href":"https:\/\/setap.az\/index.php?rest_route=\/wp\/v2\/product\/19483","targetHints":{"allow":["GET"]}}],"collection":[{"href":"https:\/\/setap.az\/index.php?rest_route=\/wp\/v2\/product"}],"about":[{"href":"https:\/\/setap.az\/index.php?rest_route=\/wp\/v2\/types\/product"}],"replies":[{"embeddable":true,"href":"https:\/\/setap.az\/index.php?rest_route=%2Fwp%2Fv2%2Fcomments&post=19483"}],"wp:featuredmedia":[{"embeddable":true,"href":"https:\/\/setap.az\/index.php?rest_route=\/wp\/v2\/media\/19484"}],"wp:attachment":[{"href":"https:\/\/setap.az\/index.php?rest_route=%2Fwp%2Fv2%2Fmedia&parent=19483"}],"wp:term":[{"taxonomy":"product_cat","embeddable":true,"href":"https:\/\/setap.az\/index.php?rest_route=%2Fwp%2Fv2%2Fproduct_cat&post=19483"},{"taxonomy":"product_tag","embeddable":true,"href":"https:\/\/setap.az\/index.php?rest_route=%2Fwp%2Fv2%2Fproduct_tag&post=19483"}],"curies":[{"name":"wp","href":"https:\/\/api.w.org\/{rel}","templated":true}]}}