{"id":19491,"date":"2025-05-31T11:06:34","date_gmt":"2025-05-31T07:06:34","guid":{"rendered":"https:\/\/setap.az\/?post_type=product&#038;p=19491"},"modified":"2026-01-09T16:55:40","modified_gmt":"2026-01-09T12:55:40","slug":"hikvision-2cd1023go-iuf","status":"publish","type":"product","link":"https:\/\/setap.az\/?product=hikvision-2cd1023go-iuf","title":{"rendered":"Hikvision 2CD1023GO-\u0130UF 2MP IP Kamera"},"content":{"rendered":"<p>Hikvision 2CD1023GO-\u0130UF<br \/>\nHikvision 2 MP IP kamera m\u00fcasir t\u0259hl\u00fck\u0259sizlik sisteml\u0259ri \u00fc\u00e7\u00fcn n\u0259z\u0259rd\u0259 tutulmu\u015f etibarl\u0131 v\u0259 keyfiyy\u0259tli n\u0259zar\u0259t kameras\u0131d\u0131r.<br \/>\nG\u00f6r\u00fcnt\u00fc keyfiyy\u0259ti: 2 MP (1920\u00d71080 Full HD) ayd\u0131n v\u0259 detall\u0131 g\u00f6r\u00fcnt\u00fc<br \/>\nIP texnologiya: \u015e\u0259b\u0259k\u0259 \u00fcz\u0259rind\u0259n i\u015fl\u0259yir, uzaqdan izl\u0259m\u0259 v\u0259 idar\u0259etm\u0259 imkan\u0131<br \/>\nGec\u0259g\u00f6rm\u0259: IR infraq\u0131rm\u0131z\u0131 LED-l\u0259r say\u0259sind\u0259 20\u201330 metr\u0259 q\u0259d\u0259r gec\u0259 g\u00f6r\u00fcnt\u00fcs\u00fc (modeld\u0259n as\u0131l\u0131 olaraq)<br \/>\nS\u0131x\u0131lma format\u0131: H.265 \/ H.264 \u2013 yadda\u015fa q\u0259na\u0259t v\u0259 s\u00fcr\u0259tli \u00f6t\u00fcrm\u0259<br \/>\nH\u0259r\u0259k\u0259t a\u015fkarlanmas\u0131: \u015e\u00fcbh\u0259li h\u0259r\u0259k\u0259tl\u0259r zaman\u0131 bildiri\u015f g\u00f6nd\u0259rm\u0259<br \/>\nMobil bax\u0131\u015f: Hik-Connect t\u0259tbiqi il\u0259 telefon v\u0259 komp\u00fcterd\u0259n izl\u0259m\u0259<br \/>\nDavaml\u0131 korpus: Daxili v\u0259 ya a\u00e7\u0131q hava \u00fc\u00e7\u00fcn, bir \u00e7ox modell\u0259rd\u0259 IP67 suya v\u0259 toza davaml\u0131l\u0131q<br \/>\nPoE d\u0259st\u0259yi: T\u0259k kabel il\u0259 h\u0259m enerji, h\u0259m data \u00f6t\u00fcr\u00fclm\u0259si (d\u0259st\u0259kli modell\u0259rd\u0259)<br \/>\nHikvision 2 MP IP kameralar stabil i\u015fl\u0259m\u0259, ayd\u0131n g\u00f6r\u00fcnt\u00fc v\u0259 m\u00fcnasib qiym\u0259t \u00fcst\u00fcnl\u00fckl\u0259ri il\u0259 t\u0259hl\u00fck\u0259sizlik \u00fc\u00e7\u00fcn ideal se\u00e7imdir. <\/p>\n","protected":false},"excerpt":{"rendered":"<p>Hikvision 2CD1023GO-\u0130UF Hikvision 2 MP IP kamera m\u00fcasir t\u0259hl\u00fck\u0259sizlik sisteml\u0259ri \u00fc\u00e7\u00fcn n\u0259z\u0259rd\u0259 tutulmu\u015f etibarl\u0131 v\u0259 keyfiyy\u0259tli n\u0259zar\u0259t kameras\u0131d\u0131r. G\u00f6r\u00fcnt\u00fc keyfiyy\u0259ti: 2 MP (1920\u00d71080 Full HD) ayd\u0131n v\u0259 detall\u0131 g\u00f6r\u00fcnt\u00fc IP texnologiya: \u015e\u0259b\u0259k\u0259 \u00fcz\u0259rind\u0259n i\u015fl\u0259yir, uzaqdan izl\u0259m\u0259 v\u0259 idar\u0259etm\u0259 imkan\u0131 Gec\u0259g\u00f6rm\u0259: IR infraq\u0131rm\u0131z\u0131 LED-l\u0259r say\u0259sind\u0259 20\u201330 metr\u0259 q\u0259d\u0259r gec\u0259 g\u00f6r\u00fcnt\u00fcs\u00fc (modeld\u0259n as\u0131l\u0131 olaraq) S\u0131x\u0131lma format\u0131: H.265&hellip;<\/p>\n","protected":false},"featured_media":19492,"comment_status":"open","ping_status":"closed","template":"","meta":[],"product_cat":[4016,2803,5271],"product_tag":[3382,3132,2941,3379,2942,3380,3385,3381,3383,2937,3260,2939,2934,3378,3135,3142,3071,3384],"class_list":{"0":"post-19491","1":"product","2":"type-product","3":"status-publish","4":"has-post-thumbnail","6":"product_cat-hikvision","7":"product_cat-ip","8":"product_cat-thluksizlik-kamerasi","9":"product_tag-camerainstallation","10":"product_tag-cctv","11":"product_tag-hikvision","12":"product_tag-hikvisioncamera","13":"product_tag-hikvisioncctv","14":"product_tag-hikvisionsecurity","15":"product_tag-hikvisionsolutions","16":"product_tag-hikvisionsystem","17":"product_tag-hikvisiontechnology","18":"product_tag-homesecurity","19":"product_tag-ipcamera","20":"product_tag-securitycamera","21":"product_tag-smartsecurity","22":"product_tag-sumqayithikvision","23":"product_tag-surveillance","24":"product_tag-thluksizlik","25":"product_tag-thluksizlikkameralari","26":"product_tag-videosurveillance","27":"description-off","29":"first","30":"instock","31":"shipping-taxable","32":"purchasable","33":"product-type-simple"},"_links":{"self":[{"href":"https:\/\/setap.az\/index.php?rest_route=\/wp\/v2\/product\/19491","targetHints":{"allow":["GET"]}}],"collection":[{"href":"https:\/\/setap.az\/index.php?rest_route=\/wp\/v2\/product"}],"about":[{"href":"https:\/\/setap.az\/index.php?rest_route=\/wp\/v2\/types\/product"}],"replies":[{"embeddable":true,"href":"https:\/\/setap.az\/index.php?rest_route=%2Fwp%2Fv2%2Fcomments&post=19491"}],"wp:featuredmedia":[{"embeddable":true,"href":"https:\/\/setap.az\/index.php?rest_route=\/wp\/v2\/media\/19492"}],"wp:attachment":[{"href":"https:\/\/setap.az\/index.php?rest_route=%2Fwp%2Fv2%2Fmedia&parent=19491"}],"wp:term":[{"taxonomy":"product_cat","embeddable":true,"href":"https:\/\/setap.az\/index.php?rest_route=%2Fwp%2Fv2%2Fproduct_cat&post=19491"},{"taxonomy":"product_tag","embeddable":true,"href":"https:\/\/setap.az\/index.php?rest_route=%2Fwp%2Fv2%2Fproduct_tag&post=19491"}],"curies":[{"name":"wp","href":"https:\/\/api.w.org\/{rel}","templated":true}]}}