{"id":19495,"date":"2025-05-31T11:20:25","date_gmt":"2025-05-31T07:20:25","guid":{"rendered":"https:\/\/setap.az\/?post_type=product&#038;p=19495"},"modified":"2025-06-27T12:08:24","modified_gmt":"2025-06-27T08:08:24","slug":"hikvision-ds-2c2cc52hit-fits","status":"publish","type":"product","link":"https:\/\/setap.az\/?product=hikvision-ds-2c2cc52hit-fits","title":{"rendered":"Hikvision DS 2CC52HIT-F\u0130TS"},"content":{"rendered":"<p>&#8220;Hikvision&#8221; 180 d\u0259r\u0259c\u0259 M\u00fc\u015fahid\u0259 kameras\u0131<br \/>\n&#8211; Matris n\u00f6v\u00fc: CMOS<br \/>\n&#8211; Korpus tipi: Q\u00fcbb\u0259<br \/>\n&#8211; Video n\u0259zar\u0259t: 2592 x 1944<br \/>\n&#8211; \u00c7\u0259kili\u015f keyfiyy\u0259ti: 5MP<br \/>\n&#8211; Fokus uzunlu\u011fu v\u0259 bax\u0131\u015f buca\u011f\u0131: 1.1mm v\u0259 180*<br \/>\n&#8211; Gec\u0259 g\u00f6rm\u0259: 20m-\u0259 q\u0259d\u0259r<br \/>\n&#8211; Enerji istehlak\u0131: 12V\/6W<br \/>\n&#8211; \u0130\u015fl\u0259m\u0259 temperaturu: -40*C\/+60*C<\/p>\n","protected":false},"excerpt":{"rendered":"<p>&#8220;Hikvision&#8221; 180 d\u0259r\u0259c\u0259 M\u00fc\u015fahid\u0259 kameras\u0131 &#8211; Matris n\u00f6v\u00fc: CMOS &#8211; Korpus tipi: Q\u00fcbb\u0259 &#8211; Video n\u0259zar\u0259t: 2592 x 1944 &#8211; \u00c7\u0259kili\u015f keyfiyy\u0259ti: 5MP &#8211; Fokus uzunlu\u011fu v\u0259 bax\u0131\u015f buca\u011f\u0131: 1.1mm v\u0259 180* &#8211; Gec\u0259 g\u00f6rm\u0259: 20m-\u0259 q\u0259d\u0259r &#8211; Enerji istehlak\u0131: 12V\/6W &#8211; \u0130\u015fl\u0259m\u0259 temperaturu: -40*C\/+60*C<\/p>\n","protected":false},"featured_media":19496,"comment_status":"open","ping_status":"closed","template":"","meta":[],"product_cat":[2802,4016,2849],"product_tag":[3382,3132,2941,3379,2942,3380,3385,3381,3383,2937,3260,2939,2934,3718,3378,3135,3142,3071,3384],"class_list":{"0":"post-19495","1":"product","2":"type-product","3":"status-publish","4":"has-post-thumbnail","6":"product_cat-analoq","7":"product_cat-hikvision","8":"product_cat-videokameralar","9":"product_tag-camerainstallation","10":"product_tag-cctv","11":"product_tag-hikvision","12":"product_tag-hikvisioncamera","13":"product_tag-hikvisioncctv","14":"product_tag-hikvisionsecurity","15":"product_tag-hikvisionsolutions","16":"product_tag-hikvisionsystem","17":"product_tag-hikvisiontechnology","18":"product_tag-homesecurity","19":"product_tag-ipcamera","20":"product_tag-securitycamera","21":"product_tag-smartsecurity","22":"product_tag-sumqayithikvisionmusahidkamerasi","23":"product_tag-sumqayithikvision","24":"product_tag-surveillance","25":"product_tag-thluksizlik","26":"product_tag-thluksizlikkameralari","27":"product_tag-videosurveillance","28":"description-off","30":"first","31":"instock","32":"shipping-taxable","33":"purchasable","34":"product-type-simple"},"_links":{"self":[{"href":"https:\/\/setap.az\/index.php?rest_route=\/wp\/v2\/product\/19495","targetHints":{"allow":["GET"]}}],"collection":[{"href":"https:\/\/setap.az\/index.php?rest_route=\/wp\/v2\/product"}],"about":[{"href":"https:\/\/setap.az\/index.php?rest_route=\/wp\/v2\/types\/product"}],"replies":[{"embeddable":true,"href":"https:\/\/setap.az\/index.php?rest_route=%2Fwp%2Fv2%2Fcomments&post=19495"}],"wp:featuredmedia":[{"embeddable":true,"href":"https:\/\/setap.az\/index.php?rest_route=\/wp\/v2\/media\/19496"}],"wp:attachment":[{"href":"https:\/\/setap.az\/index.php?rest_route=%2Fwp%2Fv2%2Fmedia&parent=19495"}],"wp:term":[{"taxonomy":"product_cat","embeddable":true,"href":"https:\/\/setap.az\/index.php?rest_route=%2Fwp%2Fv2%2Fproduct_cat&post=19495"},{"taxonomy":"product_tag","embeddable":true,"href":"https:\/\/setap.az\/index.php?rest_route=%2Fwp%2Fv2%2Fproduct_tag&post=19495"}],"curies":[{"name":"wp","href":"https:\/\/api.w.org\/{rel}","templated":true}]}}