{"id":19502,"date":"2025-05-31T13:21:48","date_gmt":"2025-05-31T09:21:48","guid":{"rendered":"https:\/\/setap.az\/?post_type=product&#038;p=19502"},"modified":"2026-02-03T11:26:03","modified_gmt":"2026-02-03T07:26:03","slug":"hikvision-ds-2ce10hft-f28","status":"publish","type":"product","link":"https:\/\/setap.az\/?product=hikvision-ds-2ce10hft-f28","title":{"rendered":"Hikvision DS-2CE10HFT-F28 5 MP Analoq kamera"},"content":{"rendered":"<p>Hikvision DS\u20112CE10HFT\u2011F28 \u2014 bu model analogue (Turbo\u202fHD \/ HD\u2011TVI) t\u0259hl\u00fck\u0259sizlik kameras\u0131<br \/>\n5\u202fMP CMOS sensor \u2014 maksimum 2560 \u00d7 1944 piksel g\u00f6r\u00fcnt\u00fc.<br \/>\n2.8\u202fmm sabit lens \u2014 geni\u015f (~99.7\u00b0) bax\u0131\u015f buca\u011f\u0131.<br \/>\nDiagnoal bax\u0131\u015f ~139.8\u00b0, \u00fcf\u00fcqi ~99.7\u00b0, \u015faquli ~72\u00b0.<br \/>\nSmart White Light (a\u011f i\u015f\u0131q) \u2014 t\u0259xmin\u0259n 20\u202fm\u2011\u0259 q\u0259d\u0259r gec\u0259 i\u015f\u0131qland\u0131rma.<br \/>\nMin. i\u015f\u0131q: 0.0005\u202fLux (AGC ON), 0\u202fLux white light il\u0259.<br \/>\nBu model 4\u2011in\u20111 \u00e7\u0131x\u0131\u015f d\u0259st\u0259kl\u0259yir:<br \/>\n\u2714 TVI \/ AHD \/ CVI \/ CVBS \u2014 m\u00fcxt\u0259lif DVR formatlar\u0131 il\u0259 uy\u011fun.<br \/>\n\u2714 True WDR (\u2265130\u202fdB) \u2014 arxa i\u015f\u0131qda daha ayd\u0131n t\u0259svir.<br \/>\n\u2714 3D DNR \u2014 g\u00f6r\u00fcnt\u00fc s\u0259s\u2011k\u00fcy\u00fcn\u00fc azald\u0131r.<br \/>\n\u2714 BLC \/ HLC \u2014 i\u015f\u0131ql\u0131 s\u0259hn\u0259l\u0259rd\u0259 balans.<br \/>\n\u2714 IP67 \u2014 su v\u0259 tozdan qorunma, \u00e7\u00f6l \u015f\u0259raiti \u00fc\u00e7\u00fcn uy\u011fundur.<br \/>\n\u2714 Material: Metal korpus.<br \/>\n\u2714 \u0130\u015fl\u0259m\u0259 temperaturu: \u201140\u202f\u00b0C \u2026 +60\u202f\u00b0C.<br \/>\n\u2714 \u00d6l\u00e7\u00fc: 68 \u00d7 70 \u00d7 168.2\u202fmm; \u00e7\u0259ki ~350\u202fg.<br \/>\n\u2714 12\u202fV DC \u00b125% \u2014 enerji t\u0259chizat\u0131 (maks. ~3.5\u202fW).<\/p>\n","protected":false},"excerpt":{"rendered":"<p>Hikvision DS\u20112CE10HFT\u2011F28 \u2014 bu model analogue (Turbo\u202fHD \/ HD\u2011TVI) t\u0259hl\u00fck\u0259sizlik kameras\u0131 5\u202fMP CMOS sensor \u2014 maksimum 2560 \u00d7 1944 piksel g\u00f6r\u00fcnt\u00fc. 2.8\u202fmm sabit lens \u2014 geni\u015f (~99.7\u00b0) bax\u0131\u015f buca\u011f\u0131. Diagnoal bax\u0131\u015f ~139.8\u00b0, \u00fcf\u00fcqi ~99.7\u00b0, \u015faquli ~72\u00b0. Smart White Light (a\u011f i\u015f\u0131q) \u2014 t\u0259xmin\u0259n 20\u202fm\u2011\u0259 q\u0259d\u0259r gec\u0259 i\u015f\u0131qland\u0131rma. Min. i\u015f\u0131q: 0.0005\u202fLux (AGC ON), 0\u202fLux white light&hellip;<\/p>\n","protected":false},"featured_media":19503,"comment_status":"open","ping_status":"closed","template":"","meta":[],"product_cat":[2802,4016,5271],"product_tag":[3382,3132,2941,3379,2942,3380,3385,3381,3383,2937,3260,2939,2934,3718,3378,3135,3142,3071,3384],"class_list":{"0":"post-19502","1":"product","2":"type-product","3":"status-publish","4":"has-post-thumbnail","6":"product_cat-analoq","7":"product_cat-hikvision","8":"product_cat-thluksizlik-kamerasi","9":"product_tag-camerainstallation","10":"product_tag-cctv","11":"product_tag-hikvision","12":"product_tag-hikvisioncamera","13":"product_tag-hikvisioncctv","14":"product_tag-hikvisionsecurity","15":"product_tag-hikvisionsolutions","16":"product_tag-hikvisionsystem","17":"product_tag-hikvisiontechnology","18":"product_tag-homesecurity","19":"product_tag-ipcamera","20":"product_tag-securitycamera","21":"product_tag-smartsecurity","22":"product_tag-sumqayithikvisionmusahidkamerasi","23":"product_tag-sumqayithikvision","24":"product_tag-surveillance","25":"product_tag-thluksizlik","26":"product_tag-thluksizlikkameralari","27":"product_tag-videosurveillance","28":"description-off","30":"first","31":"instock","32":"shipping-taxable","33":"purchasable","34":"product-type-simple"},"_links":{"self":[{"href":"https:\/\/setap.az\/index.php?rest_route=\/wp\/v2\/product\/19502","targetHints":{"allow":["GET"]}}],"collection":[{"href":"https:\/\/setap.az\/index.php?rest_route=\/wp\/v2\/product"}],"about":[{"href":"https:\/\/setap.az\/index.php?rest_route=\/wp\/v2\/types\/product"}],"replies":[{"embeddable":true,"href":"https:\/\/setap.az\/index.php?rest_route=%2Fwp%2Fv2%2Fcomments&post=19502"}],"wp:featuredmedia":[{"embeddable":true,"href":"https:\/\/setap.az\/index.php?rest_route=\/wp\/v2\/media\/19503"}],"wp:attachment":[{"href":"https:\/\/setap.az\/index.php?rest_route=%2Fwp%2Fv2%2Fmedia&parent=19502"}],"wp:term":[{"taxonomy":"product_cat","embeddable":true,"href":"https:\/\/setap.az\/index.php?rest_route=%2Fwp%2Fv2%2Fproduct_cat&post=19502"},{"taxonomy":"product_tag","embeddable":true,"href":"https:\/\/setap.az\/index.php?rest_route=%2Fwp%2Fv2%2Fproduct_tag&post=19502"}],"curies":[{"name":"wp","href":"https:\/\/api.w.org\/{rel}","templated":true}]}}