{"id":19506,"date":"2025-05-31T14:30:05","date_gmt":"2025-05-31T10:30:05","guid":{"rendered":"https:\/\/setap.az\/?post_type=product&#038;p=19506"},"modified":"2026-01-09T16:14:29","modified_gmt":"2026-01-09T12:14:29","slug":"hikvision-2ce12hft-f","status":"publish","type":"product","link":"https:\/\/setap.az\/?product=hikvision-2ce12hft-f","title":{"rendered":"Hikvision 2CE12HFT-F 5MP Analoq kamera"},"content":{"rendered":"<p>Hikvision DS\u20112CE12HFT\u2011F kamera analogue (HD\u2011TVI) t\u0259hl\u00fck\u0259sizlik kamerad\u0131r<br \/>\n\u2714 5\u202fMP (2560 \u00d7 1944) y\u00fcks\u0259k q\u0259tnam\u0259 \u2014 \u00e7ox detall\u0131 g\u00f6r\u00fcnt\u00fc.<br \/>\n\u2714 ColorVu texnologiyas\u0131 \u2014 z\u0259if i\u015f\u0131qda da r\u0259ngli t\u0259svir.<br \/>\nSabit lens (Fixed) \u2014 ad\u0259t\u0259n 3.6\u202fmm (80.1\u00b0 bax\u0131\u015f buca\u011f\u0131) v\u0259 b\u0259zi variantlarda 6\u202fmm (49.3\u00b0).<br \/>\n\u2714 Smart White Light (qabaqcadan cihaz i\u015f\u0131\u011f\u0131n\u0131 istifad\u0259)<br \/>\n\u2714 40\u202fm\u2011\u0259 q\u0259d\u0259r i\u015f\u0131q m\u0259saf\u0259si gec\u0259 \u00fc\u00e7\u00fcn ayd\u0131n g\u00f6r\u00fcnt\u00fc.<br \/>\n\u2714 True WDR (\u2265130\u202fdB) \u2014 g\u00fccl\u00fc arxa i\u015f\u0131qda bel\u0259 balansl\u0131 t\u0259svir.<br \/>\n\u2714 3D DNR \u2014 s\u0259s\u2011k\u00fcy azald\u0131lmas\u0131<br \/>\n\u2714 BLC \/ HLC \/ AGC g\u00f6r\u00fcnt\u00fc t\u0259nziml\u0259m\u0259l\u0259ri.<br \/>\n\u2714 4\u2011in\u20111 video \u00e7\u0131x\u0131\u015f:<br \/>\n\u2192 TVI \/ AHD \/ CVI \/ CVBS \u2014 m\u00fcxt\u0259lif DVR formatlar\u0131nda istifad\u0259 \u00fc\u00e7\u00fcn uy\u011fundur.<br \/>\n\u2714 IP67 \u2014 toz v\u0259 suya qar\u015f\u0131 qorunma (a\u00e7\u0131q m\u00fchit \u00fc\u00e7\u00fcn uy\u011fundur).<br \/>\n\u2714 Metal + plastik korpus<br \/>\n\u2714 \u0130\u015fl\u0259m\u0259 Temperaturu: ~\u201140\u202f\u00b0C \u2026 +60\u202f\u00b0C<br \/>\n\u2714 Enerji: 12\u202fV DC<br \/>\n\u2714 G\u00fcc istehlak\u0131: maksimum ~4.9\u202fW<br \/>\n\u2714 \u00d6l\u00e7\u00fc: ~82.6 \u00d7 77.1 \u00d7 220.4\u202fmm; \u00e7\u0259ki ~565\u202fg<\/p>\n","protected":false},"excerpt":{"rendered":"<p>Hikvision DS\u20112CE12HFT\u2011F kamera analogue (HD\u2011TVI) t\u0259hl\u00fck\u0259sizlik kamerad\u0131r \u2714 5\u202fMP (2560 \u00d7 1944) y\u00fcks\u0259k q\u0259tnam\u0259 \u2014 \u00e7ox detall\u0131 g\u00f6r\u00fcnt\u00fc. \u2714 ColorVu texnologiyas\u0131 \u2014 z\u0259if i\u015f\u0131qda da r\u0259ngli t\u0259svir. Sabit lens (Fixed) \u2014 ad\u0259t\u0259n 3.6\u202fmm (80.1\u00b0 bax\u0131\u015f buca\u011f\u0131) v\u0259 b\u0259zi variantlarda 6\u202fmm (49.3\u00b0). \u2714 Smart White Light (qabaqcadan cihaz i\u015f\u0131\u011f\u0131n\u0131 istifad\u0259) \u2714 40\u202fm\u2011\u0259 q\u0259d\u0259r i\u015f\u0131q m\u0259saf\u0259si gec\u0259&hellip;<\/p>\n","protected":false},"featured_media":19507,"comment_status":"open","ping_status":"closed","template":"","meta":[],"product_cat":[2802,4016,5271],"product_tag":[3382,3132,2941,3379,2942,3380,3385,3381,3383,2937,3260,2939,2934,3718,3378,3135,3142,3071,3384],"class_list":{"0":"post-19506","1":"product","2":"type-product","3":"status-publish","4":"has-post-thumbnail","6":"product_cat-analoq","7":"product_cat-hikvision","8":"product_cat-thluksizlik-kamerasi","9":"product_tag-camerainstallation","10":"product_tag-cctv","11":"product_tag-hikvision","12":"product_tag-hikvisioncamera","13":"product_tag-hikvisioncctv","14":"product_tag-hikvisionsecurity","15":"product_tag-hikvisionsolutions","16":"product_tag-hikvisionsystem","17":"product_tag-hikvisiontechnology","18":"product_tag-homesecurity","19":"product_tag-ipcamera","20":"product_tag-securitycamera","21":"product_tag-smartsecurity","22":"product_tag-sumqayithikvisionmusahidkamerasi","23":"product_tag-sumqayithikvision","24":"product_tag-surveillance","25":"product_tag-thluksizlik","26":"product_tag-thluksizlikkameralari","27":"product_tag-videosurveillance","28":"description-off","30":"first","31":"instock","32":"shipping-taxable","33":"purchasable","34":"product-type-simple"},"_links":{"self":[{"href":"https:\/\/setap.az\/index.php?rest_route=\/wp\/v2\/product\/19506","targetHints":{"allow":["GET"]}}],"collection":[{"href":"https:\/\/setap.az\/index.php?rest_route=\/wp\/v2\/product"}],"about":[{"href":"https:\/\/setap.az\/index.php?rest_route=\/wp\/v2\/types\/product"}],"replies":[{"embeddable":true,"href":"https:\/\/setap.az\/index.php?rest_route=%2Fwp%2Fv2%2Fcomments&post=19506"}],"wp:featuredmedia":[{"embeddable":true,"href":"https:\/\/setap.az\/index.php?rest_route=\/wp\/v2\/media\/19507"}],"wp:attachment":[{"href":"https:\/\/setap.az\/index.php?rest_route=%2Fwp%2Fv2%2Fmedia&parent=19506"}],"wp:term":[{"taxonomy":"product_cat","embeddable":true,"href":"https:\/\/setap.az\/index.php?rest_route=%2Fwp%2Fv2%2Fproduct_cat&post=19506"},{"taxonomy":"product_tag","embeddable":true,"href":"https:\/\/setap.az\/index.php?rest_route=%2Fwp%2Fv2%2Fproduct_tag&post=19506"}],"curies":[{"name":"wp","href":"https:\/\/api.w.org\/{rel}","templated":true}]}}