{"id":19516,"date":"2025-06-03T14:27:07","date_gmt":"2025-06-03T10:27:07","guid":{"rendered":"https:\/\/setap.az\/?post_type=product&#038;p=19516"},"modified":"2026-01-07T12:46:28","modified_gmt":"2026-01-07T08:46:28","slug":"hikvision-ds-2cd1323goe-i","status":"publish","type":"product","link":"https:\/\/setap.az\/?product=hikvision-ds-2cd1323goe-i","title":{"rendered":"Hikvision DS-2CD1323GOE-I 2MP IP kamera"},"content":{"rendered":"<p>Hikvision DS-2CD1323GOE-I 2MP IP kamera<br \/>\n&#8211; \u00c7\u0259kili\u015f keyfiyy\u0259ti: 2MP<br \/>\n&#8211; Suya v\u0259 toza davaml\u0131: IP67<br \/>\n&#8211; DWDR texnologiyas\u0131 say\u0259sind\u0259 g\u00fccl\u00fc arxa i\u015f\u0131\u011fa qar\u015f\u0131 ayd\u0131n t\u0259svir.<br \/>\n&#8211; Matris n\u00f6v\u00fc v\u0259 \u00f6l\u00e7\u00fcs\u00fc: 1\/2.7&#8243; CMOS<br \/>\n&#8211; Fokus m\u0259saf\u0259si: 2.8mm<br \/>\n&#8211; Gec\u0259 g\u00f6r\u00fc\u015f m\u0259saf\u0259si: 30m<br \/>\n&#8211; RJ45 portu il\u0259 Ethernet qo\u015fulmas\u0131<br \/>\n&#8211; H.265+ \/ H.265 \/ H.264+ d\u0259st\u0259yi<br \/>\n&#8211; Daha az \u015f\u0259b\u0259k\u0259 trafiki v\u0259 uzunm\u00fcdd\u0259tli arxiv<br \/>\n&#8211; \u201330\u00b0C \/ +60\u00b0C i\u015f temperaturu<br \/>\n&#8211; \u00c7\u00f6ld\u0259 24\/7 stabil i\u015f<\/p>\n","protected":false},"excerpt":{"rendered":"<p>Hikvision DS-2CD1323GOE-I 2MP IP kamera &#8211; \u00c7\u0259kili\u015f keyfiyy\u0259ti: 2MP &#8211; Suya v\u0259 toza davaml\u0131: IP67 &#8211; DWDR texnologiyas\u0131 say\u0259sind\u0259 g\u00fccl\u00fc arxa i\u015f\u0131\u011fa qar\u015f\u0131 ayd\u0131n t\u0259svir. &#8211; Matris n\u00f6v\u00fc v\u0259 \u00f6l\u00e7\u00fcs\u00fc: 1\/2.7&#8243; CMOS &#8211; Fokus m\u0259saf\u0259si: 2.8mm &#8211; Gec\u0259 g\u00f6r\u00fc\u015f m\u0259saf\u0259si: 30m &#8211; RJ45 portu il\u0259 Ethernet qo\u015fulmas\u0131 &#8211; H.265+ \/ H.265 \/ H.264+ d\u0259st\u0259yi &#8211;&hellip;<\/p>\n","protected":false},"featured_media":19517,"comment_status":"open","ping_status":"closed","template":"","meta":[],"product_cat":[4016,2803,2849],"product_tag":[3382,3132,2941,3379,2942,3380,3385,3381,3383,2937,3260,2939,2934,3718,3378,3135,3142,3071,3384],"class_list":{"0":"post-19516","1":"product","2":"type-product","3":"status-publish","4":"has-post-thumbnail","6":"product_cat-hikvision","7":"product_cat-ip","8":"product_cat-videokameralar","9":"product_tag-camerainstallation","10":"product_tag-cctv","11":"product_tag-hikvision","12":"product_tag-hikvisioncamera","13":"product_tag-hikvisioncctv","14":"product_tag-hikvisionsecurity","15":"product_tag-hikvisionsolutions","16":"product_tag-hikvisionsystem","17":"product_tag-hikvisiontechnology","18":"product_tag-homesecurity","19":"product_tag-ipcamera","20":"product_tag-securitycamera","21":"product_tag-smartsecurity","22":"product_tag-sumqayithikvisionmusahidkamerasi","23":"product_tag-sumqayithikvision","24":"product_tag-surveillance","25":"product_tag-thluksizlik","26":"product_tag-thluksizlikkameralari","27":"product_tag-videosurveillance","28":"description-off","30":"first","31":"instock","32":"shipping-taxable","33":"purchasable","34":"product-type-simple"},"_links":{"self":[{"href":"https:\/\/setap.az\/index.php?rest_route=\/wp\/v2\/product\/19516","targetHints":{"allow":["GET"]}}],"collection":[{"href":"https:\/\/setap.az\/index.php?rest_route=\/wp\/v2\/product"}],"about":[{"href":"https:\/\/setap.az\/index.php?rest_route=\/wp\/v2\/types\/product"}],"replies":[{"embeddable":true,"href":"https:\/\/setap.az\/index.php?rest_route=%2Fwp%2Fv2%2Fcomments&post=19516"}],"wp:featuredmedia":[{"embeddable":true,"href":"https:\/\/setap.az\/index.php?rest_route=\/wp\/v2\/media\/19517"}],"wp:attachment":[{"href":"https:\/\/setap.az\/index.php?rest_route=%2Fwp%2Fv2%2Fmedia&parent=19516"}],"wp:term":[{"taxonomy":"product_cat","embeddable":true,"href":"https:\/\/setap.az\/index.php?rest_route=%2Fwp%2Fv2%2Fproduct_cat&post=19516"},{"taxonomy":"product_tag","embeddable":true,"href":"https:\/\/setap.az\/index.php?rest_route=%2Fwp%2Fv2%2Fproduct_tag&post=19516"}],"curies":[{"name":"wp","href":"https:\/\/api.w.org\/{rel}","templated":true}]}}