{"id":19523,"date":"2025-06-03T15:32:18","date_gmt":"2025-06-03T11:32:18","guid":{"rendered":"https:\/\/setap.az\/?post_type=product&#038;p=19523"},"modified":"2025-06-23T14:05:47","modified_gmt":"2025-06-23T10:05:47","slug":"klavyatura-jedel-k-600","status":"publish","type":"product","link":"https:\/\/setap.az\/?product=klavyatura-jedel-k-600","title":{"rendered":"Klavyatura Jedel K 600"},"content":{"rendered":"<p>Klavyatura Jedel K 600<br \/>\n&#8211; G\u0259rginliyi: 5V<br \/>\n&#8211; R\u0259ngli i\u015f\u0131qland\u0131r\u0131c\u0131 oyun klavyaturas\u0131.<br \/>\n&#8211; Sistem d\u0259st\u0259yi: WINXP, WIN7, WIN8, WIN10<br \/>\n&#8211; G\u00f6y qur\u015fa\u011f\u0131 r\u0259ngli i\u015f\u0131qland\u0131rma il\u0259 oyununuz daha \u0259yl\u0259nc\u0259li olacaq<\/p>\n","protected":false},"excerpt":{"rendered":"<p>Klavyatura Jedel K 600 &#8211; G\u0259rginliyi: 5V &#8211; R\u0259ngli i\u015f\u0131qland\u0131r\u0131c\u0131 oyun klavyaturas\u0131. &#8211; Sistem d\u0259st\u0259yi: WINXP, WIN7, WIN8, WIN10 &#8211; G\u00f6y qur\u015fa\u011f\u0131 r\u0259ngli i\u015f\u0131qland\u0131rma il\u0259 oyununuz daha \u0259yl\u0259nc\u0259li olacaq<\/p>\n","protected":false},"featured_media":19524,"comment_status":"open","ping_status":"closed","template":"","meta":[],"product_cat":[3508,2823,2824],"product_tag":[3020,3928,3922,3921,3024,3460,3906,3929,3910,3923,3110,3925,3926,3924,3011],"class_list":{"0":"post-19523","1":"product","2":"type-product","3":"status-publish","4":"has-post-thumbnail","6":"product_cat-klavyatura-v-sicanlar","7":"product_cat-kompyuter-aksesuarlari","8":"product_cat-noutbuklar-v-aksesuarlar","9":"product_tag-erqonomikdizayn","10":"product_tag-eylnc","11":"product_tag-goyqursagiisiqlari","12":"product_tag-jedelk500","13":"product_tag-klavyatura","14":"product_tag-oyunklavyaturasi","15":"product_tag-oyuntexnikasi","16":"product_tag-rngliisiqlandirma","17":"product_tag-rngliisiqliklavyatura","18":"product_tag-sistemdstyi","19":"product_tag-win10","20":"product_tag-win7","21":"product_tag-win8","22":"product_tag-winxp","23":"product_tag-yukskperformans","24":"description-off","26":"first","27":"instock","28":"shipping-taxable","29":"purchasable","30":"product-type-simple"},"_links":{"self":[{"href":"https:\/\/setap.az\/index.php?rest_route=\/wp\/v2\/product\/19523","targetHints":{"allow":["GET"]}}],"collection":[{"href":"https:\/\/setap.az\/index.php?rest_route=\/wp\/v2\/product"}],"about":[{"href":"https:\/\/setap.az\/index.php?rest_route=\/wp\/v2\/types\/product"}],"replies":[{"embeddable":true,"href":"https:\/\/setap.az\/index.php?rest_route=%2Fwp%2Fv2%2Fcomments&post=19523"}],"wp:featuredmedia":[{"embeddable":true,"href":"https:\/\/setap.az\/index.php?rest_route=\/wp\/v2\/media\/19524"}],"wp:attachment":[{"href":"https:\/\/setap.az\/index.php?rest_route=%2Fwp%2Fv2%2Fmedia&parent=19523"}],"wp:term":[{"taxonomy":"product_cat","embeddable":true,"href":"https:\/\/setap.az\/index.php?rest_route=%2Fwp%2Fv2%2Fproduct_cat&post=19523"},{"taxonomy":"product_tag","embeddable":true,"href":"https:\/\/setap.az\/index.php?rest_route=%2Fwp%2Fv2%2Fproduct_tag&post=19523"}],"curies":[{"name":"wp","href":"https:\/\/api.w.org\/{rel}","templated":true}]}}