{"id":19527,"date":"2025-06-03T15:43:26","date_gmt":"2025-06-03T11:43:26","guid":{"rendered":"https:\/\/setap.az\/?post_type=product&#038;p=19527"},"modified":"2026-02-02T12:40:35","modified_gmt":"2026-02-02T08:40:35","slug":"hikvision-2ce16hot-itf","status":"publish","type":"product","link":"https:\/\/setap.az\/?product=hikvision-2ce16hot-itf","title":{"rendered":"Hikvision 2CE16HOT-ITF 5 MP Analoq kamera"},"content":{"rendered":"<p>Hikvision DS-2CE16H0T-ITF \u2014 bu, 5 MP q\u0259tnam\u0259li sabit obyektivli bullet tipli Turbo HD (analogue) t\u0259hl\u00fck\u0259sizlik kameras\u0131<br \/>\n5 MP CMOS sensor \u2014 maksimum 2560 \u00d7 1944 piksel q\u0259tnam\u0259.<br \/>\nG\u00fcnd\u00fcz\/gec\u0259 (Day &#038; Night) \u2014 IR cut filter (ICR) il\u0259 avtomatik ke\u00e7id.<br \/>\nSabit obyektiv (lens variantlar\u0131: 2.4 mm \/ 2.8 mm \/ 3.6 mm \/ 6 mm).<br \/>\nBax\u0131\u015f buca\u011f\u0131 lens\u0259 g\u00f6r\u0259 d\u0259yi\u015fir; m\u0259s\u0259l\u0259n, 2.8 mm: ~85\u00b0, 3.6 mm: ~80\u00b0, 6 mm: ~57\u00b0.<br \/>\nSmart IR \/ EXIR texnologiyas\u0131 il\u0259 gec\u0259 g\u00f6r\u00fcnt\u00fcs\u00fc.<br \/>\nGec\u0259 infraq\u0131rm\u0131z\u0131 m\u0259saf\u0259 t\u0259xmin\u0259n 20\u201330 m (lens v\u0259 \u015f\u0259raitd\u0259n as\u0131l\u0131 olaraq).<br \/>\n4-in-1 \u00e7\u0131x\u0131\u015f: TVI \/ AHD \/ CVI \/ CVBS \u2014 m\u00fcxt\u0259lif analoq DVR sisteml\u0259ri il\u0259 uy\u011fun.<br \/>\n\u018fsas\u0259n HD-TVI (Turbo HD) format\u0131nda y\u00fcks\u0259k q\u0259tnam\u0259li siqnal.<br \/>\nDWDR (Digital Wide Dynamic Range) \u2014 kontrastl\u0131 s\u0259hn\u0259l\u0259rd\u0259 ayd\u0131n t\u0259svir.<br \/>\nBLC \/ HLC \/ Smart IR \u2014 i\u015f\u0131\u011f\u0131n balans\u0131n\u0131 yax\u015f\u0131la\u015fd\u0131ran funksiyalar.<br \/>\nIP67 su v\u0259 tozdan qorunma \u2014 \u00e7\u00f6ld\u0259 istifad\u0259y\u0259 uy\u011fundur.<br \/>\nMetal korpus \u2014 s\u0259rt m\u00fchit\u0259 davaml\u0131.<br \/>\n\u0130\u015fl\u0259m\u0259 temperaturu: -40 \u00b0C \u2026 +60 \u00b0C.<br \/>\n\u00d6l\u00e7\u00fc t\u0259xmini: 58 \u00d7 61 \u00d7 163 mm; \u00e7\u0259kisi ~350 g.<br \/>\n12 V DC \u00b125% enerji il\u0259 i\u015fl\u0259yir. <\/p>\n","protected":false},"excerpt":{"rendered":"<p>Hikvision DS-2CE16H0T-ITF \u2014 bu, 5 MP q\u0259tnam\u0259li sabit obyektivli bullet tipli Turbo HD (analogue) t\u0259hl\u00fck\u0259sizlik kameras\u0131 5 MP CMOS sensor \u2014 maksimum 2560 \u00d7 1944 piksel q\u0259tnam\u0259. G\u00fcnd\u00fcz\/gec\u0259 (Day &#038; Night) \u2014 IR cut filter (ICR) il\u0259 avtomatik ke\u00e7id. Sabit obyektiv (lens variantlar\u0131: 2.4 mm \/ 2.8 mm \/ 3.6 mm \/ 6 mm). Bax\u0131\u015f&hellip;<\/p>\n","protected":false},"featured_media":19528,"comment_status":"open","ping_status":"closed","template":"","meta":[],"product_cat":[2802,4016,5271,2841],"product_tag":[3382,3132,2941,3379,2942,3380,3385,3381,3383,2937,3260,2939,2934,3718,3378,3135,3142,3071,3384],"class_list":{"0":"post-19527","1":"product","2":"type-product","3":"status-publish","4":"has-post-thumbnail","6":"product_cat-analoq","7":"product_cat-hikvision","8":"product_cat-thluksizlik-kamerasi","9":"product_cat-videonzart","10":"product_tag-camerainstallation","11":"product_tag-cctv","12":"product_tag-hikvision","13":"product_tag-hikvisioncamera","14":"product_tag-hikvisioncctv","15":"product_tag-hikvisionsecurity","16":"product_tag-hikvisionsolutions","17":"product_tag-hikvisionsystem","18":"product_tag-hikvisiontechnology","19":"product_tag-homesecurity","20":"product_tag-ipcamera","21":"product_tag-securitycamera","22":"product_tag-smartsecurity","23":"product_tag-sumqayithikvisionmusahidkamerasi","24":"product_tag-sumqayithikvision","25":"product_tag-surveillance","26":"product_tag-thluksizlik","27":"product_tag-thluksizlikkameralari","28":"product_tag-videosurveillance","29":"description-off","31":"first","32":"instock","33":"shipping-taxable","34":"purchasable","35":"product-type-simple"},"_links":{"self":[{"href":"https:\/\/setap.az\/index.php?rest_route=\/wp\/v2\/product\/19527","targetHints":{"allow":["GET"]}}],"collection":[{"href":"https:\/\/setap.az\/index.php?rest_route=\/wp\/v2\/product"}],"about":[{"href":"https:\/\/setap.az\/index.php?rest_route=\/wp\/v2\/types\/product"}],"replies":[{"embeddable":true,"href":"https:\/\/setap.az\/index.php?rest_route=%2Fwp%2Fv2%2Fcomments&post=19527"}],"wp:featuredmedia":[{"embeddable":true,"href":"https:\/\/setap.az\/index.php?rest_route=\/wp\/v2\/media\/19528"}],"wp:attachment":[{"href":"https:\/\/setap.az\/index.php?rest_route=%2Fwp%2Fv2%2Fmedia&parent=19527"}],"wp:term":[{"taxonomy":"product_cat","embeddable":true,"href":"https:\/\/setap.az\/index.php?rest_route=%2Fwp%2Fv2%2Fproduct_cat&post=19527"},{"taxonomy":"product_tag","embeddable":true,"href":"https:\/\/setap.az\/index.php?rest_route=%2Fwp%2Fv2%2Fproduct_tag&post=19527"}],"curies":[{"name":"wp","href":"https:\/\/api.w.org\/{rel}","templated":true}]}}