{"id":19535,"date":"2025-06-03T16:07:51","date_gmt":"2025-06-03T12:07:51","guid":{"rendered":"https:\/\/setap.az\/?post_type=product&#038;p=19535"},"modified":"2026-01-08T13:12:05","modified_gmt":"2026-01-08T09:12:05","slug":"hikvision-2ce17hot-it5f","status":"publish","type":"product","link":"https:\/\/setap.az\/?product=hikvision-2ce17hot-it5f","title":{"rendered":"Hikvision 2CE17HOT-IT5F 5 MP Analoq kamera"},"content":{"rendered":"<p>Hikvision DS\u20112CE17H0T\u2011IT5F \u2014 bu, 5\u202fMP sabit obyektivli bullet tipli Turbo\u202fHD (analogue) kamerad\u0131r.<br \/>\n5\u202fMP y\u00fcks\u0259k q\u0259tnam\u0259 \u2014 2560 \u00d7 1944 piksel.<br \/>\nSabit lens variantlar\u0131: 3.6\u202fmm, 6\u202fmm, 8\u202fmm v\u0259 12\u202fmm.<br \/>\nLens\u0259 g\u00f6r\u0259 bax\u0131\u015f buca\u011f\u0131 d\u0259yi\u015fir (m\u0259s\u0259l\u0259n, 3.6\u202fmm \u00fc\u00e7\u00fcn ~80\u00b0 \u00fcf\u00fcqi).<br \/>\nIR (infraq\u0131rm\u0131z\u0131) i\u015f\u0131q m\u0259saf\u0259si: t\u0259xmin\u0259n 80\u202fm.<br \/>\nICR Day\/Night \u2014 g\u00fcnd\u00fcz\/gec\u0259 avtomatik ke\u00e7id.<br \/>\n4\u2011in\u20111 video \u00e7\u0131x\u0131\u015f\u0131: TVI \/ AHD \/ CVI \/ CVBS formatlar\u0131 aras\u0131nda ke\u00e7id.<br \/>\nTVI \u2192 HDTVI DVR il\u0259 istifad\u0259 edilir.<br \/>\nDWDR \/ BLC \/ HLC \/ Smart IR g\u00f6r\u00fcnt\u00fc texnologiyalar\u0131.<br \/>\nIP67 su v\u0259 tozdan qorunma \u2014 \u00e7\u00f6ld\u0259 istifad\u0259y\u0259 uy\u011fundur.<br \/>\nMaterial: Metal \u00f6n hiss\u0259 + plastik g\u00f6vd\u0259.<br \/>\n\u0130\u015fl\u0259m\u0259 temperaturu: \u201140\u202f\u00b0C \u2026 +60\u202f\u00b0C.<br \/>\n\u00d6l\u00e7\u00fc: t\u0259xmin\u0259n 78.9 \u00d7 75.4 \u00d7 216.6\u202fmm<br \/>\nA\u011f\u0131rl\u0131q: t\u0259xmin\u0259n 330\u202fg.<br \/>\n12\u202fVDC enerji il\u0259 i\u015fl\u0259yir. <\/p>\n","protected":false},"excerpt":{"rendered":"<p>Hikvision DS\u20112CE17H0T\u2011IT5F \u2014 bu, 5\u202fMP sabit obyektivli bullet tipli Turbo\u202fHD (analogue) kamerad\u0131r. 5\u202fMP y\u00fcks\u0259k q\u0259tnam\u0259 \u2014 2560 \u00d7 1944 piksel. Sabit lens variantlar\u0131: 3.6\u202fmm, 6\u202fmm, 8\u202fmm v\u0259 12\u202fmm. Lens\u0259 g\u00f6r\u0259 bax\u0131\u015f buca\u011f\u0131 d\u0259yi\u015fir (m\u0259s\u0259l\u0259n, 3.6\u202fmm \u00fc\u00e7\u00fcn ~80\u00b0 \u00fcf\u00fcqi). IR (infraq\u0131rm\u0131z\u0131) i\u015f\u0131q m\u0259saf\u0259si: t\u0259xmin\u0259n 80\u202fm. ICR Day\/Night \u2014 g\u00fcnd\u00fcz\/gec\u0259 avtomatik ke\u00e7id. 4\u2011in\u20111 video \u00e7\u0131x\u0131\u015f\u0131: TVI \/&hellip;<\/p>\n","protected":false},"featured_media":19536,"comment_status":"open","ping_status":"closed","template":"","meta":[],"product_cat":[2802,4016,2849],"product_tag":[3382,3132,2941,3379,2942,3380,3385,3381,3383,2937,3260,2939,2934,3718,3378,3135,3142,3071,3384],"class_list":{"0":"post-19535","1":"product","2":"type-product","3":"status-publish","4":"has-post-thumbnail","6":"product_cat-analoq","7":"product_cat-hikvision","8":"product_cat-videokameralar","9":"product_tag-camerainstallation","10":"product_tag-cctv","11":"product_tag-hikvision","12":"product_tag-hikvisioncamera","13":"product_tag-hikvisioncctv","14":"product_tag-hikvisionsecurity","15":"product_tag-hikvisionsolutions","16":"product_tag-hikvisionsystem","17":"product_tag-hikvisiontechnology","18":"product_tag-homesecurity","19":"product_tag-ipcamera","20":"product_tag-securitycamera","21":"product_tag-smartsecurity","22":"product_tag-sumqayithikvisionmusahidkamerasi","23":"product_tag-sumqayithikvision","24":"product_tag-surveillance","25":"product_tag-thluksizlik","26":"product_tag-thluksizlikkameralari","27":"product_tag-videosurveillance","28":"description-off","30":"first","31":"instock","32":"shipping-taxable","33":"purchasable","34":"product-type-simple"},"_links":{"self":[{"href":"https:\/\/setap.az\/index.php?rest_route=\/wp\/v2\/product\/19535","targetHints":{"allow":["GET"]}}],"collection":[{"href":"https:\/\/setap.az\/index.php?rest_route=\/wp\/v2\/product"}],"about":[{"href":"https:\/\/setap.az\/index.php?rest_route=\/wp\/v2\/types\/product"}],"replies":[{"embeddable":true,"href":"https:\/\/setap.az\/index.php?rest_route=%2Fwp%2Fv2%2Fcomments&post=19535"}],"wp:featuredmedia":[{"embeddable":true,"href":"https:\/\/setap.az\/index.php?rest_route=\/wp\/v2\/media\/19536"}],"wp:attachment":[{"href":"https:\/\/setap.az\/index.php?rest_route=%2Fwp%2Fv2%2Fmedia&parent=19535"}],"wp:term":[{"taxonomy":"product_cat","embeddable":true,"href":"https:\/\/setap.az\/index.php?rest_route=%2Fwp%2Fv2%2Fproduct_cat&post=19535"},{"taxonomy":"product_tag","embeddable":true,"href":"https:\/\/setap.az\/index.php?rest_route=%2Fwp%2Fv2%2Fproduct_tag&post=19535"}],"curies":[{"name":"wp","href":"https:\/\/api.w.org\/{rel}","templated":true}]}}