{"id":19537,"date":"2025-06-03T16:10:30","date_gmt":"2025-06-03T12:10:30","guid":{"rendered":"https:\/\/setap.az\/?post_type=product&#038;p=19537"},"modified":"2026-01-08T13:08:09","modified_gmt":"2026-01-08T09:08:09","slug":"hikvision-2cd1027g2-l","status":"publish","type":"product","link":"https:\/\/setap.az\/?product=hikvision-2cd1027g2-l","title":{"rendered":"Hikvision 2CD1027G2-L 2 MP IP kamera"},"content":{"rendered":"<p>Hikvision 2CD1027G2-L 2 MP IP kamera<br \/>\n&#8211; Matris n\u00f6v\u00fc v\u0259 \u00f6l\u00e7\u00fcs\u00fc: 1\/2.8&#8243; CMOS<br \/>\n&#8211; B\u0259d\u0259n tipi: Silindrik<br \/>\n&#8211; Video n\u0259zar\u0259t: 1920 x 1080<br \/>\n&#8211; 24\/7 r\u0259ngli g\u00f6r\u00fcnt\u00fc (ColorVu) \u2014 z\u0259if i\u015f\u0131qda bel\u0259 r\u0259ngli t\u0259svir.<br \/>\n&#8211; A\u015fa\u011f\u0131 i\u015f\u0131qda r\u0259ngli g\u00f6r\u00fcnt\u00fc performans\u0131 t\u0259qrib\u0259n 0.001\u202fLux (ColorVu il\u0259).<br \/>\n&#8211; Smart White Light \/ LED i\u015f\u0131q \u2014 gec\u0259 i\u015f\u0131\u011f\u0131nda r\u0259ngli g\u00f6r\u00fcnt\u00fc.<br \/>\n&#8211; \u00c7\u0259kili\u015f keyfiyy\u0259ti: 2MP<br \/>\n&#8211; Fokus uzunlu\u011fu v\u0259 \u00e7\u0259kili\u015f buca\u011f\u0131: 2.8mm\/105,2*<br \/>\n&#8211; Gec\u0259 g\u00f6rm\u0259 m\u0259saf\u0259si: 30m<br \/>\n&#8211; MikroSD kart: 256 GB<br \/>\n&#8211; Su v\u0259 tozdan qorunma d\u0259r\u0259c\u0259si: IP67<br \/>\n&#8211; Enerji istehlak\u0131: 12V\/5W<br \/>\n&#8211; \u0130\u015fl\u0259m\u0259 temperaturu: -30*C\/+60*C<\/p>\n","protected":false},"excerpt":{"rendered":"<p>Hikvision 2CD1027G2-L 2 MP IP kamera &#8211; Matris n\u00f6v\u00fc v\u0259 \u00f6l\u00e7\u00fcs\u00fc: 1\/2.8&#8243; CMOS &#8211; B\u0259d\u0259n tipi: Silindrik &#8211; Video n\u0259zar\u0259t: 1920 x 1080 &#8211; 24\/7 r\u0259ngli g\u00f6r\u00fcnt\u00fc (ColorVu) \u2014 z\u0259if i\u015f\u0131qda bel\u0259 r\u0259ngli t\u0259svir. &#8211; A\u015fa\u011f\u0131 i\u015f\u0131qda r\u0259ngli g\u00f6r\u00fcnt\u00fc performans\u0131 t\u0259qrib\u0259n 0.001\u202fLux (ColorVu il\u0259). &#8211; Smart White Light \/ LED i\u015f\u0131q \u2014 gec\u0259 i\u015f\u0131\u011f\u0131nda r\u0259ngli&hellip;<\/p>\n","protected":false},"featured_media":19538,"comment_status":"open","ping_status":"closed","template":"","meta":[],"product_cat":[4016,2803,2849],"product_tag":[3382,3132,2941,3379,2942,3380,3385,3381,3383,2937,3260,2939,2934,3718,3378,3135,3142,3071,3384],"class_list":{"0":"post-19537","1":"product","2":"type-product","3":"status-publish","4":"has-post-thumbnail","6":"product_cat-hikvision","7":"product_cat-ip","8":"product_cat-videokameralar","9":"product_tag-camerainstallation","10":"product_tag-cctv","11":"product_tag-hikvision","12":"product_tag-hikvisioncamera","13":"product_tag-hikvisioncctv","14":"product_tag-hikvisionsecurity","15":"product_tag-hikvisionsolutions","16":"product_tag-hikvisionsystem","17":"product_tag-hikvisiontechnology","18":"product_tag-homesecurity","19":"product_tag-ipcamera","20":"product_tag-securitycamera","21":"product_tag-smartsecurity","22":"product_tag-sumqayithikvisionmusahidkamerasi","23":"product_tag-sumqayithikvision","24":"product_tag-surveillance","25":"product_tag-thluksizlik","26":"product_tag-thluksizlikkameralari","27":"product_tag-videosurveillance","28":"description-off","30":"first","31":"instock","32":"shipping-taxable","33":"purchasable","34":"product-type-simple"},"_links":{"self":[{"href":"https:\/\/setap.az\/index.php?rest_route=\/wp\/v2\/product\/19537","targetHints":{"allow":["GET"]}}],"collection":[{"href":"https:\/\/setap.az\/index.php?rest_route=\/wp\/v2\/product"}],"about":[{"href":"https:\/\/setap.az\/index.php?rest_route=\/wp\/v2\/types\/product"}],"replies":[{"embeddable":true,"href":"https:\/\/setap.az\/index.php?rest_route=%2Fwp%2Fv2%2Fcomments&post=19537"}],"wp:featuredmedia":[{"embeddable":true,"href":"https:\/\/setap.az\/index.php?rest_route=\/wp\/v2\/media\/19538"}],"wp:attachment":[{"href":"https:\/\/setap.az\/index.php?rest_route=%2Fwp%2Fv2%2Fmedia&parent=19537"}],"wp:term":[{"taxonomy":"product_cat","embeddable":true,"href":"https:\/\/setap.az\/index.php?rest_route=%2Fwp%2Fv2%2Fproduct_cat&post=19537"},{"taxonomy":"product_tag","embeddable":true,"href":"https:\/\/setap.az\/index.php?rest_route=%2Fwp%2Fv2%2Fproduct_tag&post=19537"}],"curies":[{"name":"wp","href":"https:\/\/api.w.org\/{rel}","templated":true}]}}