{"id":19542,"date":"2025-06-04T11:32:15","date_gmt":"2025-06-04T07:32:15","guid":{"rendered":"https:\/\/setap.az\/?post_type=product&#038;p=19542"},"modified":"2025-06-27T12:04:59","modified_gmt":"2025-06-27T08:04:59","slug":"hikvision-ds-2ce17dot-it5f","status":"publish","type":"product","link":"https:\/\/setap.az\/?product=hikvision-ds-2ce17dot-it5f","title":{"rendered":"Hikvision DS-2CE17DOT-IT5F"},"content":{"rendered":"<p>\ud83d\udd39Model: DS-2CE17DOT-IT5F\ud83d\udd39<br \/>\n&#8211; \u00c7\u0259kili\u015f keyfiyy\u0259ti: 2 MP<br \/>\n&#8211; Video m\u00fc\u015fahid\u0259 keyfiyy\u0259ti: 1920 x 1080<br \/>\n&#8211; Gec\u0259 g\u00f6r\u00fc\u015f m\u0259saf\u0259si 30 m<br \/>\n&#8211; Fokus m\u0259saf\u0259si: 3.6mm<br \/>\n&#8211; A\u011f\u0131rl\u0131q: 320qr<br \/>\n&#8211; D\u0259qiqlik format\u0131: Full HD<br \/>\n&#8211; SD yadda\u015f kart\u0131 d\u0259st\u0259kli<br \/>\n&#8211; Qorunma standart\u0131: IP67<\/p>\n<p>#Sumqay\u0131tHikvision #Hikvision #HikvisionCamera #T\u0259hl\u00fck\u0259sizlikkameralar\u0131 #T\u0259hl\u00fck\u0259sizlik #SecurityCamera #CCTV #Surveillance #HikvisionSecurity #SmartSecurity #IPCamera #HikvisionSystem #CameraInstallation #HomeSecurity #HikvisionTechnology #VideoSurveillance #HikvisionSolutions #HikvisionCCTV<\/p>\n","protected":false},"excerpt":{"rendered":"<p>\ud83d\udd39Model: DS-2CE17DOT-IT5F\ud83d\udd39 &#8211; \u00c7\u0259kili\u015f keyfiyy\u0259ti: 2 MP &#8211; Video m\u00fc\u015fahid\u0259 keyfiyy\u0259ti: 1920 x 1080 &#8211; Gec\u0259 g\u00f6r\u00fc\u015f m\u0259saf\u0259si 30 m &#8211; Fokus m\u0259saf\u0259si: 3.6mm &#8211; A\u011f\u0131rl\u0131q: 320qr &#8211; D\u0259qiqlik format\u0131: Full HD &#8211; SD yadda\u015f kart\u0131 d\u0259st\u0259kli &#8211; Qorunma standart\u0131: IP67 #Sumqay\u0131tHikvision #Hikvision #HikvisionCamera #T\u0259hl\u00fck\u0259sizlikkameralar\u0131 #T\u0259hl\u00fck\u0259sizlik #SecurityCamera #CCTV #Surveillance #HikvisionSecurity #SmartSecurity #IPCamera #HikvisionSystem #CameraInstallation #HomeSecurity&hellip;<\/p>\n","protected":false},"featured_media":19543,"comment_status":"open","ping_status":"closed","template":"","meta":[],"product_cat":[2802,4016,2849],"product_tag":[3382,3132,2941,3379,2942,3380,3385,3381,3383,2937,3260,2939,2934,3378,3135,3142,3071,3384],"class_list":{"0":"post-19542","1":"product","2":"type-product","3":"status-publish","4":"has-post-thumbnail","6":"product_cat-analoq","7":"product_cat-hikvision","8":"product_cat-videokameralar","9":"product_tag-camerainstallation","10":"product_tag-cctv","11":"product_tag-hikvision","12":"product_tag-hikvisioncamera","13":"product_tag-hikvisioncctv","14":"product_tag-hikvisionsecurity","15":"product_tag-hikvisionsolutions","16":"product_tag-hikvisionsystem","17":"product_tag-hikvisiontechnology","18":"product_tag-homesecurity","19":"product_tag-ipcamera","20":"product_tag-securitycamera","21":"product_tag-smartsecurity","22":"product_tag-sumqayithikvision","23":"product_tag-surveillance","24":"product_tag-thluksizlik","25":"product_tag-thluksizlikkameralari","26":"product_tag-videosurveillance","27":"description-off","29":"first","30":"instock","31":"shipping-taxable","32":"purchasable","33":"product-type-simple"},"_links":{"self":[{"href":"https:\/\/setap.az\/index.php?rest_route=\/wp\/v2\/product\/19542","targetHints":{"allow":["GET"]}}],"collection":[{"href":"https:\/\/setap.az\/index.php?rest_route=\/wp\/v2\/product"}],"about":[{"href":"https:\/\/setap.az\/index.php?rest_route=\/wp\/v2\/types\/product"}],"replies":[{"embeddable":true,"href":"https:\/\/setap.az\/index.php?rest_route=%2Fwp%2Fv2%2Fcomments&post=19542"}],"wp:featuredmedia":[{"embeddable":true,"href":"https:\/\/setap.az\/index.php?rest_route=\/wp\/v2\/media\/19543"}],"wp:attachment":[{"href":"https:\/\/setap.az\/index.php?rest_route=%2Fwp%2Fv2%2Fmedia&parent=19542"}],"wp:term":[{"taxonomy":"product_cat","embeddable":true,"href":"https:\/\/setap.az\/index.php?rest_route=%2Fwp%2Fv2%2Fproduct_cat&post=19542"},{"taxonomy":"product_tag","embeddable":true,"href":"https:\/\/setap.az\/index.php?rest_route=%2Fwp%2Fv2%2Fproduct_tag&post=19542"}],"curies":[{"name":"wp","href":"https:\/\/api.w.org\/{rel}","templated":true}]}}