{"id":19558,"date":"2025-06-04T12:26:38","date_gmt":"2025-06-04T08:26:38","guid":{"rendered":"https:\/\/setap.az\/?post_type=product&#038;p=19558"},"modified":"2026-01-08T12:56:00","modified_gmt":"2026-01-08T08:56:00","slug":"hikvision-2ce17dot-it5","status":"publish","type":"product","link":"https:\/\/setap.az\/?product=hikvision-2ce17dot-it5","title":{"rendered":"Hikvision 2CE17DOT-IT5 2 MP Analoq kamera"},"content":{"rendered":"<p>Hikvision 2CE17DOT-IT5 2\u202fMP Full HD Turbo\u202fHD (HD\u2011TVI) bullet (sabit obyektivli) analoq kameradir<br \/>\n\u2022 2\u202fMP CMOS sensor \u2014 maksimum 1920\u00d71080 (Full\u202fHD) g\u00f6r\u00fcnt\u00fc.<br \/>\n\u2022 Day\/Night (ICR) \u2014 g\u00fcn v\u0259 gec\u0259 rejimi avtomatik.<br \/>\n\u2022 Sabit obyektiv se\u00e7iml\u0259ri: 3.6\u202fmm, 6\u202fmm, 8\u202fmm, 12\u202fmm.<br \/>\n\u2022 Lens\u0259 g\u00f6r\u0259 f\u0259rqli bax\u0131\u015f bucaqlar\u0131 (m\u0259s\u0259l\u0259n, 3.6\u202fmm \u2014 ~79.6\u00b0 hor.).<br \/>\n\u2022 IR illuminasiyas\u0131 il\u0259 t\u0259xmin\u0259n 80\u202fm gec\u0259 g\u00f6r\u00fcnt\u00fcs\u00fc.<br \/>\n\u2022 Smart IR \u2014 obyekt yax\u0131nla\u015fanda g\u00f6r\u00fcnt\u00fcn\u00fcn a\u011farmas\u0131n\u0131 azald\u0131r.<br \/>\n\u2022 HD\u2011TVI (Turbo\u202fHD) \u2014 koaksial kabell\u0259 DVR\u2011\u0259 qo\u015fulur.<br \/>\n\u2022 Digital WDR, BLC\/HLC, Smart IR \u2014 m\u00fcxt\u0259lif i\u015f\u0131qland\u0131rma \u015f\u0259raitind\u0259 daha yax\u015f\u0131 t\u0259svir.<br \/>\n\u2022 IP67 \u2014 su v\u0259 tozdan qorunma, \u00e7\u00f6l \u015f\u0259raitin\u0259 uy\u011fundur.<br \/>\n\u2022 Metal qabaq hiss\u0259 + plastik \u0259sas g\u00f6vd\u0259.<br \/>\n\u2022 \u0130\u015fl\u0259m\u0259 temperaturu: ~\u201140\u202f\u00b0C \u2026 +60\u202f\u00b0C.<br \/>\n\u2022 12\u202fV\u202fDC enerji il\u0259 i\u015fl\u0259yir.<br \/>\n\u2022 Video \u00e7\u0131x\u0131\u015f HD\u2011TVI analoq \u2014 DVR il\u0259 birba\u015fa qo\u015fulur.<br \/>\n\u2022 T\u0259xmini \u00f6l\u00e7\u00fc: 78.9\u202f\u00d7\u202f75.4\u202f\u00d7\u202f216.6\u202fmm; a\u011f\u0131rl\u0131q ~315\u202fg.<br \/>\n\u2022 80\u202fm\u2011\u0259 q\u0259d\u0259r gec\u0259 m\u0259saf\u0259si infraq\u0131rm\u0131z\u0131 il\u0259. <\/p>\n","protected":false},"excerpt":{"rendered":"<p>Hikvision 2CE17DOT-IT5 2\u202fMP Full HD Turbo\u202fHD (HD\u2011TVI) bullet (sabit obyektivli) analoq kameradir \u2022 2\u202fMP CMOS sensor \u2014 maksimum 1920\u00d71080 (Full\u202fHD) g\u00f6r\u00fcnt\u00fc. \u2022 Day\/Night (ICR) \u2014 g\u00fcn v\u0259 gec\u0259 rejimi avtomatik. \u2022 Sabit obyektiv se\u00e7iml\u0259ri: 3.6\u202fmm, 6\u202fmm, 8\u202fmm, 12\u202fmm. \u2022 Lens\u0259 g\u00f6r\u0259 f\u0259rqli bax\u0131\u015f bucaqlar\u0131 (m\u0259s\u0259l\u0259n, 3.6\u202fmm \u2014 ~79.6\u00b0 hor.). \u2022 IR illuminasiyas\u0131 il\u0259 t\u0259xmin\u0259n 80\u202fm&hellip;<\/p>\n","protected":false},"featured_media":19559,"comment_status":"open","ping_status":"closed","template":"","meta":[],"product_cat":[2802,4016,2849],"product_tag":[3382,3132,2941,3379,2942,3380,3385,3381,3383,2937,3260,2939,2934,3718,3378,3135,3142,3071,3384],"class_list":{"0":"post-19558","1":"product","2":"type-product","3":"status-publish","4":"has-post-thumbnail","6":"product_cat-analoq","7":"product_cat-hikvision","8":"product_cat-videokameralar","9":"product_tag-camerainstallation","10":"product_tag-cctv","11":"product_tag-hikvision","12":"product_tag-hikvisioncamera","13":"product_tag-hikvisioncctv","14":"product_tag-hikvisionsecurity","15":"product_tag-hikvisionsolutions","16":"product_tag-hikvisionsystem","17":"product_tag-hikvisiontechnology","18":"product_tag-homesecurity","19":"product_tag-ipcamera","20":"product_tag-securitycamera","21":"product_tag-smartsecurity","22":"product_tag-sumqayithikvisionmusahidkamerasi","23":"product_tag-sumqayithikvision","24":"product_tag-surveillance","25":"product_tag-thluksizlik","26":"product_tag-thluksizlikkameralari","27":"product_tag-videosurveillance","28":"description-off","30":"first","31":"instock","32":"shipping-taxable","33":"purchasable","34":"product-type-simple"},"_links":{"self":[{"href":"https:\/\/setap.az\/index.php?rest_route=\/wp\/v2\/product\/19558","targetHints":{"allow":["GET"]}}],"collection":[{"href":"https:\/\/setap.az\/index.php?rest_route=\/wp\/v2\/product"}],"about":[{"href":"https:\/\/setap.az\/index.php?rest_route=\/wp\/v2\/types\/product"}],"replies":[{"embeddable":true,"href":"https:\/\/setap.az\/index.php?rest_route=%2Fwp%2Fv2%2Fcomments&post=19558"}],"wp:featuredmedia":[{"embeddable":true,"href":"https:\/\/setap.az\/index.php?rest_route=\/wp\/v2\/media\/19559"}],"wp:attachment":[{"href":"https:\/\/setap.az\/index.php?rest_route=%2Fwp%2Fv2%2Fmedia&parent=19558"}],"wp:term":[{"taxonomy":"product_cat","embeddable":true,"href":"https:\/\/setap.az\/index.php?rest_route=%2Fwp%2Fv2%2Fproduct_cat&post=19558"},{"taxonomy":"product_tag","embeddable":true,"href":"https:\/\/setap.az\/index.php?rest_route=%2Fwp%2Fv2%2Fproduct_tag&post=19558"}],"curies":[{"name":"wp","href":"https:\/\/api.w.org\/{rel}","templated":true}]}}