{"id":19560,"date":"2025-06-04T12:49:33","date_gmt":"2025-06-04T08:49:33","guid":{"rendered":"https:\/\/setap.az\/?post_type=product&#038;p=19560"},"modified":"2026-01-08T12:50:29","modified_gmt":"2026-01-08T08:50:29","slug":"hicision-2ce19d3t-it3zf","status":"publish","type":"product","link":"https:\/\/setap.az\/?product=hicision-2ce19d3t-it3zf","title":{"rendered":"Hikvision 2CE19D3T &#8211; IT3ZF 2MP Analoq kamera"},"content":{"rendered":"<p>Hikvision DS\u20112CE19D3T\u2011IT3ZF kameras\u0131 2\u202fMP q\u0259tnam\u0259li modeldir \u2014 y\u0259ni g\u00f6r\u00fcnt\u00fc 1920\u202f\u00d7\u202f1080 piksel (Full HD) \u00f6l\u00e7\u00fcs\u00fcnd\u0259dir.<br \/>\nBu, bullet tipli, motorlu varifokal lensli HD\u2011TVI analoq kamerad\u0131r.<br \/>\n\u018fsas\u0259n \u00e7\u00f6l m\u00fchitl\u0259ri, parklar, obyekt giri\u015fl\u0259ri, h\u0259y\u0259tl\u0259r, ma\u011fazalar v\u0259 ofisl\u0259r \u00fc\u00e7\u00fcn n\u0259z\u0259rd\u0259 tutulub.<br \/>\nMotorlu varifokal lens zoom v\u0259 fokus m\u0259saf\u0259sini uzaqdan idar\u0259 etm\u0259y\u0259 imkan verir, y\u0259ni kamera daha elastik sah\u0259 \u0259hat\u0259si t\u0259qdim edir.<br \/>\nSensor: 2.0\u202fMP Progressive\u202fScan\u202fCMOS<br \/>\nMaksimum q\u0259tnam\u0259: 1920\u202f\u00d7\u202f1080 (\u22482\u202fMP)<br \/>\nVideo format: HD analog (TVI\/AHD\/CVI\/CVBS) \u2014 analoq siqnal sistemi<br \/>\nIR gec\u0259 m\u0259saf\u0259si: t\u0259xmin\u0259n 70\u202fm (infraq\u0131rm\u0131z\u0131 i\u015f\u0131qla)<br \/>\nLens: Motorlu varifokal 2.7\u202fmm\u201313.5\u202fmm<br \/>\nTrue\u202fWDR \u2265120\u202fdB, 3D\u202fDNR, Smart\u202fIR v\u0259 s. funksiyalar var<br \/>\nIP6 su\/toz qorunmas\u0131 (\u00e7\u00f6l \u00fc\u00e7\u00fcn uy\u011fundur) <\/p>\n","protected":false},"excerpt":{"rendered":"<p>Hikvision DS\u20112CE19D3T\u2011IT3ZF kameras\u0131 2\u202fMP q\u0259tnam\u0259li modeldir \u2014 y\u0259ni g\u00f6r\u00fcnt\u00fc 1920\u202f\u00d7\u202f1080 piksel (Full HD) \u00f6l\u00e7\u00fcs\u00fcnd\u0259dir. Bu, bullet tipli, motorlu varifokal lensli HD\u2011TVI analoq kamerad\u0131r. \u018fsas\u0259n \u00e7\u00f6l m\u00fchitl\u0259ri, parklar, obyekt giri\u015fl\u0259ri, h\u0259y\u0259tl\u0259r, ma\u011fazalar v\u0259 ofisl\u0259r \u00fc\u00e7\u00fcn n\u0259z\u0259rd\u0259 tutulub. Motorlu varifokal lens zoom v\u0259 fokus m\u0259saf\u0259sini uzaqdan idar\u0259 etm\u0259y\u0259 imkan verir, y\u0259ni kamera daha elastik sah\u0259 \u0259hat\u0259si t\u0259qdim&hellip;<\/p>\n","protected":false},"featured_media":19561,"comment_status":"open","ping_status":"closed","template":"","meta":[],"product_cat":[2802,4016,2849],"product_tag":[3382,3132,2941,3379,2942,3380,3385,3381,3383,2937,3260,2939,2934,3718,3378,3135,3142,3071,3384],"class_list":{"0":"post-19560","1":"product","2":"type-product","3":"status-publish","4":"has-post-thumbnail","6":"product_cat-analoq","7":"product_cat-hikvision","8":"product_cat-videokameralar","9":"product_tag-camerainstallation","10":"product_tag-cctv","11":"product_tag-hikvision","12":"product_tag-hikvisioncamera","13":"product_tag-hikvisioncctv","14":"product_tag-hikvisionsecurity","15":"product_tag-hikvisionsolutions","16":"product_tag-hikvisionsystem","17":"product_tag-hikvisiontechnology","18":"product_tag-homesecurity","19":"product_tag-ipcamera","20":"product_tag-securitycamera","21":"product_tag-smartsecurity","22":"product_tag-sumqayithikvisionmusahidkamerasi","23":"product_tag-sumqayithikvision","24":"product_tag-surveillance","25":"product_tag-thluksizlik","26":"product_tag-thluksizlikkameralari","27":"product_tag-videosurveillance","28":"description-off","30":"first","31":"instock","32":"shipping-taxable","33":"purchasable","34":"product-type-simple"},"_links":{"self":[{"href":"https:\/\/setap.az\/index.php?rest_route=\/wp\/v2\/product\/19560","targetHints":{"allow":["GET"]}}],"collection":[{"href":"https:\/\/setap.az\/index.php?rest_route=\/wp\/v2\/product"}],"about":[{"href":"https:\/\/setap.az\/index.php?rest_route=\/wp\/v2\/types\/product"}],"replies":[{"embeddable":true,"href":"https:\/\/setap.az\/index.php?rest_route=%2Fwp%2Fv2%2Fcomments&post=19560"}],"wp:featuredmedia":[{"embeddable":true,"href":"https:\/\/setap.az\/index.php?rest_route=\/wp\/v2\/media\/19561"}],"wp:attachment":[{"href":"https:\/\/setap.az\/index.php?rest_route=%2Fwp%2Fv2%2Fmedia&parent=19560"}],"wp:term":[{"taxonomy":"product_cat","embeddable":true,"href":"https:\/\/setap.az\/index.php?rest_route=%2Fwp%2Fv2%2Fproduct_cat&post=19560"},{"taxonomy":"product_tag","embeddable":true,"href":"https:\/\/setap.az\/index.php?rest_route=%2Fwp%2Fv2%2Fproduct_tag&post=19560"}],"curies":[{"name":"wp","href":"https:\/\/api.w.org\/{rel}","templated":true}]}}