{"id":19563,"date":"2025-06-05T08:49:41","date_gmt":"2025-06-05T04:49:41","guid":{"rendered":"https:\/\/setap.az\/?post_type=product&#038;p=19563"},"modified":"2026-01-08T12:39:06","modified_gmt":"2026-01-08T08:39:06","slug":"hikvision-2ce12k3t-l","status":"publish","type":"product","link":"https:\/\/setap.az\/?product=hikvision-2ce12k3t-l","title":{"rendered":"Hikvision 2CE12K3T-L 5 MP Analoq kamera"},"content":{"rendered":"<p>Hikvision DS\u20112CE12K3T\u2011L \u2014 bu, Turbo\u202fHD (HD\u2011TVI) analoq bullet tipli t\u0259hl\u00fck\u0259sizlik kameras\u0131d\u0131r<br \/>\n3\u202fK CMOS sensor \u2014 y\u00fcks\u0259k (t\u0259xmin\u0259n 2960 \u00d7 1665) q\u0259tnam\u0259.<br \/>\n5 MP g\u00f6r\u00fcnt\u00fc<br \/>\nA\u015fa\u011f\u0131 i\u015f\u0131qda \u0259la performans.<br \/>\n24\/7 r\u0259ngli g\u00f6r\u00fcnt\u00fc \u00fc\u00e7\u00fcn geni\u015f diafraqma (F1.0).<br \/>\nDWDR \/ True WDR (\u2265130\u202fdB) \u2014 arxa i\u015f\u0131q \u015f\u0259raitind\u0259 ayd\u0131n g\u00f6r\u00fcnt\u00fc.<br \/>\n3D DNR \u2014 g\u00f6r\u00fcnt\u00fcd\u0259 s\u0259s\u2011k\u00fcy\u00fcn azald\u0131lmas\u0131.<br \/>\nSabit lens: 2.8\u202fmm v\u0259 ya 3.6\u202fmm variantlar.<br \/>\nGeni\u015f bucaq sah\u0259si v\u0259 yax\u015f\u0131 g\u00f6r\u00fcnt\u00fc sah\u0259si t\u0259min edir.<br \/>\nIR (infraq\u0131rm\u0131z\u0131) v\u0259 Smart\/White Light il\u0259 gec\u0259 g\u00f6r\u00fcnt\u00fcs\u00fc: ~40\u202fm q\u0259d\u0259r.<br \/>\nIP67 \u2014 su v\u0259 toza qar\u015f\u0131 y\u00fcks\u0259k s\u0259viyy\u0259d\u0259 qorunma (\u00e7\u00f6l m\u00fchiti \u00fc\u00e7\u00fcn uy\u011fundur).<br \/>\nTurbo\u202fHD \/ HD\u2011TVI (analogue) \u2014 koaksial kabel \u00fcz\u0259rind\u0259n DVR\u2011l\u0259rl\u0259 qo\u015fulur (analoq sistem).<br \/>\n12\u202fVDC enerji il\u0259 i\u015fl\u0259yir. <\/p>\n","protected":false},"excerpt":{"rendered":"<p>Hikvision DS\u20112CE12K3T\u2011L \u2014 bu, Turbo\u202fHD (HD\u2011TVI) analoq bullet tipli t\u0259hl\u00fck\u0259sizlik kameras\u0131d\u0131r 3\u202fK CMOS sensor \u2014 y\u00fcks\u0259k (t\u0259xmin\u0259n 2960 \u00d7 1665) q\u0259tnam\u0259. 5 MP g\u00f6r\u00fcnt\u00fc A\u015fa\u011f\u0131 i\u015f\u0131qda \u0259la performans. 24\/7 r\u0259ngli g\u00f6r\u00fcnt\u00fc \u00fc\u00e7\u00fcn geni\u015f diafraqma (F1.0). DWDR \/ True WDR (\u2265130\u202fdB) \u2014 arxa i\u015f\u0131q \u015f\u0259raitind\u0259 ayd\u0131n g\u00f6r\u00fcnt\u00fc. 3D DNR \u2014 g\u00f6r\u00fcnt\u00fcd\u0259 s\u0259s\u2011k\u00fcy\u00fcn azald\u0131lmas\u0131. Sabit lens: 2.8\u202fmm&hellip;<\/p>\n","protected":false},"featured_media":19564,"comment_status":"open","ping_status":"closed","template":"","meta":[],"product_cat":[2802,4016,2849],"product_tag":[3382,3132,2941,3379,2942,3380,3385,3381,3383,2937,3260,2939,2934,3718,3378,3135,3142,3071,3384],"class_list":{"0":"post-19563","1":"product","2":"type-product","3":"status-publish","4":"has-post-thumbnail","6":"product_cat-analoq","7":"product_cat-hikvision","8":"product_cat-videokameralar","9":"product_tag-camerainstallation","10":"product_tag-cctv","11":"product_tag-hikvision","12":"product_tag-hikvisioncamera","13":"product_tag-hikvisioncctv","14":"product_tag-hikvisionsecurity","15":"product_tag-hikvisionsolutions","16":"product_tag-hikvisionsystem","17":"product_tag-hikvisiontechnology","18":"product_tag-homesecurity","19":"product_tag-ipcamera","20":"product_tag-securitycamera","21":"product_tag-smartsecurity","22":"product_tag-sumqayithikvisionmusahidkamerasi","23":"product_tag-sumqayithikvision","24":"product_tag-surveillance","25":"product_tag-thluksizlik","26":"product_tag-thluksizlikkameralari","27":"product_tag-videosurveillance","28":"description-off","30":"first","31":"instock","32":"shipping-taxable","33":"purchasable","34":"product-type-simple"},"_links":{"self":[{"href":"https:\/\/setap.az\/index.php?rest_route=\/wp\/v2\/product\/19563","targetHints":{"allow":["GET"]}}],"collection":[{"href":"https:\/\/setap.az\/index.php?rest_route=\/wp\/v2\/product"}],"about":[{"href":"https:\/\/setap.az\/index.php?rest_route=\/wp\/v2\/types\/product"}],"replies":[{"embeddable":true,"href":"https:\/\/setap.az\/index.php?rest_route=%2Fwp%2Fv2%2Fcomments&post=19563"}],"wp:featuredmedia":[{"embeddable":true,"href":"https:\/\/setap.az\/index.php?rest_route=\/wp\/v2\/media\/19564"}],"wp:attachment":[{"href":"https:\/\/setap.az\/index.php?rest_route=%2Fwp%2Fv2%2Fmedia&parent=19563"}],"wp:term":[{"taxonomy":"product_cat","embeddable":true,"href":"https:\/\/setap.az\/index.php?rest_route=%2Fwp%2Fv2%2Fproduct_cat&post=19563"},{"taxonomy":"product_tag","embeddable":true,"href":"https:\/\/setap.az\/index.php?rest_route=%2Fwp%2Fv2%2Fproduct_tag&post=19563"}],"curies":[{"name":"wp","href":"https:\/\/api.w.org\/{rel}","templated":true}]}}