{"id":19575,"date":"2025-06-05T11:13:53","date_gmt":"2025-06-05T07:13:53","guid":{"rendered":"https:\/\/setap.az\/?post_type=product&#038;p=19575"},"modified":"2026-01-12T16:28:15","modified_gmt":"2026-01-12T12:28:15","slug":"dahua-dh-ipc-hdw1430t1-s5-4mp-ip-kamera","status":"publish","type":"product","link":"https:\/\/setap.az\/?product=dahua-dh-ipc-hdw1430t1-s5-4mp-ip-kamera","title":{"rendered":"Dahua DH-IPC-HDW1430T1-S5 \u2013 4MP  IP Kamera"},"content":{"rendered":"<p>Dahua DH-IPC-HDW1430T1-S5 \u2013 4MP IP T\u0259hl\u00fck\u0259sizlik Kameras\u0131<br \/>\nGec\u0259 G\u00f6rm\u0259 v\u0259 Ayd\u0131n G\u00f6r\u00fcnt\u00fc<br \/>\n\u2705 30 metr\u0259 q\u0259d\u0259r IR gec\u0259 g\u00f6rm\u0259 \u2013 Qaranl\u0131qda bel\u0259 ayd\u0131n t\u0259svir!<br \/>\n\u2705 Tamamil\u0259 qaranl\u0131q m\u00fchitl\u0259rd\u0259 bel\u0259 y\u00fcks\u0259k keyfiyy\u0259tli g\u00f6r\u00fcnt\u00fc t\u0259min edir.<br \/>\n\u2705 Daxili IR filtri v\u0259 avtomatik i\u015f\u0131q t\u0259nziml\u0259m\u0259 funksiyas\u0131.<\/p>\n<p>\ud83c\udfa5 Video v\u0259 S\u0259s X\u00fcsusiyy\u0259tl\u0259ri<br \/>\n\u2705 4MP QHD Super HD video keyfiyy\u0259ti<br \/>\n\u2705 H.265 kodla\u015fd\u0131rma il\u0259 daha az yer tutan videolar<br \/>\n\u2705 Real-time video yay\u0131m\u0131 v\u0259 mobil n\u0259zar\u0259t imkan\u0131<\/p>\n<p>\ud83d\udea8 T\u0259hl\u00fck\u0259sizlik v\u0259 A\u011f\u0131ll\u0131 Funksiyalar<br \/>\n\u2705 H\u0259r\u0259k\u0259t a\u015fkarlama v\u0259 ani bildiri\u015fl\u0259r \u2013 T\u0259hl\u00fck\u0259 an\u0131nda x\u0259b\u0259rdarl\u0131q al!<br \/>\n\u2705 Sah\u0259y\u0259 giri\u015f v\u0259 s\u0259rh\u0259d pozuntusu a\u015fkarlama<br \/>\n\u2705 A\u011f\u0131ll\u0131 \u015f\u0259b\u0259k\u0259 \u0259laq\u0259si v\u0259 stabil g\u00f6r\u00fcnt\u00fc \u00f6t\u00fcr\u00fclm\u0259si<\/p>\n<p>\ud83d\udce1 \u015e\u0259b\u0259k\u0259 v\u0259 Ba\u011flant\u0131lar<br \/>\n\u2705 PoE (Power over Ethernet) d\u0259st\u0259yi \u2013 Daha rahat qura\u015fd\u0131rma!<br \/>\n\u2705 ONVIF d\u0259st\u0259yi \u2013 Dig\u0259r t\u0259hl\u00fck\u0259sizlik sisteml\u0259ri il\u0259 uy\u011funluq!<br \/>\n\u2705 Ethernet Portu (10\/100 Mbps RJ45) \u2013 Daha stabil ba\u011flant\u0131 \u00fc\u00e7\u00fcn!<br \/>\n\u2705 Mobil t\u0259tbiq: DMSS App (iOS &#038; Android) \u2013 Kameran\u0131 smartfonla tam idar\u0259 et!<\/p>\n<p>\ud83d\udcbe Yadda\u015f v\u0259 Qura\u015fd\u0131rma<br \/>\n\u2705 MicroSD kart d\u0259st\u0259yi (256GB-a q\u0259d\u0259r) \u2013 Offline video saxlamaq \u00fc\u00e7\u00fcn!<br \/>\n\u2705 Bulud yadda\u015f d\u0259st\u0259yi \u2013 Videolar\u0131n\u0131z\u0131 internetd\u0259 t\u0259hl\u00fck\u0259siz saxlay\u0131n!<\/p>\n","protected":false},"excerpt":{"rendered":"<p>Dahua DH-IPC-HDW1430T1-S5 \u2013 4MP y\u00fcks\u0259k keyfiyy\u0259tli t\u0259svir, g\u00fccl\u00fc gec\u0259 g\u00f6rm\u0259 v\u0259 a\u011f\u0131ll\u0131 t\u0259hl\u00fck\u0259sizlik funksiyalar\u0131 il\u0259 t\u0259chiz olunmu\u015f \u015f\u0259b\u0259k\u0259 kameras\u0131d\u0131r.<\/p>\n","protected":false},"featured_media":19576,"comment_status":"open","ping_status":"closed","template":"","meta":[],"product_cat":[4086,2803,5271,2841],"product_tag":[3575,3571,3570,3576,3578,3520,3573,3071,3572,3577],"class_list":{"0":"post-19575","1":"product","2":"type-product","3":"status-publish","4":"has-post-thumbnail","6":"product_cat-dahua","7":"product_cat-ip","8":"product_cat-thluksizlik-kamerasi","9":"product_cat-videonzart","10":"product_tag-dahua","11":"product_tag-dahuaazerbaijan","12":"product_tag-dahuaazrbaycan","13":"product_tag-dahuakameralari","14":"product_tag-hllr","15":"product_tag-siqnalizasiya","16":"product_tag-thluksiz","17":"product_tag-thluksizlikkameralari","18":"product_tag-thluksizyasam","19":"product_tag-ttbiq","20":"description-off","22":"first","23":"instock","24":"shipping-taxable","25":"purchasable","26":"product-type-simple"},"_links":{"self":[{"href":"https:\/\/setap.az\/index.php?rest_route=\/wp\/v2\/product\/19575","targetHints":{"allow":["GET"]}}],"collection":[{"href":"https:\/\/setap.az\/index.php?rest_route=\/wp\/v2\/product"}],"about":[{"href":"https:\/\/setap.az\/index.php?rest_route=\/wp\/v2\/types\/product"}],"replies":[{"embeddable":true,"href":"https:\/\/setap.az\/index.php?rest_route=%2Fwp%2Fv2%2Fcomments&post=19575"}],"wp:featuredmedia":[{"embeddable":true,"href":"https:\/\/setap.az\/index.php?rest_route=\/wp\/v2\/media\/19576"}],"wp:attachment":[{"href":"https:\/\/setap.az\/index.php?rest_route=%2Fwp%2Fv2%2Fmedia&parent=19575"}],"wp:term":[{"taxonomy":"product_cat","embeddable":true,"href":"https:\/\/setap.az\/index.php?rest_route=%2Fwp%2Fv2%2Fproduct_cat&post=19575"},{"taxonomy":"product_tag","embeddable":true,"href":"https:\/\/setap.az\/index.php?rest_route=%2Fwp%2Fv2%2Fproduct_tag&post=19575"}],"curies":[{"name":"wp","href":"https:\/\/api.w.org\/{rel}","templated":true}]}}