{"id":19582,"date":"2025-06-05T12:04:32","date_gmt":"2025-06-05T08:04:32","guid":{"rendered":"https:\/\/setap.az\/?post_type=product&#038;p=19582"},"modified":"2026-01-08T12:15:29","modified_gmt":"2026-01-08T08:15:29","slug":"hikvision-2ce17dot-it3","status":"publish","type":"product","link":"https:\/\/setap.az\/?product=hikvision-2ce17dot-it3","title":{"rendered":"Hikvision 2CE17DOT-IT3 2MP Analoq kamera"},"content":{"rendered":"<p>Hikvision DS-2CE17D0T-IT3 \u2014 bu, 2 MP sabit lensli bullet tipli Turbo HD (HD-TVI) Analopq t\u0259hl\u00fck\u0259sizlik kameras\u0131d\u0131r.<br \/>\n2 MP (1920 \u00d7 1080) y\u00fcks\u0259k q\u0259tnam\u0259 g\u00f6r\u00fcnt\u00fc.<br \/>\nCMOS sensor v\u0259 Day\/Night (ICR) gec\u0259\/g\u00fcnd\u00fcz ke\u00e7idi.<br \/>\nDigital WDR m\u0259nz\u0259r\u0259d\u0259 kontrast balans\u0131n\u0131 yax\u015f\u0131la\u015fd\u0131r\u0131r.<br \/>\nSabit lensl\u0259r: 2.8 mm, 3.6 mm, 6 mm, 8 mm v\u0259 12 mm variantlar.<br \/>\nIR m\u0259saf\u0259si: t\u0259xmin\u0259n 40 m \u2014 gec\u0259 i\u015f\u0131\u011f\u0131nda yax\u015f\u0131 g\u00f6r\u00fcnt\u00fc.<br \/>\nIR illuminasiyas\u0131 il\u0259 gec\u0259 g\u00f6r\u00fcnt\u00fc funksiyas\u0131.<br \/>\nSmart IR, s\u0259s-k\u00fcy azald\u0131lmas\u0131 v\u0259 dig\u0259r g\u00f6r\u00fcnt\u00fc t\u0259kmill\u0259\u015fdirm\u0259 (BLC\/HLC\/Global).<br \/>\nIP67 \u2014 su v\u0259 toza qar\u015f\u0131 m\u00fck\u0259mm\u0259l qorunma (\u00e7\u00f6l m\u00fchiti \u00fc\u00e7\u00fcn uy\u011fundur).<br \/>\nMetal &#038; plastik korpus, s\u0259rt \u015f\u0259raitd\u0259 d\u0259 davaml\u0131.<br \/>\n\u0130\u015fl\u0259m\u0259 temperaturu: -40 \u00b0C \u2026 +60 \u00b0C.<br \/>\n12 VDC enerji il\u0259 i\u015fl\u0259yir.<br \/>\nKamera HD analog (TVI) siqnal il\u0259 i\u015fl\u0259yir. <\/p>\n","protected":false},"excerpt":{"rendered":"<p>Hikvision DS-2CE17D0T-IT3 \u2014 bu, 2 MP sabit lensli bullet tipli Turbo HD (HD-TVI) Analopq t\u0259hl\u00fck\u0259sizlik kameras\u0131d\u0131r. 2 MP (1920 \u00d7 1080) y\u00fcks\u0259k q\u0259tnam\u0259 g\u00f6r\u00fcnt\u00fc. CMOS sensor v\u0259 Day\/Night (ICR) gec\u0259\/g\u00fcnd\u00fcz ke\u00e7idi. Digital WDR m\u0259nz\u0259r\u0259d\u0259 kontrast balans\u0131n\u0131 yax\u015f\u0131la\u015fd\u0131r\u0131r. Sabit lensl\u0259r: 2.8 mm, 3.6 mm, 6 mm, 8 mm v\u0259 12 mm variantlar. IR m\u0259saf\u0259si: t\u0259xmin\u0259n 40&hellip;<\/p>\n","protected":false},"featured_media":19583,"comment_status":"open","ping_status":"closed","template":"","meta":[],"product_cat":[2802,4016,2849],"product_tag":[3382,3132,2941,3379,2942,3380,3385,3381,3383,2937,3260,2939,2934,3718,3378,3135,3142,3071,3384],"class_list":{"0":"post-19582","1":"product","2":"type-product","3":"status-publish","4":"has-post-thumbnail","6":"product_cat-analoq","7":"product_cat-hikvision","8":"product_cat-videokameralar","9":"product_tag-camerainstallation","10":"product_tag-cctv","11":"product_tag-hikvision","12":"product_tag-hikvisioncamera","13":"product_tag-hikvisioncctv","14":"product_tag-hikvisionsecurity","15":"product_tag-hikvisionsolutions","16":"product_tag-hikvisionsystem","17":"product_tag-hikvisiontechnology","18":"product_tag-homesecurity","19":"product_tag-ipcamera","20":"product_tag-securitycamera","21":"product_tag-smartsecurity","22":"product_tag-sumqayithikvisionmusahidkamerasi","23":"product_tag-sumqayithikvision","24":"product_tag-surveillance","25":"product_tag-thluksizlik","26":"product_tag-thluksizlikkameralari","27":"product_tag-videosurveillance","28":"description-off","30":"first","31":"instock","32":"shipping-taxable","33":"purchasable","34":"product-type-simple"},"_links":{"self":[{"href":"https:\/\/setap.az\/index.php?rest_route=\/wp\/v2\/product\/19582","targetHints":{"allow":["GET"]}}],"collection":[{"href":"https:\/\/setap.az\/index.php?rest_route=\/wp\/v2\/product"}],"about":[{"href":"https:\/\/setap.az\/index.php?rest_route=\/wp\/v2\/types\/product"}],"replies":[{"embeddable":true,"href":"https:\/\/setap.az\/index.php?rest_route=%2Fwp%2Fv2%2Fcomments&post=19582"}],"wp:featuredmedia":[{"embeddable":true,"href":"https:\/\/setap.az\/index.php?rest_route=\/wp\/v2\/media\/19583"}],"wp:attachment":[{"href":"https:\/\/setap.az\/index.php?rest_route=%2Fwp%2Fv2%2Fmedia&parent=19582"}],"wp:term":[{"taxonomy":"product_cat","embeddable":true,"href":"https:\/\/setap.az\/index.php?rest_route=%2Fwp%2Fv2%2Fproduct_cat&post=19582"},{"taxonomy":"product_tag","embeddable":true,"href":"https:\/\/setap.az\/index.php?rest_route=%2Fwp%2Fv2%2Fproduct_tag&post=19582"}],"curies":[{"name":"wp","href":"https:\/\/api.w.org\/{rel}","templated":true}]}}