{"id":19596,"date":"2025-06-05T13:14:21","date_gmt":"2025-06-05T09:14:21","guid":{"rendered":"https:\/\/setap.az\/?post_type=product&#038;p=19596"},"modified":"2026-01-06T17:06:12","modified_gmt":"2026-01-06T13:06:12","slug":"19596","status":"publish","type":"product","link":"https:\/\/setap.az\/?product=19596","title":{"rendered":"Hikvision 2CE70DOT-ITMF 2MP Analoq kamera"},"content":{"rendered":"<p>Hikvision 2CE70DOT-ITMF 2MP Analoq kamera<br \/>\n-1\/3 d\u00fcy\u00fcml\u00fck y\u00fcks\u0259k performansl\u0131 CMOS matrisi<br \/>\n-Gec\u0259 foto \u015f\u0259kill\u0259ri \u00fc\u00e7\u00fcn infraq\u0131rm\u0131z\u0131 i\u015f\u0131qland\u0131rma t\u0259min edilir<br \/>\n-2.8mm &#8211; lik fokus m\u0259saf\u0259si m\u00f6vcuddur<br \/>\n-\u00c7\u0259kili\u015f buca\u011f\u0131: 103*<br \/>\n-20m-\u0259 q\u0259d\u0259r g\u00f6r\u00fc\u015f m\u0259saf\u0259si<br \/>\n-Qaranl\u0131qda y\u00fcks\u0259k keyfiyy\u0259tli foto\u015f\u0259kill\u0259r \u00e7\u0259km\u0259y\u0259 imkan verir<br \/>\n-Kamera saniy\u0259d\u0259 25 kadr s\u00fcr\u0259tl\u0259 1920 x 1080 \u00f6l\u00e7\u00fcl\u00fc video ax\u0131n\u0131 yarad\u0131r<br \/>\n-Su v\u0259 tozdan qorunma srandart\u0131: IP67<\/p>\n","protected":false},"excerpt":{"rendered":"<p>Hikvision 2CE70DOT-ITMF 2MP Analoq kamera -1\/3 d\u00fcy\u00fcml\u00fck y\u00fcks\u0259k performansl\u0131 CMOS matrisi -Gec\u0259 foto \u015f\u0259kill\u0259ri \u00fc\u00e7\u00fcn infraq\u0131rm\u0131z\u0131 i\u015f\u0131qland\u0131rma t\u0259min edilir -2.8mm &#8211; lik fokus m\u0259saf\u0259si m\u00f6vcuddur -\u00c7\u0259kili\u015f buca\u011f\u0131: 103* -20m-\u0259 q\u0259d\u0259r g\u00f6r\u00fc\u015f m\u0259saf\u0259si -Qaranl\u0131qda y\u00fcks\u0259k keyfiyy\u0259tli foto\u015f\u0259kill\u0259r \u00e7\u0259km\u0259y\u0259 imkan verir -Kamera saniy\u0259d\u0259 25 kadr s\u00fcr\u0259tl\u0259 1920 x 1080 \u00f6l\u00e7\u00fcl\u00fc video ax\u0131n\u0131 yarad\u0131r -Su v\u0259 tozdan qorunma&hellip;<\/p>\n","protected":false},"featured_media":19597,"comment_status":"open","ping_status":"closed","template":"","meta":[],"product_cat":[2802,4016,2849],"product_tag":[3382,3132,2941,3379,2942,3380,3385,3381,3383,2937,3260,2939,2934,3718,3378,3135,3142,3071,3384],"class_list":{"0":"post-19596","1":"product","2":"type-product","3":"status-publish","4":"has-post-thumbnail","6":"product_cat-analoq","7":"product_cat-hikvision","8":"product_cat-videokameralar","9":"product_tag-camerainstallation","10":"product_tag-cctv","11":"product_tag-hikvision","12":"product_tag-hikvisioncamera","13":"product_tag-hikvisioncctv","14":"product_tag-hikvisionsecurity","15":"product_tag-hikvisionsolutions","16":"product_tag-hikvisionsystem","17":"product_tag-hikvisiontechnology","18":"product_tag-homesecurity","19":"product_tag-ipcamera","20":"product_tag-securitycamera","21":"product_tag-smartsecurity","22":"product_tag-sumqayithikvisionmusahidkamerasi","23":"product_tag-sumqayithikvision","24":"product_tag-surveillance","25":"product_tag-thluksizlik","26":"product_tag-thluksizlikkameralari","27":"product_tag-videosurveillance","28":"description-off","30":"first","31":"instock","32":"shipping-taxable","33":"purchasable","34":"product-type-simple"},"_links":{"self":[{"href":"https:\/\/setap.az\/index.php?rest_route=\/wp\/v2\/product\/19596","targetHints":{"allow":["GET"]}}],"collection":[{"href":"https:\/\/setap.az\/index.php?rest_route=\/wp\/v2\/product"}],"about":[{"href":"https:\/\/setap.az\/index.php?rest_route=\/wp\/v2\/types\/product"}],"replies":[{"embeddable":true,"href":"https:\/\/setap.az\/index.php?rest_route=%2Fwp%2Fv2%2Fcomments&post=19596"}],"wp:featuredmedia":[{"embeddable":true,"href":"https:\/\/setap.az\/index.php?rest_route=\/wp\/v2\/media\/19597"}],"wp:attachment":[{"href":"https:\/\/setap.az\/index.php?rest_route=%2Fwp%2Fv2%2Fmedia&parent=19596"}],"wp:term":[{"taxonomy":"product_cat","embeddable":true,"href":"https:\/\/setap.az\/index.php?rest_route=%2Fwp%2Fv2%2Fproduct_cat&post=19596"},{"taxonomy":"product_tag","embeddable":true,"href":"https:\/\/setap.az\/index.php?rest_route=%2Fwp%2Fv2%2Fproduct_tag&post=19596"}],"curies":[{"name":"wp","href":"https:\/\/api.w.org\/{rel}","templated":true}]}}