{"id":19601,"date":"2025-06-05T13:39:13","date_gmt":"2025-06-05T09:39:13","guid":{"rendered":"https:\/\/setap.az\/?post_type=product&#038;p=19601"},"modified":"2026-01-08T11:50:24","modified_gmt":"2026-01-08T07:50:24","slug":"hikvision-2cdit23go-i","status":"publish","type":"product","link":"https:\/\/setap.az\/?product=hikvision-2cdit23go-i","title":{"rendered":"Hikvision 2CDIT23GO-I 2 MP IP kamera"},"content":{"rendered":"<p>DS-2CD1T23G0-I \u2014 bu, 2 MP (1920\u00d71080) bullet tipli IP kamerad\u0131r v\u0259 \u0259sas\u0259n a\u00e7\u0131q m\u00fchitd\u0259, obyekt v\u0259 giri\u015f zonalar\u0131nda m\u00fc\u015fahid\u0259 \u00fc\u00e7\u00fcn n\u0259z\u0259rd\u0259 tutulub.<br \/>\n&#8211; 2MP ay\u0131rdetm\u0259 il\u0259 y\u00fcks\u0259k keyfiyy\u0259tli t\u0259svir.<br \/>\n&#8211; DWDR texnologiyas\u0131 say\u0259sind\u0259 g\u00fccl\u00fc arxa i\u015f\u0131\u011fa qar\u015f\u0131 ayd\u0131n t\u0259svir.<br \/>\n&#8211; Suya v\u0259 toza davaml\u0131: IP67<br \/>\n&#8211; 3D DNR texnoligiayas\u0131 t\u0259miz v\u0259 k\u0259skin t\u0259svirl\u0259r t\u0259qdim edir.<br \/>\n&#8211; \u0130\u015fl\u0259m\u0259 temperaturu: -30*C\/+60*C<br \/>\n&#8211; Enerji istehlak\u0131 6Vt<br \/>\n&#8211; Bax\u0131\u015f buca\u011f\u0131: 75*<br \/>\n&#8211; Fokus m\u0259saf\u0259si: 4.0mm<br \/>\n&#8211; Kamera IR (infraq\u0131rm\u0131z\u0131) i\u015f\u0131qland\u0131rma il\u0259 t\u0259xmin\u0259n 50 m-\u0259 q\u0259d\u0259r gec\u0259 g\u00f6r\u00fcnt\u00fcs\u00fc t\u0259min edir.<br \/>\n&#8211; P67 s\u0259viyy\u0259li toz v\u0259 n\u0259m\u0259 qar\u015f\u0131 qorunma \u2014 \u00e7\u00f6l \u015f\u0259raitind\u0259 yax\u015f\u0131 n\u0259tic\u0259 verir.<br \/>\n&#8211; RJ45 PoE d\u0259st\u0259yi \u2014 enerji + data eyni kabeld\u0259n.<br \/>\n&#8211; WDR (Wide Dynamic Range) \u2014 arxa i\u015f\u0131q v\u0259 kontrastl\u0131 s\u0259hn\u0259l\u0259rd\u0259 daha yax\u015f\u0131 g\u00f6r\u00fcnt\u00fc.<br \/>\n&#8211; H.265\/H.264 kompressiya d\u0259st\u0259yi (kamera yadda\u015f v\u0259 \u015f\u0259b\u0259k\u0259 istifad\u0259ni optimalla\u015fd\u0131r\u0131r).<\/p>\n","protected":false},"excerpt":{"rendered":"<p>DS-2CD1T23G0-I \u2014 bu, 2 MP (1920\u00d71080) bullet tipli IP kamerad\u0131r v\u0259 \u0259sas\u0259n a\u00e7\u0131q m\u00fchitd\u0259, obyekt v\u0259 giri\u015f zonalar\u0131nda m\u00fc\u015fahid\u0259 \u00fc\u00e7\u00fcn n\u0259z\u0259rd\u0259 tutulub. &#8211; 2MP ay\u0131rdetm\u0259 il\u0259 y\u00fcks\u0259k keyfiyy\u0259tli t\u0259svir. &#8211; DWDR texnologiyas\u0131 say\u0259sind\u0259 g\u00fccl\u00fc arxa i\u015f\u0131\u011fa qar\u015f\u0131 ayd\u0131n t\u0259svir. &#8211; Suya v\u0259 toza davaml\u0131: IP67 &#8211; 3D DNR texnoligiayas\u0131 t\u0259miz v\u0259 k\u0259skin t\u0259svirl\u0259r t\u0259qdim edir.&hellip;<\/p>\n","protected":false},"featured_media":19602,"comment_status":"open","ping_status":"closed","template":"","meta":[],"product_cat":[4016,2803,2849],"product_tag":[3382,3132,2941,3379,2942,3380,3385,3381,3383,2937,3260,2939,2934,3718,3378,3135,3142,3071,3384],"class_list":{"0":"post-19601","1":"product","2":"type-product","3":"status-publish","4":"has-post-thumbnail","6":"product_cat-hikvision","7":"product_cat-ip","8":"product_cat-videokameralar","9":"product_tag-camerainstallation","10":"product_tag-cctv","11":"product_tag-hikvision","12":"product_tag-hikvisioncamera","13":"product_tag-hikvisioncctv","14":"product_tag-hikvisionsecurity","15":"product_tag-hikvisionsolutions","16":"product_tag-hikvisionsystem","17":"product_tag-hikvisiontechnology","18":"product_tag-homesecurity","19":"product_tag-ipcamera","20":"product_tag-securitycamera","21":"product_tag-smartsecurity","22":"product_tag-sumqayithikvisionmusahidkamerasi","23":"product_tag-sumqayithikvision","24":"product_tag-surveillance","25":"product_tag-thluksizlik","26":"product_tag-thluksizlikkameralari","27":"product_tag-videosurveillance","28":"description-off","30":"first","31":"instock","32":"shipping-taxable","33":"purchasable","34":"product-type-simple"},"_links":{"self":[{"href":"https:\/\/setap.az\/index.php?rest_route=\/wp\/v2\/product\/19601","targetHints":{"allow":["GET"]}}],"collection":[{"href":"https:\/\/setap.az\/index.php?rest_route=\/wp\/v2\/product"}],"about":[{"href":"https:\/\/setap.az\/index.php?rest_route=\/wp\/v2\/types\/product"}],"replies":[{"embeddable":true,"href":"https:\/\/setap.az\/index.php?rest_route=%2Fwp%2Fv2%2Fcomments&post=19601"}],"wp:featuredmedia":[{"embeddable":true,"href":"https:\/\/setap.az\/index.php?rest_route=\/wp\/v2\/media\/19602"}],"wp:attachment":[{"href":"https:\/\/setap.az\/index.php?rest_route=%2Fwp%2Fv2%2Fmedia&parent=19601"}],"wp:term":[{"taxonomy":"product_cat","embeddable":true,"href":"https:\/\/setap.az\/index.php?rest_route=%2Fwp%2Fv2%2Fproduct_cat&post=19601"},{"taxonomy":"product_tag","embeddable":true,"href":"https:\/\/setap.az\/index.php?rest_route=%2Fwp%2Fv2%2Fproduct_tag&post=19601"}],"curies":[{"name":"wp","href":"https:\/\/api.w.org\/{rel}","templated":true}]}}