{"id":19656,"date":"2025-06-23T11:43:44","date_gmt":"2025-06-23T07:43:44","guid":{"rendered":"https:\/\/setap.az\/?post_type=product&#038;p=19656"},"modified":"2025-06-23T11:43:44","modified_gmt":"2025-06-23T07:43:44","slug":"dc-kabel-kamera-baglayicisi","status":"publish","type":"product","link":"https:\/\/setap.az\/?product=dc-kabel-kamera-baglayicisi","title":{"rendered":"DC Kabel Kamera Ba\u011flay\u0131c\u0131s\u0131"},"content":{"rendered":"<p>T\u0259hl\u00fck\u0259sizlik Kameras\u0131 \u00dc\u00e7\u00fcn DC Power Konnektor<br \/>\n\u0130stifad\u0259 Sah\u0259si: Kameralar v\u0259 dig\u0259r cihazlara elektrik enerjisi verm\u0259k \u00fc\u00e7\u00fcn istifad\u0259 olunur.<\/p>\n","protected":false},"excerpt":{"rendered":"<p>T\u0259hl\u00fck\u0259sizlik Kameras\u0131 \u00dc\u00e7\u00fcn DC Power Konnektor \u0130stifad\u0259 Sah\u0259si: Kameralar v\u0259 dig\u0259r cihazlara elektrik enerjisi verm\u0259k \u00fc\u00e7\u00fcn istifad\u0259 olunur.<\/p>\n","protected":false},"featured_media":19658,"comment_status":"open","ping_status":"closed","template":"","meta":[],"product_cat":[2847],"product_tag":[3167,4005,4004,4008,4006,4007,4009],"class_list":{"0":"post-19656","1":"product","2":"type-product","3":"status-publish","4":"has-post-thumbnail","6":"product_cat-oturuculrbncdc","7":"product_tag-12vadapter","8":"product_tag-dccable","9":"product_tag-dckonnektoru","10":"product_tag-elektrikbaglantisi","11":"product_tag-enerjikonnektoru","12":"product_tag-kameraenerjisi","13":"product_tag-powerconnector","14":"description-off","16":"first","17":"instock","18":"shipping-taxable","19":"purchasable","20":"product-type-simple"},"_links":{"self":[{"href":"https:\/\/setap.az\/index.php?rest_route=\/wp\/v2\/product\/19656","targetHints":{"allow":["GET"]}}],"collection":[{"href":"https:\/\/setap.az\/index.php?rest_route=\/wp\/v2\/product"}],"about":[{"href":"https:\/\/setap.az\/index.php?rest_route=\/wp\/v2\/types\/product"}],"replies":[{"embeddable":true,"href":"https:\/\/setap.az\/index.php?rest_route=%2Fwp%2Fv2%2Fcomments&post=19656"}],"wp:featuredmedia":[{"embeddable":true,"href":"https:\/\/setap.az\/index.php?rest_route=\/wp\/v2\/media\/19658"}],"wp:attachment":[{"href":"https:\/\/setap.az\/index.php?rest_route=%2Fwp%2Fv2%2Fmedia&parent=19656"}],"wp:term":[{"taxonomy":"product_cat","embeddable":true,"href":"https:\/\/setap.az\/index.php?rest_route=%2Fwp%2Fv2%2Fproduct_cat&post=19656"},{"taxonomy":"product_tag","embeddable":true,"href":"https:\/\/setap.az\/index.php?rest_route=%2Fwp%2Fv2%2Fproduct_tag&post=19656"}],"curies":[{"name":"wp","href":"https:\/\/api.w.org\/{rel}","templated":true}]}}