{"id":19659,"date":"2025-06-23T11:52:11","date_gmt":"2025-06-23T07:52:11","guid":{"rendered":"https:\/\/setap.az\/?post_type=product&#038;p=19659"},"modified":"2025-07-04T16:53:37","modified_gmt":"2025-07-04T12:53:37","slug":"bnc-kabel","status":"publish","type":"product","link":"https:\/\/setap.az\/?product=bnc-kabel","title":{"rendered":"BNC Kabel"},"content":{"rendered":"<p>Analoq v\u0259 HD (AHD, HD-CVI, HD-TVI) kameralarda video siqnal\u0131n\u0131 \u00f6t\u00fcrm\u0259k \u00fc\u00e7\u00fcn istifad\u0259 olunur.<\/p>\n","protected":false},"excerpt":{"rendered":"<p>Analoq v\u0259 HD (AHD, HD-CVI, HD-TVI) kameralarda video siqnal\u0131n\u0131 \u00f6t\u00fcrm\u0259k \u00fc\u00e7\u00fcn istifad\u0259 olunur.<\/p>\n","protected":false},"featured_media":19657,"comment_status":"open","ping_status":"closed","template":"","meta":[],"product_cat":[2847,2819],"product_tag":[4015,4010,4013,4012,4011,3132,4014],"class_list":{"0":"post-19659","1":"product","2":"type-product","3":"status-publish","4":"has-post-thumbnail","6":"product_cat-oturuculrbncdc","7":"product_cat-video-nzart-ucun-kabellr","8":"product_tag-analoqkamera","9":"product_tag-bnc","10":"product_tag-bncconnector","11":"product_tag-bnckabeli","12":"product_tag-bnckonnektoru","13":"product_tag-cctv","14":"product_tag-kamerabaglantisi","15":"description-off","17":"first","18":"instock","19":"shipping-taxable","20":"purchasable","21":"product-type-simple"},"_links":{"self":[{"href":"https:\/\/setap.az\/index.php?rest_route=\/wp\/v2\/product\/19659","targetHints":{"allow":["GET"]}}],"collection":[{"href":"https:\/\/setap.az\/index.php?rest_route=\/wp\/v2\/product"}],"about":[{"href":"https:\/\/setap.az\/index.php?rest_route=\/wp\/v2\/types\/product"}],"replies":[{"embeddable":true,"href":"https:\/\/setap.az\/index.php?rest_route=%2Fwp%2Fv2%2Fcomments&post=19659"}],"wp:featuredmedia":[{"embeddable":true,"href":"https:\/\/setap.az\/index.php?rest_route=\/wp\/v2\/media\/19657"}],"wp:attachment":[{"href":"https:\/\/setap.az\/index.php?rest_route=%2Fwp%2Fv2%2Fmedia&parent=19659"}],"wp:term":[{"taxonomy":"product_cat","embeddable":true,"href":"https:\/\/setap.az\/index.php?rest_route=%2Fwp%2Fv2%2Fproduct_cat&post=19659"},{"taxonomy":"product_tag","embeddable":true,"href":"https:\/\/setap.az\/index.php?rest_route=%2Fwp%2Fv2%2Fproduct_tag&post=19659"}],"curies":[{"name":"wp","href":"https:\/\/api.w.org\/{rel}","templated":true}]}}