{"id":19666,"date":"2025-06-24T15:36:23","date_gmt":"2025-06-24T11:36:23","guid":{"rendered":"https:\/\/setap.az\/?post_type=product&#038;p=19666"},"modified":"2025-06-25T09:26:16","modified_gmt":"2025-06-25T05:26:16","slug":"4k-gun%c9%99s-panelli-simsiz-musahid%c9%99-kamerasi","status":"publish","type":"product","link":"https:\/\/setap.az\/?product=4k-gun%c9%99s-panelli-simsiz-musahid%c9%99-kamerasi","title":{"rendered":"G\u00fcn\u0259\u015f Panelli Simsiz m\u00fc\u015fahid\u0259 kameras\u0131"},"content":{"rendered":"<p>G\u00fcn\u0259\u015f Panelli Simsiz M\u00fc\u015fahid\u0259 Kameras\u0131<br \/>\n\u2714Ayd\u0131n v\u0259 y\u00fcks\u0259k detall\u0131 g\u00f6r\u00fcnt\u00fc<br \/>\n\u2714G\u00fcn\u0259\u015f Paneli: Kamera daxilind\u0259ki batareyan\u0131 enerji il\u0259 t\u0259min edir, elektrik x\u0259tti \u00e7\u0259km\u0259y\u0259 ehtiyac yoxdur<br \/>\n\u2714360\u00b0 F\u0131rlanma: Kameran\u0131 mobil proqramdan ist\u0259diyiniz y\u00f6n\u0259 \u00e7evir\u0259 bilirsiniz<br \/>\n\u2714Gec\u0259 G\u00f6r\u00fc\u015f\u00fc: Infraq\u0131rm\u0131z\u0131 v\u0259 ya LED i\u015f\u0131qlar say\u0259sind\u0259 gec\u0259 d\u0259 ayd\u0131n g\u00f6r\u00fcnt\u00fc<br \/>\n\u2714\u0130ki T\u0259r\u0259fli S\u0259s: Mikrofon v\u0259 dinamik il\u0259 qar\u015f\u0131 t\u0259r\u0259fl\u0259 dan\u0131\u015fmaq v\u0259 s\u0259sl\u0259ri dinl\u0259m\u0259k imkan\u0131<br \/>\n\u2714H\u0259r\u0259k\u0259t Sensoru: H\u0259r\u0259k\u0259t alg\u0131land\u0131qda bildiri\u015f v\u0259 video qeydi<br \/>\n\u2714Yadda\u015f Se\u00e7imi: MikroSD kart 128GB<br \/>\n\u2714Suya v\u0259 Toza Dayan\u0131ql\u0131: IP66 qoruma s\u0259viyy\u0259si \u2013 \u00e7\u00f6ld\u0259 istifad\u0259 \u00fc\u00e7\u00fcn ideal<\/p>\n","protected":false},"excerpt":{"rendered":"<p>G\u00fcn\u0259\u015f Panelli Simsiz M\u00fc\u015fahid\u0259 Kameras\u0131 \u2714Ayd\u0131n v\u0259 y\u00fcks\u0259k detall\u0131 g\u00f6r\u00fcnt\u00fc \u2714G\u00fcn\u0259\u015f Paneli: Kamera daxilind\u0259ki batareyan\u0131 enerji il\u0259 t\u0259min edir, elektrik x\u0259tti \u00e7\u0259km\u0259y\u0259 ehtiyac yoxdur \u2714360\u00b0 F\u0131rlanma: Kameran\u0131 mobil proqramdan ist\u0259diyiniz y\u00f6n\u0259 \u00e7evir\u0259 bilirsiniz \u2714Gec\u0259 G\u00f6r\u00fc\u015f\u00fc: Infraq\u0131rm\u0131z\u0131 v\u0259 ya LED i\u015f\u0131qlar say\u0259sind\u0259 gec\u0259 d\u0259 ayd\u0131n g\u00f6r\u00fcnt\u00fc \u2714\u0130ki T\u0259r\u0259fli S\u0259s: Mikrofon v\u0259 dinamik il\u0259 qar\u015f\u0131 t\u0259r\u0259fl\u0259 dan\u0131\u015fmaq&hellip;<\/p>\n","protected":false},"featured_media":19668,"comment_status":"open","ping_status":"closed","template":"","meta":[],"product_cat":[2803,2862],"product_tag":[4046,4045,4042,3048,4043,4044,3280,4048,4041,4049,3049,4047,3057,3491,3051],"class_list":{"0":"post-19666","1":"product","2":"type-product","3":"status-publish","4":"has-post-thumbnail","6":"product_cat-ip","7":"product_cat-wifi-kameralar","8":"product_tag-360drckamera","9":"product_tag-4ginternet","10":"product_tag-4gkamera","11":"product_tag-8mpkamera","12":"product_tag-bagevikamerasi","13":"product_tag-fermakamerasi","14":"product_tag-gecgorusu","15":"product_tag-gunsenerjisi","16":"product_tag-gunspanellikamera","17":"product_tag-hrktsensorlukamera","18":"product_tag-ipkamera","19":"product_tag-kabelsizkamera","20":"product_tag-kameraqurasdirma","21":"product_tag-simsizkamera","22":"product_tag-thluksizlikkamerasi","23":"description-off","25":"first","26":"instock","27":"shipping-taxable","28":"purchasable","29":"product-type-simple"},"_links":{"self":[{"href":"https:\/\/setap.az\/index.php?rest_route=\/wp\/v2\/product\/19666","targetHints":{"allow":["GET"]}}],"collection":[{"href":"https:\/\/setap.az\/index.php?rest_route=\/wp\/v2\/product"}],"about":[{"href":"https:\/\/setap.az\/index.php?rest_route=\/wp\/v2\/types\/product"}],"replies":[{"embeddable":true,"href":"https:\/\/setap.az\/index.php?rest_route=%2Fwp%2Fv2%2Fcomments&post=19666"}],"wp:featuredmedia":[{"embeddable":true,"href":"https:\/\/setap.az\/index.php?rest_route=\/wp\/v2\/media\/19668"}],"wp:attachment":[{"href":"https:\/\/setap.az\/index.php?rest_route=%2Fwp%2Fv2%2Fmedia&parent=19666"}],"wp:term":[{"taxonomy":"product_cat","embeddable":true,"href":"https:\/\/setap.az\/index.php?rest_route=%2Fwp%2Fv2%2Fproduct_cat&post=19666"},{"taxonomy":"product_tag","embeddable":true,"href":"https:\/\/setap.az\/index.php?rest_route=%2Fwp%2Fv2%2Fproduct_tag&post=19666"}],"curies":[{"name":"wp","href":"https:\/\/api.w.org\/{rel}","templated":true}]}}