{"id":19786,"date":"2025-06-25T16:37:10","date_gmt":"2025-06-25T12:37:10","guid":{"rendered":"https:\/\/setap.az\/?post_type=product&#038;p=19786"},"modified":"2025-06-25T16:37:11","modified_gmt":"2025-06-25T12:37:11","slug":"ajax-starterkit-cam-ag","status":"publish","type":"product","link":"https:\/\/setap.az\/?product=ajax-starterkit-cam-ag","title":{"rendered":"Ajax StarterKit Cam (A\u011f)"},"content":{"rendered":"<p>Ajax StarterKit Cam (A\u011f) \u2013 T\u0259hl\u00fck\u0259sizlik v\u0259 Videom\u00fc\u015fahid\u0259 Bir Arada<br \/>\n\u018fsas X\u00fcsusiyy\u0259tl\u0259r:<\/p>\n<p>Daxili kamera v\u0259 h\u0259r\u0259k\u0259t sensoru il\u0259 birlikd\u0259 \u2013 h\u0259r\u0259k\u0259t an\u0131nda foto\u015f\u0259kil \u00e7\u0259kir<\/p>\n<p>Ethernet v\u0259 2 SIM kart d\u0259st\u0259yi (2G) il\u0259 etibarl\u0131 ba\u011flant\u0131<\/p>\n<p>100 cihaz v\u0259 50 istifad\u0259\u00e7i d\u0259st\u0259kl\u0259yir<\/p>\n<p>10\u2011a q\u0259d\u0259r kamera v\u0259 videoqeydiyyat\u00e7\u0131 qo\u015fmaq imkan\u0131<\/p>\n<p>Jeweller v\u0259 Wings protokolu il\u0259 s\u00fcr\u0259tli v\u0259 t\u0259hl\u00fck\u0259siz simsiz rabit\u0259<\/p>\n<p>\u2714Komplekt\u0259 Daxildir:<\/p>\n<p>Ajax Hub 2 (a\u011f\u0131ll\u0131 m\u0259rk\u0259z) \u2013 1 \u0259d\u0259d<\/p>\n<p>Ajax MotionCam (kamera v\u0259 h\u0259r\u0259k\u0259t sensoru) \u2013 1 \u0259d\u0259d<\/p>\n<p>Ajax DoorProtect (qap\u0131\/p\u0259nc\u0259r\u0259 sensoru) \u2013 1 \u0259d\u0259d<\/p>\n<p>Ajax SpaceControl (pult) \u2013 1 \u0259d\u0259d<\/p>\n<p>\u00dcst\u00fcnl\u00fckl\u0259r:<br \/>\n\u25aaH\u0259r\u0259k\u0259t an\u0131nda foto\u015f\u0259kill\u0259rl\u0259 bildiri\u015f<br \/>\n\u25aaEtibarl\u0131 v\u0259 s\u00fcr\u0259tli simsiz ba\u011flant\u0131<br \/>\n\u25aaSmartfondan asan idar\u0259 v\u0259 izl\u0259m\u0259<\/p>\n<p>Eviniz v\u0259 ofisiniz \u00fc\u00e7\u00fcn h\u0259rt\u0259r\u0259fli qoruma v\u0259 g\u00f6r\u00fcnt\u00fc!<\/p>\n","protected":false},"excerpt":{"rendered":"<p>Ajax StarterKit Cam (A\u011f) \u2013 T\u0259hl\u00fck\u0259sizlik v\u0259 Videom\u00fc\u015fahid\u0259 Bir Arada \u018fsas X\u00fcsusiyy\u0259tl\u0259r: Daxili kamera v\u0259 h\u0259r\u0259k\u0259t sensoru il\u0259 birlikd\u0259 \u2013 h\u0259r\u0259k\u0259t an\u0131nda foto\u015f\u0259kil \u00e7\u0259kir Ethernet v\u0259 2 SIM kart d\u0259st\u0259yi (2G) il\u0259 etibarl\u0131 ba\u011flant\u0131 100 cihaz v\u0259 50 istifad\u0259\u00e7i d\u0259st\u0259kl\u0259yir 10\u2011a q\u0259d\u0259r kamera v\u0259 videoqeydiyyat\u00e7\u0131 qo\u015fmaq imkan\u0131 Jeweller v\u0259 Wings protokolu il\u0259 s\u00fcr\u0259tli v\u0259 t\u0259hl\u00fck\u0259siz&hellip;<\/p>\n","protected":false},"featured_media":19787,"comment_status":"open","ping_status":"closed","template":"","meta":[],"product_cat":[2837,2839,2835],"product_tag":[3727,4073,4070,4072,4053,4049,4058,4077,4074,4054,4078,4051,4075,4076],"class_list":{"0":"post-19786","1":"product","2":"type-product","3":"status-publish","4":"has-post-thumbnail","6":"product_cat-gsm-thluksizlik-sistemlri","7":"product_cat-sensorlar-v-detektorlar","8":"product_cat-thluksizlik-siqnalizasiyalari","9":"product_tag-agillithluksizlik","10":"product_tag-ajaxhub2","11":"product_tag-ajaxsistemi","12":"product_tag-ajaxstarterkitcam","13":"product_tag-evqorumasi","14":"product_tag-hrktsensorlukamera","15":"product_tag-jeweller","16":"product_tag-kamerasiqnalizasiya","17":"product_tag-motioncam","18":"product_tag-ofisqorumasi","19":"product_tag-qorumavgoruntu","20":"product_tag-simsizsiqnalizasiya","21":"product_tag-smartsiqnalizasiya","22":"product_tag-wings","23":"description-off","25":"first","26":"instock","27":"shipping-taxable","28":"purchasable","29":"product-type-simple"},"_links":{"self":[{"href":"https:\/\/setap.az\/index.php?rest_route=\/wp\/v2\/product\/19786","targetHints":{"allow":["GET"]}}],"collection":[{"href":"https:\/\/setap.az\/index.php?rest_route=\/wp\/v2\/product"}],"about":[{"href":"https:\/\/setap.az\/index.php?rest_route=\/wp\/v2\/types\/product"}],"replies":[{"embeddable":true,"href":"https:\/\/setap.az\/index.php?rest_route=%2Fwp%2Fv2%2Fcomments&post=19786"}],"wp:featuredmedia":[{"embeddable":true,"href":"https:\/\/setap.az\/index.php?rest_route=\/wp\/v2\/media\/19787"}],"wp:attachment":[{"href":"https:\/\/setap.az\/index.php?rest_route=%2Fwp%2Fv2%2Fmedia&parent=19786"}],"wp:term":[{"taxonomy":"product_cat","embeddable":true,"href":"https:\/\/setap.az\/index.php?rest_route=%2Fwp%2Fv2%2Fproduct_cat&post=19786"},{"taxonomy":"product_tag","embeddable":true,"href":"https:\/\/setap.az\/index.php?rest_route=%2Fwp%2Fv2%2Fproduct_tag&post=19786"}],"curies":[{"name":"wp","href":"https:\/\/api.w.org\/{rel}","templated":true}]}}