{"id":19803,"date":"2025-06-28T16:18:22","date_gmt":"2025-06-28T12:18:22","guid":{"rendered":"https:\/\/setap.az\/?post_type=product&#038;p=19803"},"modified":"2025-06-30T15:48:49","modified_gmt":"2025-06-30T11:48:49","slug":"dahua-dhi-kta03-video-domofon-d%c9%99sti","status":"publish","type":"product","link":"https:\/\/setap.az\/?product=dahua-dhi-kta03-video-domofon-d%c9%99sti","title":{"rendered":"DAHUA DHI-KTA03 Video Domofon D\u0259sti"},"content":{"rendered":"<p>Dahua KTA03 Video Intercom D\u0259sti<br \/>\nKomplekt\u0259 daxildir:<br \/>\n\u2022 VTH2621GW-P \u2013 7\u201d sensor ekranl\u0131 daxili monitor<br \/>\n\u2022 VTO2202F-P \u2013 HD kamera il\u0259 \u00f6n panel v\u0259 z\u0259ng d\u00fcym\u0259si<br \/>\n\u2022 Montaj v\u0259 ba\u011flant\u0131 aksesuarlar\u0131 \u2013 s\u00fcr\u0259tli v\u0259 rahat qura\u015fd\u0131rma \u00fc\u00e7\u00fcn<\/p>\n<p>\u018fsas \u00dcst\u00fcnl\u00fckl\u0259r:<br \/>\n\u2714 IP texnologiyas\u0131 \u2013 Ethernet v\u0259 PoE il\u0259 stabil v\u0259 t\u0259hl\u00fck\u0259siz ba\u011flant\u0131<br \/>\n\u2714 Wi\u2011Fi d\u0259st\u0259yi \u2013 kabelsiz qura\u015fd\u0131rma imkan\u0131<br \/>\n\u2714 Canl\u0131 g\u00f6r\u00fcnt\u00fc v\u0259 iki t\u0259r\u0259fli audio \u2013 qap\u0131n\u0131 a\u00e7madan ziyar\u0259t\u00e7ini g\u00f6r\u00fcn v\u0259 dan\u0131\u015f\u0131n<br \/>\n\u2714 DMSS mobil t\u0259tbiqi \u2013 ist\u0259nil\u0259n yerd\u0259n tam n\u0259zar\u0259t v\u0259 bildiri\u015f<br \/>\n\u2714 Z\u0259rif dizayn v\u0259 intuitiv istifad\u0259\u00e7i interfeysi \u2013 h\u0259r interyer\u0259 uy\u011fun<\/p>\n<p>\u0130deal T\u0259tbiq Sah\u0259l\u0259ri:<br \/>\nPremium m\u0259nzill\u0259r v\u0259 ya\u015fay\u0131\u015f kompleksl\u0259ri<br \/>\nVillalar v\u0259 ba\u011f evl\u0259ri<br \/>\nM\u00fcasir ofis v\u0259 obyektl\u0259r<br \/>\nQapal\u0131 giri\u015fli biznes m\u0259rk\u0259zl\u0259ri<\/p>\n","protected":false},"excerpt":{"rendered":"<p>Dahua KTA03 Video Intercom D\u0259sti Komplekt\u0259 daxildir: \u2022 VTH2621GW-P \u2013 7\u201d sensor ekranl\u0131 daxili monitor \u2022 VTO2202F-P \u2013 HD kamera il\u0259 \u00f6n panel v\u0259 z\u0259ng d\u00fcym\u0259si \u2022 Montaj v\u0259 ba\u011flant\u0131 aksesuarlar\u0131 \u2013 s\u00fcr\u0259tli v\u0259 rahat qura\u015fd\u0131rma \u00fc\u00e7\u00fcn \u018fsas \u00dcst\u00fcnl\u00fckl\u0259r: \u2714 IP texnologiyas\u0131 \u2013 Ethernet v\u0259 PoE il\u0259 stabil v\u0259 t\u0259hl\u00fck\u0259siz ba\u011flant\u0131 \u2714 Wi\u2011Fi d\u0259st\u0259yi \u2013&hellip;<\/p>\n","protected":false},"featured_media":19804,"comment_status":"open","ping_status":"closed","template":"","meta":[],"product_cat":[4154],"product_tag":[4110,4107,3571,4102,4109,4108,4112,4104,4111,4105,3769,2934,3045,4103,4106],"class_list":{"0":"post-19803","1":"product","2":"type-product","3":"status-publish","4":"has-post-thumbnail","6":"product_cat-domofonlar-v-qapi-znglri","7":"product_tag-7ekranlimonitor","8":"product_tag-agillievsistemi","9":"product_tag-dahuaazerbaijan","10":"product_tag-dahuakta03","11":"product_tag-dahuaprofessional","12":"product_tag-dmssapp","13":"product_tag-elaqsizqurasdirma","14":"product_tag-ipdomofon","15":"product_tag-moderndomofon","16":"product_tag-poevideodomofon","17":"product_tag-qapinzarti","18":"product_tag-smartsecurity","19":"product_tag-thluksizliksistemlri","20":"product_tag-videointercom","21":"product_tag-wifimonitor","22":"description-off","24":"first","25":"instock","26":"shipping-taxable","27":"purchasable","28":"product-type-simple"},"_links":{"self":[{"href":"https:\/\/setap.az\/index.php?rest_route=\/wp\/v2\/product\/19803","targetHints":{"allow":["GET"]}}],"collection":[{"href":"https:\/\/setap.az\/index.php?rest_route=\/wp\/v2\/product"}],"about":[{"href":"https:\/\/setap.az\/index.php?rest_route=\/wp\/v2\/types\/product"}],"replies":[{"embeddable":true,"href":"https:\/\/setap.az\/index.php?rest_route=%2Fwp%2Fv2%2Fcomments&post=19803"}],"wp:featuredmedia":[{"embeddable":true,"href":"https:\/\/setap.az\/index.php?rest_route=\/wp\/v2\/media\/19804"}],"wp:attachment":[{"href":"https:\/\/setap.az\/index.php?rest_route=%2Fwp%2Fv2%2Fmedia&parent=19803"}],"wp:term":[{"taxonomy":"product_cat","embeddable":true,"href":"https:\/\/setap.az\/index.php?rest_route=%2Fwp%2Fv2%2Fproduct_cat&post=19803"},{"taxonomy":"product_tag","embeddable":true,"href":"https:\/\/setap.az\/index.php?rest_route=%2Fwp%2Fv2%2Fproduct_tag&post=19803"}],"curies":[{"name":"wp","href":"https:\/\/api.w.org\/{rel}","templated":true}]}}