{"id":19810,"date":"2025-06-30T11:46:05","date_gmt":"2025-06-30T07:46:05","guid":{"rendered":"https:\/\/setap.az\/?post_type=product&#038;p=19810"},"modified":"2025-06-30T15:47:26","modified_gmt":"2025-06-30T11:47:26","slug":"ip-cagri-paneli-dahua-dh-vto6100c","status":"publish","type":"product","link":"https:\/\/setap.az\/?product=ip-cagri-paneli-dahua-dh-vto6100c","title":{"rendered":"IP-\u00e7a\u011fr\u0131 paneli Dahua DH-VTO6100C"},"content":{"rendered":"<p>DH\u2011VTO6100C \u2014 Dahua-n\u0131n IP \u0259sasl\u0131, \u015f\u0131k v\u0259 funksional video \u00e7a\u011fr\u0131 panelidir. Qap\u0131 qar\u015f\u0131s\u0131nda qura\u015fd\u0131r\u0131l\u0131r v\u0259 ziyar\u0259t\u00e7il\u0259rl\u0259 g\u00f6r\u00fcnt\u00fcl\u00fc v\u0259 s\u0259sli \u0259laq\u0259 qurma\u011fa, qap\u0131n\u0131 uzaqdan a\u00e7ma\u011fa imkan verir. Dahua IP domofon sisteml\u0259ri il\u0259 tam uy\u011funluq t\u0259\u015fkil edir.<br \/>\nKamera: 1 MP HD kamera, geni\u015f bax\u0131\u015f buca\u011f\u0131 il\u0259 (s\u0259yyar ziyar\u0259t\u00e7i g\u00f6r\u00fcnt\u00fcl\u0259ri \u00fc\u00e7\u00fcn)<br \/>\nBa\u011flant\u0131: Ethernet (RJ45), PoE d\u0259st\u0259yi<br \/>\nZ\u0259ng d\u00fcym\u0259si: Bir toxunu\u015fla z\u0259ng funksiyas\u0131<br \/>\nAudio: \u0130ki t\u0259r\u0259fli s\u0259s rabit\u0259si (mikrofon v\u0259 dinamik)<br \/>\nGec\u0259 G\u00f6r\u00fc\u015f\u00fc: \u0130nfraq\u0131rm\u0131z\u0131 LED-l\u0259rl\u0259 gec\u0259 d\u0259 ayd\u0131n g\u00f6r\u00fcnt\u00fc<br \/>\nKorpus: Z\u0259rif metal korpus, suya v\u0259 toza davaml\u0131 (IP65)<br \/>\nUy\u011funluq: Dahua VTH seriyal\u0131 monitorlar v\u0259 DMSS mobil t\u0259tbiqi il\u0259 uy\u011fun<br \/>\nEnerji: PoE v\u0259 ya 12V DC il\u0259 qidalanma<\/p>\n","protected":false},"excerpt":{"rendered":"<p>DH\u2011VTO6100C \u2014 Dahua-n\u0131n IP \u0259sasl\u0131, \u015f\u0131k v\u0259 funksional video \u00e7a\u011fr\u0131 panelidir. Qap\u0131 qar\u015f\u0131s\u0131nda qura\u015fd\u0131r\u0131l\u0131r v\u0259 ziyar\u0259t\u00e7il\u0259rl\u0259 g\u00f6r\u00fcnt\u00fcl\u00fc v\u0259 s\u0259sli \u0259laq\u0259 qurma\u011fa, qap\u0131n\u0131 uzaqdan a\u00e7ma\u011fa imkan verir. Dahua IP domofon sisteml\u0259ri il\u0259 tam uy\u011funluq t\u0259\u015fkil edir. Kamera: 1 MP HD kamera, geni\u015f bax\u0131\u015f buca\u011f\u0131 il\u0259 (s\u0259yyar ziyar\u0259t\u00e7i g\u00f6r\u00fcnt\u00fcl\u0259ri \u00fc\u00e7\u00fcn) Ba\u011flant\u0131: Ethernet (RJ45), PoE d\u0259st\u0259yi Z\u0259ng d\u00fcym\u0259si:&hellip;<\/p>\n","protected":false},"featured_media":19811,"comment_status":"open","ping_status":"closed","template":"","meta":[],"product_cat":[4154],"product_tag":[4133,4127,4135,4129,4124,4121,3290,3280,4132,4134,4130,4131,3769,3768,4119],"class_list":{"0":"post-19810","1":"product","2":"type-product","3":"status-publish","4":"has-post-thumbnail","6":"product_cat-domofonlar-v-qapi-znglri","7":"product_tag-agilligiris","8":"product_tag-dahuasistemi","9":"product_tag-dahuatexnologiyasi","10":"product_tag-dahuavto6100c","11":"product_tag-dmssidaretm","12":"product_tag-domofonqurasdirma","13":"product_tag-evthluksizliyi","14":"product_tag-gecgorusu","15":"product_tag-ip65panel","16":"product_tag-ippanel","17":"product_tag-ipvideopanel","18":"product_tag-poepanel","19":"product_tag-qapinzarti","20":"product_tag-videodomofon","21":"product_tag-zngpaneli","22":"description-off","24":"first","25":"instock","26":"shipping-taxable","27":"purchasable","28":"product-type-simple"},"_links":{"self":[{"href":"https:\/\/setap.az\/index.php?rest_route=\/wp\/v2\/product\/19810","targetHints":{"allow":["GET"]}}],"collection":[{"href":"https:\/\/setap.az\/index.php?rest_route=\/wp\/v2\/product"}],"about":[{"href":"https:\/\/setap.az\/index.php?rest_route=\/wp\/v2\/types\/product"}],"replies":[{"embeddable":true,"href":"https:\/\/setap.az\/index.php?rest_route=%2Fwp%2Fv2%2Fcomments&post=19810"}],"wp:featuredmedia":[{"embeddable":true,"href":"https:\/\/setap.az\/index.php?rest_route=\/wp\/v2\/media\/19811"}],"wp:attachment":[{"href":"https:\/\/setap.az\/index.php?rest_route=%2Fwp%2Fv2%2Fmedia&parent=19810"}],"wp:term":[{"taxonomy":"product_cat","embeddable":true,"href":"https:\/\/setap.az\/index.php?rest_route=%2Fwp%2Fv2%2Fproduct_cat&post=19810"},{"taxonomy":"product_tag","embeddable":true,"href":"https:\/\/setap.az\/index.php?rest_route=%2Fwp%2Fv2%2Fproduct_tag&post=19810"}],"curies":[{"name":"wp","href":"https:\/\/api.w.org\/{rel}","templated":true}]}}