{"id":19812,"date":"2025-06-30T13:08:26","date_gmt":"2025-06-30T09:08:26","guid":{"rendered":"https:\/\/setap.az\/?post_type=product&#038;p=19812"},"modified":"2025-06-30T15:46:32","modified_gmt":"2025-06-30T11:46:32","slug":"rl-3920-kabelsiz-qapi-z%c9%99ngi","status":"publish","type":"product","link":"https:\/\/setap.az\/?product=rl-3920-kabelsiz-qapi-z%c9%99ngi","title":{"rendered":"RL-3920 Kabelsiz Qap\u0131 Z\u0259ngi"},"content":{"rendered":"<p>RL-3920 \u2013 kabelsiz, uzaqdan idar\u0259 olunan v\u0259 asan qura\u015fd\u0131r\u0131lan elektron qap\u0131 z\u0259ngi modelidir. Evinizd\u0259 v\u0259 ya ba\u011f evind\u0259 \u0259lav\u0259 naqil \u00e7\u0259km\u0259d\u0259n qura\u015fd\u0131rmaq \u00fc\u00e7\u00fcn ideal se\u00e7imdir.<\/p>\n<p>Kabelsiz ba\u011flant\u0131: He\u00e7 bir naqil t\u0259l\u0259b olunmur<br \/>\nUzaqdan idar\u0259: Uzaqdan idar\u0259 pultu il\u0259 istifad\u0259 olunur<br \/>\nZ\u0259ng se\u00e7iml\u0259ri: 16 f\u0259rqli z\u0259ng melodiyas\u0131<br \/>\nUzaqdan m\u0259saf\u0259: A\u00e7\u0131q sah\u0259d\u0259 100 metr\u0259 q\u0259d\u0259r siqnal m\u0259saf\u0259si<br \/>\nQura\u015fd\u0131rma: Sad\u0259c\u0259 batareya il\u0259 i\u015fl\u0259yir, divara yap\u0131\u015fd\u0131rmaq v\u0259 ya vintl\u0259rl\u0259 b\u0259rkitm\u0259k kifay\u0259tdir<br \/>\nDa\u015f\u0131na bil\u0259n q\u0259buledici: Z\u0259ngi \u00f6z\u00fcn\u00fczl\u0259 evin i\u00e7ind\u0259 v\u0259 ya h\u0259y\u0259td\u0259 aparmaq m\u00fcmk\u00fcnd\u00fcr<br \/>\n\u0130stifad\u0259 sah\u0259si: M\u0259nzil, villa, ba\u011f evi, obyekt qap\u0131lar\u0131 v\u0259 s.<\/p>\n","protected":false},"excerpt":{"rendered":"<p>RL-3920 \u2013 kabelsiz, uzaqdan idar\u0259 olunan v\u0259 asan qura\u015fd\u0131r\u0131lan elektron qap\u0131 z\u0259ngi modelidir. Evinizd\u0259 v\u0259 ya ba\u011f evind\u0259 \u0259lav\u0259 naqil \u00e7\u0259km\u0259d\u0259n qura\u015fd\u0131rmaq \u00fc\u00e7\u00fcn ideal se\u00e7imdir. Kabelsiz ba\u011flant\u0131: He\u00e7 bir naqil t\u0259l\u0259b olunmur Uzaqdan idar\u0259: Uzaqdan idar\u0259 pultu il\u0259 istifad\u0259 olunur Z\u0259ng se\u00e7iml\u0259ri: 16 f\u0259rqli z\u0259ng melodiyas\u0131 Uzaqdan m\u0259saf\u0259: A\u00e7\u0131q sah\u0259d\u0259 100 metr\u0259 q\u0259d\u0259r siqnal m\u0259saf\u0259si&hellip;<\/p>\n","protected":false},"featured_media":19814,"comment_status":"open","ping_status":"closed","template":"","meta":[],"product_cat":[4154],"product_tag":[4146,4149,4144,4150,4143,4140,4145,4141,4142,4139,4147,4148],"class_list":{"0":"post-19812","1":"product","2":"type-product","3":"status-publish","4":"has-post-thumbnail","6":"product_cat-domofonlar-v-qapi-znglri","7":"product_tag-100mzng","8":"product_tag-agillievzngi","9":"product_tag-bagevizngi","10":"product_tag-elektronzng","11":"product_tag-evzngi","12":"product_tag-kabelsizqapizngi","13":"product_tag-melodiyalizng","14":"product_tag-naqilsizzng","15":"product_tag-qapizngi","16":"product_tag-rl3920","17":"product_tag-uzaqdanidarzngi","18":"product_tag-zngqurasdirma","19":"description-off","21":"first","22":"instock","23":"shipping-taxable","24":"purchasable","25":"product-type-simple"},"_links":{"self":[{"href":"https:\/\/setap.az\/index.php?rest_route=\/wp\/v2\/product\/19812","targetHints":{"allow":["GET"]}}],"collection":[{"href":"https:\/\/setap.az\/index.php?rest_route=\/wp\/v2\/product"}],"about":[{"href":"https:\/\/setap.az\/index.php?rest_route=\/wp\/v2\/types\/product"}],"replies":[{"embeddable":true,"href":"https:\/\/setap.az\/index.php?rest_route=%2Fwp%2Fv2%2Fcomments&post=19812"}],"wp:featuredmedia":[{"embeddable":true,"href":"https:\/\/setap.az\/index.php?rest_route=\/wp\/v2\/media\/19814"}],"wp:attachment":[{"href":"https:\/\/setap.az\/index.php?rest_route=%2Fwp%2Fv2%2Fmedia&parent=19812"}],"wp:term":[{"taxonomy":"product_cat","embeddable":true,"href":"https:\/\/setap.az\/index.php?rest_route=%2Fwp%2Fv2%2Fproduct_cat&post=19812"},{"taxonomy":"product_tag","embeddable":true,"href":"https:\/\/setap.az\/index.php?rest_route=%2Fwp%2Fv2%2Fproduct_tag&post=19812"}],"curies":[{"name":"wp","href":"https:\/\/api.w.org\/{rel}","templated":true}]}}