{"id":19818,"date":"2025-06-30T16:38:06","date_gmt":"2025-06-30T12:38:06","guid":{"rendered":"https:\/\/setap.az\/?post_type=product&#038;p=19818"},"modified":"2025-06-30T16:38:06","modified_gmt":"2025-06-30T12:38:06","slug":"qapi-z%c9%99ngi-radio-v%c9%99-z%c9%99ngli-saatla-rl-3713a","status":"publish","type":"product","link":"https:\/\/setap.az\/?product=qapi-z%c9%99ngi-radio-v%c9%99-z%c9%99ngli-saatla-rl-3713a","title":{"rendered":"Qap\u0131 z\u0259ngi, radio v\u0259 z\u0259ngli saatla RL-3713A"},"content":{"rendered":"<p>RL-3713A \u2014 \u00e7oxfunksiyal\u0131, h\u0259m qap\u0131 z\u0259ngi, h\u0259m FM radio, h\u0259m d\u0259 z\u0259ngli saat funksiyas\u0131na malik a\u011f\u0131ll\u0131 masa\u00fcst\u00fc cihazd\u0131r.<br \/>\n \u018fsas X\u00fcsusiyy\u0259tl\u0259ri:<br \/>\n Qap\u0131 z\u0259ngi funksiyas\u0131:<br \/>\n\u2022 Kabelsiz i\u015fl\u0259yir<br \/>\n\u2022 Uzaqdan siqnal ver\u0259n d\u00fcym\u0259 il\u0259 g\u0259l\u0259nl\u0259ri x\u0259b\u0259r verir<br \/>\n\u2022 M\u00fcxt\u0259lif z\u0259ng melodiyalar\u0131 se\u00e7il\u0259 bilir<br \/>\n Z\u0259ngli saat:<br \/>\n\u2022 R\u0259q\u0259msal saat g\u00f6st\u0259ricisi<br \/>\n\u2022 S\u0259sli siqnal il\u0259 oyanma funksiyas\u0131<br \/>\n\u2022 Asan qurulan zaman v\u0259 siqnal funksiyalar\u0131<br \/>\n FM Radio:<br \/>\n\u2022 FM tezlikl\u0259ri q\u0259bul edir<br \/>\n\u2022 S\u0259s g\u00fccl\u0259ndirici il\u0259 t\u0259miz s\u0259s \u00e7\u0131x\u0131\u015f\u0131<br \/>\n\u2022 Sad\u0259 d\u00fcym\u0259l\u0259rl\u0259 stansiya t\u0259nziml\u0259m\u0259si<br \/>\n Dig\u0259r X\u00fcsusiyy\u0259tl\u0259r:<br \/>\nDispley: Ayd\u0131n LED ekran (saat v\u0259 funksiyalar\u0131 g\u00f6st\u0259rir)<br \/>\nQidalanma: Batareya v\u0259 ya elektrikl\u0259 i\u015fl\u0259y\u0259n modell\u0259r m\u00f6vcuddur<br \/>\nQura\u015fd\u0131rma: Stol\u00fcst\u00fc v\u0259 ya divara montaj edil\u0259 bil\u0259r<br \/>\nDizayn: Klassik v\u0259 praktik g\u00f6r\u00fcn\u00fc\u015fl\u00fc, kompakt qurulu\u015f<\/p>\n","protected":false},"excerpt":{"rendered":"<p>RL-3713A \u2014 \u00e7oxfunksiyal\u0131, h\u0259m qap\u0131 z\u0259ngi, h\u0259m FM radio, h\u0259m d\u0259 z\u0259ngli saat funksiyas\u0131na malik a\u011f\u0131ll\u0131 masa\u00fcst\u00fc cihazd\u0131r. \u018fsas X\u00fcsusiyy\u0259tl\u0259ri: Qap\u0131 z\u0259ngi funksiyas\u0131: \u2022 Kabelsiz i\u015fl\u0259yir \u2022 Uzaqdan siqnal ver\u0259n d\u00fcym\u0259 il\u0259 g\u0259l\u0259nl\u0259ri x\u0259b\u0259r verir \u2022 M\u00fcxt\u0259lif z\u0259ng melodiyalar\u0131 se\u00e7il\u0259 bilir Z\u0259ngli saat: \u2022 R\u0259q\u0259msal saat g\u00f6st\u0259ricisi \u2022 S\u0259sli siqnal il\u0259 oyanma funksiyas\u0131 \u2022 Asan&hellip;<\/p>\n","protected":false},"featured_media":19820,"comment_status":"open","ping_status":"closed","template":"","meta":[],"product_cat":[4154],"product_tag":[],"class_list":{"0":"post-19818","1":"product","2":"type-product","3":"status-publish","4":"has-post-thumbnail","6":"product_cat-domofonlar-v-qapi-znglri","7":"description-off","9":"first","10":"instock","11":"shipping-taxable","12":"purchasable","13":"product-type-simple"},"_links":{"self":[{"href":"https:\/\/setap.az\/index.php?rest_route=\/wp\/v2\/product\/19818","targetHints":{"allow":["GET"]}}],"collection":[{"href":"https:\/\/setap.az\/index.php?rest_route=\/wp\/v2\/product"}],"about":[{"href":"https:\/\/setap.az\/index.php?rest_route=\/wp\/v2\/types\/product"}],"replies":[{"embeddable":true,"href":"https:\/\/setap.az\/index.php?rest_route=%2Fwp%2Fv2%2Fcomments&post=19818"}],"wp:featuredmedia":[{"embeddable":true,"href":"https:\/\/setap.az\/index.php?rest_route=\/wp\/v2\/media\/19820"}],"wp:attachment":[{"href":"https:\/\/setap.az\/index.php?rest_route=%2Fwp%2Fv2%2Fmedia&parent=19818"}],"wp:term":[{"taxonomy":"product_cat","embeddable":true,"href":"https:\/\/setap.az\/index.php?rest_route=%2Fwp%2Fv2%2Fproduct_cat&post=19818"},{"taxonomy":"product_tag","embeddable":true,"href":"https:\/\/setap.az\/index.php?rest_route=%2Fwp%2Fv2%2Fproduct_tag&post=19818"}],"curies":[{"name":"wp","href":"https:\/\/api.w.org\/{rel}","templated":true}]}}