{"id":19825,"date":"2025-07-01T14:48:02","date_gmt":"2025-07-01T10:48:02","guid":{"rendered":"https:\/\/setap.az\/?post_type=product&#038;p=19825"},"modified":"2025-07-01T15:36:29","modified_gmt":"2025-07-01T11:36:29","slug":"lifequality-black","status":"publish","type":"product","link":"https:\/\/setap.az\/?product=lifequality-black","title":{"rendered":"LifeQuality (Black) A\u011f\u0131ll\u0131 hava h\u0259r\u0259k\u0259ti sensoru"},"content":{"rendered":"<p>LifeQuality (Black) \u2013 a\u011f\u0131ll\u0131 hava keyfiyy\u0259tini izl\u0259m\u0259 cihaz\u0131d\u0131r. Tibbi s\u0259viyy\u0259li sensorlarla t\u0259chiz olunmu\u015f bu cihaz, karbon qaz\u0131 (CO\u2082) s\u0259viyy\u0259sini, otaq temperaturunu v\u0259 r\u00fctub\u0259ti d\u0259qiq \u015f\u0259kild\u0259 \u00f6l\u00e7\u0259r\u0259k istifad\u0259\u00e7iy\u0259 sa\u011flam n\u0259f\u0259s m\u00fchiti t\u0259qdim edir.<br \/>\n \u018fsas funksiyalar\u0131:<br \/>\nCO\u2082 konsentrasiyas\u0131n\u0131 izl\u0259yir v\u0259 x\u0259b\u0259rdarl\u0131q edir.<br \/>\nTemperatur v\u0259 r\u00fctub\u0259t s\u0259viyy\u0259sini real vaxtda g\u00f6st\u0259rir.<br \/>\nZehni f\u0259aliyy\u0259t\u0259 t\u0259sir ed\u0259n hava d\u0259yi\u015fiklikl\u0259rini vaxt\u0131nda bildirir.<br \/>\nSmart ev sisteml\u0259rin\u0259 inteqrasiya oluna bilir.<br \/>\nOfisl\u0259r, evl\u0259r v\u0259 t\u0259dris m\u0259rk\u0259zl\u0259ri \u00fc\u00e7\u00fcn ideal se\u00e7imdir. LifeQuality, havan\u0131 sad\u0259c\u0259 \u00f6l\u00e7m\u00fcr \u2014 sizi v\u0259 \u0259traf\u0131n\u0131zdak\u0131lar\u0131 daha sa\u011flam bir h\u0259yata apar\u0131r.<\/p>\n","protected":false},"excerpt":{"rendered":"<p>LifeQuality (Black) \u2013 a\u011f\u0131ll\u0131 hava keyfiyy\u0259tini izl\u0259m\u0259 cihaz\u0131d\u0131r. Tibbi s\u0259viyy\u0259li sensorlarla t\u0259chiz olunmu\u015f bu cihaz, karbon qaz\u0131 (CO\u2082) s\u0259viyy\u0259sini, otaq temperaturunu v\u0259 r\u00fctub\u0259ti d\u0259qiq \u015f\u0259kild\u0259 \u00f6l\u00e7\u0259r\u0259k istifad\u0259\u00e7iy\u0259 sa\u011flam n\u0259f\u0259s m\u00fchiti t\u0259qdim edir. \u018fsas funksiyalar\u0131: CO\u2082 konsentrasiyas\u0131n\u0131 izl\u0259yir v\u0259 x\u0259b\u0259rdarl\u0131q edir. Temperatur v\u0259 r\u00fctub\u0259t s\u0259viyy\u0259sini real vaxtda g\u00f6st\u0259rir. Zehni f\u0259aliyy\u0259t\u0259 t\u0259sir ed\u0259n hava d\u0259yi\u015fiklikl\u0259rini vaxt\u0131nda bildirir.&hellip;<\/p>\n","protected":false},"featured_media":19826,"comment_status":"open","ping_status":"closed","template":"","meta":[],"product_cat":[3159,2836,2839],"product_tag":[3000,4157,4180,4179,4178,4187,4188,4182,4186,2938,4184,4181,4185,4183,4189],"class_list":{"0":"post-19825","1":"product","2":"type-product","3":"status-publish","4":"has-post-thumbnail","6":"product_cat-agilli-avtomatlar","7":"product_cat-aksesuarlar","8":"product_cat-sensorlar-v-detektorlar","9":"product_tag-agilliev","10":"product_tag-agillisensor","11":"product_tag-co2sensor","12":"product_tag-havakeyfiyyti","13":"product_tag-lifequality","14":"product_tag-ofisucunideal","15":"product_tag-qaramodel","16":"product_tag-rutubtnzarti","17":"product_tag-saglamnfs","18":"product_tag-smarthome","19":"product_tag-smartsensor","20":"product_tag-temperaturolcn","21":"product_tag-tmizhava","22":"product_tag-tibbidqiqlik","23":"product_tag-zehnifaliyyt","24":"description-off","26":"first","27":"instock","28":"shipping-taxable","29":"purchasable","30":"product-type-simple"},"_links":{"self":[{"href":"https:\/\/setap.az\/index.php?rest_route=\/wp\/v2\/product\/19825","targetHints":{"allow":["GET"]}}],"collection":[{"href":"https:\/\/setap.az\/index.php?rest_route=\/wp\/v2\/product"}],"about":[{"href":"https:\/\/setap.az\/index.php?rest_route=\/wp\/v2\/types\/product"}],"replies":[{"embeddable":true,"href":"https:\/\/setap.az\/index.php?rest_route=%2Fwp%2Fv2%2Fcomments&post=19825"}],"wp:featuredmedia":[{"embeddable":true,"href":"https:\/\/setap.az\/index.php?rest_route=\/wp\/v2\/media\/19826"}],"wp:attachment":[{"href":"https:\/\/setap.az\/index.php?rest_route=%2Fwp%2Fv2%2Fmedia&parent=19825"}],"wp:term":[{"taxonomy":"product_cat","embeddable":true,"href":"https:\/\/setap.az\/index.php?rest_route=%2Fwp%2Fv2%2Fproduct_cat&post=19825"},{"taxonomy":"product_tag","embeddable":true,"href":"https:\/\/setap.az\/index.php?rest_route=%2Fwp%2Fv2%2Fproduct_tag&post=19825"}],"curies":[{"name":"wp","href":"https:\/\/api.w.org\/{rel}","templated":true}]}}