{"id":19829,"date":"2025-07-01T15:35:06","date_gmt":"2025-07-01T11:35:06","guid":{"rendered":"https:\/\/setap.az\/?post_type=product&#038;p=19829"},"modified":"2025-07-01T15:35:06","modified_gmt":"2025-07-01T11:35:06","slug":"streetsiren-white-simsiz-col-sirenasi","status":"publish","type":"product","link":"https:\/\/setap.az\/?product=streetsiren-white-simsiz-col-sirenasi","title":{"rendered":"StreetSiren (White) simsiz \u00e7\u00f6l sirenas\u0131"},"content":{"rendered":"<p> StreetSiren (White) soy\u011fun\u00e7ular v\u0259 vandallara qar\u015f\u0131 simsiz \u00e7\u00f6l sirenas\u0131<br \/>\nT\u0259hl\u00fck\u0259 yaranan anda h\u0259m g\u00fccl\u00fc s\u0259s, h\u0259m d\u0259 sayr\u0131\u015fan i\u015f\u0131q vasit\u0259sil\u0259 x\u0259b\u0259rdarl\u0131q edir.<br \/>\nEvinizin, ofisinizin v\u0259 obyektinizin \u00e7\u00f6l\u00fcnd\u0259 qura\u015fd\u0131r\u0131laraq, \u0259trafdak\u0131 h\u0259r k\u0259si x\u0259b\u0259rdar edir.<br \/>\n Y\u00fcks\u0259k s\u0259s siqnal\u0131<br \/>\n Sayr\u0131\u015fan LED i\u015f\u0131q<br \/>\n \u00c7\u00f6l \u015f\u0259raitin\u0259 uy\u011fun dizayn<\/p>\n","protected":false},"excerpt":{"rendered":"<p>StreetSiren (White) soy\u011fun\u00e7ular v\u0259 vandallara qar\u015f\u0131 simsiz \u00e7\u00f6l sirenas\u0131 T\u0259hl\u00fck\u0259 yaranan anda h\u0259m g\u00fccl\u00fc s\u0259s, h\u0259m d\u0259 sayr\u0131\u015fan i\u015f\u0131q vasit\u0259sil\u0259 x\u0259b\u0259rdarl\u0131q edir. Evinizin, ofisinizin v\u0259 obyektinizin \u00e7\u00f6l\u00fcnd\u0259 qura\u015fd\u0131r\u0131laraq, \u0259trafdak\u0131 h\u0259r k\u0259si x\u0259b\u0259rdar edir. Y\u00fcks\u0259k s\u0259s siqnal\u0131 Sayr\u0131\u015fan LED i\u015f\u0131q \u00c7\u00f6l \u015f\u0259raitin\u0259 uy\u011fun dizayn<\/p>\n","protected":false},"featured_media":19830,"comment_status":"open","ping_status":"closed","template":"","meta":[],"product_cat":[2836,2840,2835],"product_tag":[3000,4052,4196,4208,4202,4204,4205,4206,4203,2934,4201,3034,4200,4207],"class_list":{"0":"post-19829","1":"product","2":"type-product","3":"status-publish","4":"has-post-thumbnail","6":"product_cat-aksesuarlar","7":"product_cat-sirenlr","8":"product_cat-thluksizlik-siqnalizasiyalari","9":"product_tag-agilliev","10":"product_tag-agillisiqnalizasiya","11":"product_tag-agmodel","12":"product_tag-colqurasdirma","13":"product_tag-colsiren","14":"product_tag-isiqlisiren","15":"product_tag-obyektqorunmasi","16":"product_tag-sayrisanisiq","17":"product_tag-sslixbrdarliq","18":"product_tag-smartsecurity","19":"product_tag-streetsiren","20":"product_tag-thluksizliksistemi","21":"product_tag-thlukyreaksiya","22":"product_tag-xaricisiren","23":"description-off","25":"first","26":"instock","27":"shipping-taxable","28":"purchasable","29":"product-type-simple"},"_links":{"self":[{"href":"https:\/\/setap.az\/index.php?rest_route=\/wp\/v2\/product\/19829","targetHints":{"allow":["GET"]}}],"collection":[{"href":"https:\/\/setap.az\/index.php?rest_route=\/wp\/v2\/product"}],"about":[{"href":"https:\/\/setap.az\/index.php?rest_route=\/wp\/v2\/types\/product"}],"replies":[{"embeddable":true,"href":"https:\/\/setap.az\/index.php?rest_route=%2Fwp%2Fv2%2Fcomments&post=19829"}],"wp:featuredmedia":[{"embeddable":true,"href":"https:\/\/setap.az\/index.php?rest_route=\/wp\/v2\/media\/19830"}],"wp:attachment":[{"href":"https:\/\/setap.az\/index.php?rest_route=%2Fwp%2Fv2%2Fmedia&parent=19829"}],"wp:term":[{"taxonomy":"product_cat","embeddable":true,"href":"https:\/\/setap.az\/index.php?rest_route=%2Fwp%2Fv2%2Fproduct_cat&post=19829"},{"taxonomy":"product_tag","embeddable":true,"href":"https:\/\/setap.az\/index.php?rest_route=%2Fwp%2Fv2%2Fproduct_tag&post=19829"}],"curies":[{"name":"wp","href":"https:\/\/api.w.org\/{rel}","templated":true}]}}