{"id":19831,"date":"2025-07-01T16:04:07","date_gmt":"2025-07-01T12:04:07","guid":{"rendered":"https:\/\/setap.az\/?post_type=product&#038;p=19831"},"modified":"2025-07-01T16:04:08","modified_gmt":"2025-07-01T12:04:08","slug":"button-white-h%c9%99y%c9%99can-duym%c9%99si","status":"publish","type":"product","link":"https:\/\/setap.az\/?product=button-white-h%c9%99y%c9%99can-duym%c9%99si","title":{"rendered":"Button (White) h\u0259y\u0259can d\u00fcym\u0259si"},"content":{"rendered":"<p>Button (White) h\u0259y\u0259can d\u00fcym\u0259si<br \/>\n\u018fsas x\u00fcsusiyy\u0259tl\u0259ri:<br \/>\nSimsiz h\u0259y\u0259can d\u00fcym\u0259si h\u0259y\u0259can v\u0259 idar\u0259etm\u0259 rejiml\u0259rind\u0259 i\u015fl\u0259y\u0259 bilir. H\u0259y\u0259can rejimind\u0259 d\u00fcym\u0259 d\u0259rhal h\u0259y\u0259can siqnal\u0131n\u0131 m\u00fchafiz\u0259 idar\u0259sin\u0259 \u00f6t\u00fcr\u00fcr v\u0259 sistemin b\u00fct\u00fcn istifad\u0259\u00e7il\u0259rini t\u0259hl\u00fck\u0259 haqq\u0131nda m\u0259lumatland\u0131r\u0131r. \u0130dar\u0259etm\u0259 rejimind\u0259 is\u0259 d\u00fcym\u0259 vasit\u0259sil\u0259 \u0259vv\u0259lc\u0259d\u0259n t\u0259yin etdiyiniz ssenaril\u0259r \u00fczr\u0259 i\u015fiqlar\u0131, qap\u0131lar\u0131 v\u0259 dig\u0259r elektron cihazlar\u0131 idar\u0259 ed\u0259 bilirsiniz.<\/p>\n","protected":false},"excerpt":{"rendered":"<p>Button (White) h\u0259y\u0259can d\u00fcym\u0259si \u018fsas x\u00fcsusiyy\u0259tl\u0259ri: Simsiz h\u0259y\u0259can d\u00fcym\u0259si h\u0259y\u0259can v\u0259 idar\u0259etm\u0259 rejiml\u0259rind\u0259 i\u015fl\u0259y\u0259 bilir. H\u0259y\u0259can rejimind\u0259 d\u00fcym\u0259 d\u0259rhal h\u0259y\u0259can siqnal\u0131n\u0131 m\u00fchafiz\u0259 idar\u0259sin\u0259 \u00f6t\u00fcr\u00fcr v\u0259 sistemin b\u00fct\u00fcn istifad\u0259\u00e7il\u0259rini t\u0259hl\u00fck\u0259 haqq\u0131nda m\u0259lumatland\u0131r\u0131r. \u0130dar\u0259etm\u0259 rejimind\u0259 is\u0259 d\u00fcym\u0259 vasit\u0259sil\u0259 \u0259vv\u0259lc\u0259d\u0259n t\u0259yin etdiyiniz ssenaril\u0259r \u00fczr\u0259 i\u015fiqlar\u0131, qap\u0131lar\u0131 v\u0259 dig\u0259r elektron cihazlar\u0131 idar\u0259 ed\u0259 bilirsiniz.<\/p>\n","protected":false},"featured_media":19832,"comment_status":"open","ping_status":"closed","template":"","meta":[],"product_cat":[2836,2853,2835],"product_tag":[3000,4210,2923,4215,4211,4209,4213,3520,4212,2938,4217,4216,4214],"class_list":{"0":"post-19831","1":"product","2":"type-product","3":"status-publish","4":"has-post-thumbnail","6":"product_cat-aksesuarlar","7":"product_cat-idaretm-panellri","8":"product_cat-thluksizlik-siqnalizasiyalari","9":"product_tag-agilliev","10":"product_tag-agillipanel","11":"product_tag-agillitexnologiya","12":"product_tag-evinidaredilmsi","13":"product_tag-hycanduymsi","14":"product_tag-idaretmpaneli","15":"product_tag-simsizidaretm","16":"product_tag-siqnalizasiya","17":"product_tag-smartcontrol","18":"product_tag-smarthome","19":"product_tag-ssenariidaretmsi","20":"product_tag-texnolojinzart","21":"product_tag-thluksizlikpaneli","22":"description-off","24":"first","25":"instock","26":"shipping-taxable","27":"purchasable","28":"product-type-simple"},"_links":{"self":[{"href":"https:\/\/setap.az\/index.php?rest_route=\/wp\/v2\/product\/19831","targetHints":{"allow":["GET"]}}],"collection":[{"href":"https:\/\/setap.az\/index.php?rest_route=\/wp\/v2\/product"}],"about":[{"href":"https:\/\/setap.az\/index.php?rest_route=\/wp\/v2\/types\/product"}],"replies":[{"embeddable":true,"href":"https:\/\/setap.az\/index.php?rest_route=%2Fwp%2Fv2%2Fcomments&post=19831"}],"wp:featuredmedia":[{"embeddable":true,"href":"https:\/\/setap.az\/index.php?rest_route=\/wp\/v2\/media\/19832"}],"wp:attachment":[{"href":"https:\/\/setap.az\/index.php?rest_route=%2Fwp%2Fv2%2Fmedia&parent=19831"}],"wp:term":[{"taxonomy":"product_cat","embeddable":true,"href":"https:\/\/setap.az\/index.php?rest_route=%2Fwp%2Fv2%2Fproduct_cat&post=19831"},{"taxonomy":"product_tag","embeddable":true,"href":"https:\/\/setap.az\/index.php?rest_route=%2Fwp%2Fv2%2Fproduct_tag&post=19831"}],"curies":[{"name":"wp","href":"https:\/\/api.w.org\/{rel}","templated":true}]}}