{"id":19843,"date":"2025-07-02T10:37:28","date_gmt":"2025-07-02T06:37:28","guid":{"rendered":"https:\/\/setap.az\/?post_type=product&#038;p=19843"},"modified":"2025-07-02T10:37:28","modified_gmt":"2025-07-02T06:37:28","slug":"cambox","status":"publish","type":"product","link":"https:\/\/setap.az\/?product=cambox","title":{"rendered":"CAMBOX"},"content":{"rendered":"<p>Kamera \u00fc\u00e7\u00fcn montaj qutusu Cambox<\/p>\n","protected":false},"excerpt":{"rendered":"<p>Kamera \u00fc\u00e7\u00fcn montaj qutusu Cambox<\/p>\n","protected":false},"featured_media":19844,"comment_status":"open","ping_status":"closed","template":"","meta":[],"product_cat":[2845],"product_tag":[3000,2956,4252,4254,4258,4253,4250,3057,4251,4249,4257,4256,4255,3051],"class_list":{"0":"post-19843","1":"product","2":"type-product","3":"status-publish","4":"has-post-thumbnail","6":"product_cat-kronsteyn-v-brkidicilr","7":"product_tag-agilliev","8":"product_tag-cambox","9":"product_tag-cctvaksesuar","10":"product_tag-divarmontaji","11":"product_tag-ipkameraqutusu","12":"product_tag-kabelqoruma","13":"product_tag-kameramontaji","14":"product_tag-kameraqurasdirma","15":"product_tag-kameraqutusu","16":"product_tag-montajqutusu","17":"product_tag-outdoorkameraaksesuari","18":"product_tag-qurasdirmaqutusu","19":"product_tag-tavanmontaji","20":"product_tag-thluksizlikkamerasi","21":"description-off","23":"first","24":"instock","25":"shipping-taxable","26":"purchasable","27":"product-type-simple"},"_links":{"self":[{"href":"https:\/\/setap.az\/index.php?rest_route=\/wp\/v2\/product\/19843","targetHints":{"allow":["GET"]}}],"collection":[{"href":"https:\/\/setap.az\/index.php?rest_route=\/wp\/v2\/product"}],"about":[{"href":"https:\/\/setap.az\/index.php?rest_route=\/wp\/v2\/types\/product"}],"replies":[{"embeddable":true,"href":"https:\/\/setap.az\/index.php?rest_route=%2Fwp%2Fv2%2Fcomments&post=19843"}],"wp:featuredmedia":[{"embeddable":true,"href":"https:\/\/setap.az\/index.php?rest_route=\/wp\/v2\/media\/19844"}],"wp:attachment":[{"href":"https:\/\/setap.az\/index.php?rest_route=%2Fwp%2Fv2%2Fmedia&parent=19843"}],"wp:term":[{"taxonomy":"product_cat","embeddable":true,"href":"https:\/\/setap.az\/index.php?rest_route=%2Fwp%2Fv2%2Fproduct_cat&post=19843"},{"taxonomy":"product_tag","embeddable":true,"href":"https:\/\/setap.az\/index.php?rest_route=%2Fwp%2Fv2%2Fproduct_tag&post=19843"}],"curies":[{"name":"wp","href":"https:\/\/api.w.org\/{rel}","templated":true}]}}