{"id":19845,"date":"2025-07-02T11:08:32","date_gmt":"2025-07-02T07:08:32","guid":{"rendered":"https:\/\/setap.az\/?post_type=product&#038;p=19845"},"modified":"2025-07-02T11:13:23","modified_gmt":"2025-07-02T07:13:23","slug":"wireless-infraqirmizi-h%c9%99r%c9%99k%c9%99t-detektoru-dahua-dhi-ard1231-w","status":"publish","type":"product","link":"https:\/\/setap.az\/?product=wireless-infraqirmizi-h%c9%99r%c9%99k%c9%99t-detektoru-dahua-dhi-ard1231-w","title":{"rendered":"Wireless infraq\u0131rm\u0131z\u0131 h\u0259r\u0259k\u0259t detektoru Dahua DHI-ARD1231-W"},"content":{"rendered":"<p>Dahua DHI-ARD1231-W \u2014 simsiz infraq\u0131rm\u0131z\u0131 h\u0259r\u0259k\u0259t detektorudur, \u0259sas funksiyas\u0131 m\u0259kan daxilind\u0259 h\u0259r\u0259k\u0259ti a\u015fkar etm\u0259k v\u0259 bu bar\u0259d\u0259 t\u0259hl\u00fck\u0259sizlik sistemin\u0259 siqnal g\u00f6nd\u0259rm\u0259kdir.<br \/>\nA\u015fkarlama diapazonu \/ bucaq: 12 metr \/ 90\u00b0<br \/>\niki istiqam\u0259tli rabit\u0259<br \/>\n\u00d6t\u00fcrm\u0259 m\u0259saf\u0259si 700 metr\u0259y\u0259 kimi<br \/>\nKorpusun m\u00fcdaxil\u0259 sensoru (detektoru sindirmaq, s\u00f6km\u0259k ist\u0259nil\u0259n anda sensor i\u015f\u0259 d\u00fc\u015f\u00fcr)<br \/>\nMontaj: tavan\u00fcst\u00fc \/ divara (h\u00fcnd\u00fcrl\u00fck 2.2 ~2.5m)<br \/>\nH\u0259ssasl\u0131q: iki s\u0259viyy\u0259d\u0259<br \/>\nPlastik ABS<\/p>\n","protected":false},"excerpt":{"rendered":"<p>Dahua DHI-ARD1231-W \u2014 simsiz infraq\u0131rm\u0131z\u0131 h\u0259r\u0259k\u0259t detektorudur, \u0259sas funksiyas\u0131 m\u0259kan daxilind\u0259 h\u0259r\u0259k\u0259ti a\u015fkar etm\u0259k v\u0259 bu bar\u0259d\u0259 t\u0259hl\u00fck\u0259sizlik sistemin\u0259 siqnal g\u00f6nd\u0259rm\u0259kdir. A\u015fkarlama diapazonu \/ bucaq: 12 metr \/ 90\u00b0 iki istiqam\u0259tli rabit\u0259 \u00d6t\u00fcrm\u0259 m\u0259saf\u0259si 700 metr\u0259y\u0259 kimi Korpusun m\u00fcdaxil\u0259 sensoru (detektoru sindirmaq, s\u00f6km\u0259k ist\u0259nil\u0259n anda sensor i\u015f\u0259 d\u00fc\u015f\u00fcr) Montaj: tavan\u00fcst\u00fc \/ divara (h\u00fcnd\u00fcrl\u00fck 2.2 ~2.5m)&hellip;<\/p>\n","protected":false},"featured_media":19846,"comment_status":"open","ping_status":"closed","template":"","meta":[],"product_cat":[2852,2837],"product_tag":[3727,4259,4262,4265,4197,4066,4260,3772,4261,3391,4264,4220,4184,4263],"class_list":{"0":"post-19845","1":"product","2":"type-product","3":"status-publish","4":"has-post-thumbnail","6":"product_cat-detektorlar","7":"product_cat-gsm-thluksizlik-sistemlri","8":"product_tag-agillithluksizlik","9":"product_tag-dahuaard1231w","10":"product_tag-dahuasecurity","11":"product_tag-enerjiqnatlisensor","12":"product_tag-evqorunmasi","13":"product_tag-hrktsensoru","14":"product_tag-infraqirmizidetektor","15":"product_tag-ofisthluksizliyi","16":"product_tag-petimmunity","17":"product_tag-pirsensor","18":"product_tag-sensorqurasdirma","19":"product_tag-simsizsensor","20":"product_tag-smartsensor","21":"product_tag-uzaqdannzart","22":"description-off","24":"first","25":"instock","26":"shipping-taxable","27":"purchasable","28":"product-type-simple"},"_links":{"self":[{"href":"https:\/\/setap.az\/index.php?rest_route=\/wp\/v2\/product\/19845","targetHints":{"allow":["GET"]}}],"collection":[{"href":"https:\/\/setap.az\/index.php?rest_route=\/wp\/v2\/product"}],"about":[{"href":"https:\/\/setap.az\/index.php?rest_route=\/wp\/v2\/types\/product"}],"replies":[{"embeddable":true,"href":"https:\/\/setap.az\/index.php?rest_route=%2Fwp%2Fv2%2Fcomments&post=19845"}],"wp:featuredmedia":[{"embeddable":true,"href":"https:\/\/setap.az\/index.php?rest_route=\/wp\/v2\/media\/19846"}],"wp:attachment":[{"href":"https:\/\/setap.az\/index.php?rest_route=%2Fwp%2Fv2%2Fmedia&parent=19845"}],"wp:term":[{"taxonomy":"product_cat","embeddable":true,"href":"https:\/\/setap.az\/index.php?rest_route=%2Fwp%2Fv2%2Fproduct_cat&post=19845"},{"taxonomy":"product_tag","embeddable":true,"href":"https:\/\/setap.az\/index.php?rest_route=%2Fwp%2Fv2%2Fproduct_tag&post=19845"}],"curies":[{"name":"wp","href":"https:\/\/api.w.org\/{rel}","templated":true}]}}