{"id":19854,"date":"2025-07-02T14:03:09","date_gmt":"2025-07-02T10:03:09","guid":{"rendered":"https:\/\/setap.az\/?post_type=product&#038;p=19854"},"modified":"2025-07-02T14:03:13","modified_gmt":"2025-07-02T10:03:13","slug":"tp-link-archer-mr200-ac750-4g-lte-wi-fi-router","status":"publish","type":"product","link":"https:\/\/setap.az\/?product=tp-link-archer-mr200-ac750-4g-lte-wi-fi-router","title":{"rendered":"TP-Link Archer MR200 AC750 4G LTE Wi-Fi router"},"content":{"rendered":"<p>TP-Link Archer MR200 AC750 \u2014 s\u00fcr\u0259tli, sabit v\u0259 asan istifad\u0259 olunan 4G LTE Wi-Fi router!<br \/>\nDaxili 4G modem v\u0259 SIM kart yuvas\u0131 il\u0259 y\u00fcks\u0259k s\u00fcr\u0259tli internet\u0259 qo\u015fulun, eyni anda iki ayr\u0131 Wi-Fi \u015f\u0259b\u0259k\u0259si yarad\u0131n v\u0259 32 cihaz\u0131 fasil\u0259siz birl\u0259\u015fdirin. Geni\u015f \u0259hat\u0259 v\u0259 ehtiyat WAN portu il\u0259 h\u0259r yerd\u0259 rahat internet ba\u011flant\u0131s\u0131 t\u0259min edin!<\/p>\n","protected":false},"excerpt":{"rendered":"<p>TP-Link Archer MR200 AC750 \u2014 s\u00fcr\u0259tli, sabit v\u0259 asan istifad\u0259 olunan 4G LTE Wi-Fi router! Daxili 4G modem v\u0259 SIM kart yuvas\u0131 il\u0259 y\u00fcks\u0259k s\u00fcr\u0259tli internet\u0259 qo\u015fulun, eyni anda iki ayr\u0131 Wi-Fi \u015f\u0259b\u0259k\u0259si yarad\u0131n v\u0259 32 cihaz\u0131 fasil\u0259siz birl\u0259\u015fdirin. Geni\u015f \u0259hat\u0259 v\u0259 ehtiyat WAN portu il\u0259 h\u0259r yerd\u0259 rahat internet ba\u011flant\u0131s\u0131 t\u0259min edin!<\/p>\n","protected":false},"featured_media":19855,"comment_status":"open","ping_status":"closed","template":"","meta":[],"product_cat":[2827,2833],"product_tag":[4276,4294,4295,4286,4284,4297,4279,4285,4296,4277,2926,3436,3416],"class_list":{"0":"post-19854","1":"product","2":"type-product","3":"status-publish","4":"has-post-thumbnail","6":"product_cat-3g-4g-router","7":"product_cat-routerlr","8":"product_tag-4glterouter","9":"product_tag-archermr200","10":"product_tag-dualbandwifi","11":"product_tag-ethernetbackup","12":"product_tag-evinterneti","13":"product_tag-internetazrbaycan","14":"product_tag-mobilinternet","15":"product_tag-ofiswifi","16":"product_tag-sabitbaglanti","17":"product_tag-simsizinternet","18":"product_tag-tplink","19":"product_tag-wifirouter","20":"product_tag-yuksksurt","21":"description-off","23":"first","24":"instock","25":"shipping-taxable","26":"purchasable","27":"product-type-simple"},"_links":{"self":[{"href":"https:\/\/setap.az\/index.php?rest_route=\/wp\/v2\/product\/19854","targetHints":{"allow":["GET"]}}],"collection":[{"href":"https:\/\/setap.az\/index.php?rest_route=\/wp\/v2\/product"}],"about":[{"href":"https:\/\/setap.az\/index.php?rest_route=\/wp\/v2\/types\/product"}],"replies":[{"embeddable":true,"href":"https:\/\/setap.az\/index.php?rest_route=%2Fwp%2Fv2%2Fcomments&post=19854"}],"wp:featuredmedia":[{"embeddable":true,"href":"https:\/\/setap.az\/index.php?rest_route=\/wp\/v2\/media\/19855"}],"wp:attachment":[{"href":"https:\/\/setap.az\/index.php?rest_route=%2Fwp%2Fv2%2Fmedia&parent=19854"}],"wp:term":[{"taxonomy":"product_cat","embeddable":true,"href":"https:\/\/setap.az\/index.php?rest_route=%2Fwp%2Fv2%2Fproduct_cat&post=19854"},{"taxonomy":"product_tag","embeddable":true,"href":"https:\/\/setap.az\/index.php?rest_route=%2Fwp%2Fv2%2Fproduct_tag&post=19854"}],"curies":[{"name":"wp","href":"https:\/\/api.w.org\/{rel}","templated":true}]}}