{"id":19856,"date":"2025-07-02T14:16:07","date_gmt":"2025-07-02T10:16:07","guid":{"rendered":"https:\/\/setap.az\/?post_type=product&#038;p=19856"},"modified":"2025-07-07T16:44:07","modified_gmt":"2025-07-07T12:44:07","slug":"nano-bluetooth-adapter","status":"publish","type":"product","link":"https:\/\/setap.az\/?product=nano-bluetooth-adapter","title":{"rendered":"NANO BLUETOOTH ADAPTER"},"content":{"rendered":"<p>Mini Bluetooth adapter<br \/>\nMiniat\u00fcr Bluetooth adapteri komp\u00fcterinizin USB portuna qo\u015fulur v\u0259 m\u00fcxt\u0259lif n\u00f6v cihazlar\u0131n \u2013 smartfonlar, si\u00e7anlar, klaviaturalar v\u0259 s. \u2013 qo\u015fulmas\u0131na imkan verir. Cihaz\u0131n \u00f6l\u00e7\u00fcl\u0259ri t\u0259sad\u00fcfi z\u0259d\u0259l\u0259nm\u0259l\u0259rin qar\u015f\u0131s\u0131n\u0131 al\u0131r \u2013 bu adapter dem\u0259k olar ki, USB portundan \u00e7\u0131xm\u0131r. Noutbuklar \u00fc\u00e7\u00fcn ideal se\u00e7imdir. Windows XP, Vista v\u0259 Seven \u0259m\u0259liyyat sisteml\u0259rind\u0259 avtomatik tan\u0131n\u0131r (s\u00fcr\u00fcc\u00fc qura\u015fd\u0131r\u0131lmas\u0131na ehtiyac yoxdur).<br \/>\nX\u00fcsusiyy\u0259tl\u0259r:<br \/>\nQo\u015fulma: USB 1.0, 2.0, 3.0 versiyalar\u0131 il\u0259 uy\u011fun<br \/>\n\u018fm\u0259liyyat sisteml\u0259ri: b\u00fct\u00fcn Windows versiyalar\u0131, Linux<br \/>\nM\u0259lumat \u00f6t\u00fcrm\u0259 s\u00fcr\u0259ti: 3 Mbit\/s-\u0259 q\u0259d\u0259r<br \/>\n\u018flaq\u0259 radiusu: 10 metr (istehsal\u00e7\u0131n\u0131n s\u00f6zl\u0259rin\u0259 g\u00f6r\u0259 100 metr\u0259 q\u0259d\u0259r cihaz qo\u015fmaq m\u00fcmk\u00fcnd\u00fcr)<br \/>\n\u00d6l\u00e7\u00fcl\u0259r: 23 x 14 x 6 mm<\/p>\n","protected":false},"excerpt":{"rendered":"<p>Mini Bluetooth adapter Miniat\u00fcr Bluetooth adapteri komp\u00fcterinizin USB portuna qo\u015fulur v\u0259 m\u00fcxt\u0259lif n\u00f6v cihazlar\u0131n \u2013 smartfonlar, si\u00e7anlar, klaviaturalar v\u0259 s. \u2013 qo\u015fulmas\u0131na imkan verir. Cihaz\u0131n \u00f6l\u00e7\u00fcl\u0259ri t\u0259sad\u00fcfi z\u0259d\u0259l\u0259nm\u0259l\u0259rin qar\u015f\u0131s\u0131n\u0131 al\u0131r \u2013 bu adapter dem\u0259k olar ki, USB portundan \u00e7\u0131xm\u0131r. Noutbuklar \u00fc\u00e7\u00fcn ideal se\u00e7imdir. Windows XP, Vista v\u0259 Seven \u0259m\u0259liyyat sisteml\u0259rind\u0259 avtomatik tan\u0131n\u0131r (s\u00fcr\u00fcc\u00fc qura\u015fd\u0131r\u0131lmas\u0131na ehtiyac&hellip;<\/p>\n","protected":false},"featured_media":19857,"comment_status":"open","ping_status":"closed","template":"","meta":[],"product_cat":[2828,2823,2824,2834],"product_tag":[4304,4305,4298,4302,4301,4307,3607,4299,4300,4308,4306,3235,4303],"class_list":{"0":"post-19856","1":"product","2":"type-product","3":"status-publish","4":"has-post-thumbnail","6":"product_cat-bluetooth-adapterlr","7":"product_cat-kompyuter-aksesuarlari","8":"product_cat-noutbuklar-v-aksesuarlar","9":"product_cat-usb-adapterlr","10":"product_tag-bluesoleil","11":"product_tag-bluetooth10m","12":"product_tag-bluetoothadapter","13":"product_tag-bluetoothconnection","14":"product_tag-bluetoothusb","15":"product_tag-klaviaturasican","16":"product_tag-komputeraksesuarlari","17":"product_tag-minibluetooth","18":"product_tag-simsizelaq","19":"product_tag-simsiztexnologiya","20":"product_tag-smartfonelaqsi","21":"product_tag-usbadapter","22":"product_tag-windowslinux","23":"description-off","25":"first","26":"instock","27":"shipping-taxable","28":"purchasable","29":"product-type-simple"},"_links":{"self":[{"href":"https:\/\/setap.az\/index.php?rest_route=\/wp\/v2\/product\/19856","targetHints":{"allow":["GET"]}}],"collection":[{"href":"https:\/\/setap.az\/index.php?rest_route=\/wp\/v2\/product"}],"about":[{"href":"https:\/\/setap.az\/index.php?rest_route=\/wp\/v2\/types\/product"}],"replies":[{"embeddable":true,"href":"https:\/\/setap.az\/index.php?rest_route=%2Fwp%2Fv2%2Fcomments&post=19856"}],"wp:featuredmedia":[{"embeddable":true,"href":"https:\/\/setap.az\/index.php?rest_route=\/wp\/v2\/media\/19857"}],"wp:attachment":[{"href":"https:\/\/setap.az\/index.php?rest_route=%2Fwp%2Fv2%2Fmedia&parent=19856"}],"wp:term":[{"taxonomy":"product_cat","embeddable":true,"href":"https:\/\/setap.az\/index.php?rest_route=%2Fwp%2Fv2%2Fproduct_cat&post=19856"},{"taxonomy":"product_tag","embeddable":true,"href":"https:\/\/setap.az\/index.php?rest_route=%2Fwp%2Fv2%2Fproduct_tag&post=19856"}],"curies":[{"name":"wp","href":"https:\/\/api.w.org\/{rel}","templated":true}]}}