{"id":19864,"date":"2025-07-03T09:17:38","date_gmt":"2025-07-03T05:17:38","guid":{"rendered":"https:\/\/setap.az\/?post_type=product&#038;p=19864"},"modified":"2025-07-03T09:17:38","modified_gmt":"2025-07-03T05:17:38","slug":"dahua-gsfp-850-mmf-gigabit-optik-sfp-modul","status":"publish","type":"product","link":"https:\/\/setap.az\/?product=dahua-gsfp-850-mmf-gigabit-optik-sfp-modul","title":{"rendered":"Dahua GSFP-850-MMF Gigabit Optik SFP Modul"},"content":{"rendered":"<p>Dahua GSFP-850-MMF \u2013 y\u00fcks\u0259k s\u00fcr\u0259tli v\u0259 sabit optik ba\u011flant\u0131!<br \/>\nM\u00fcxt\u0259lif \u015f\u0259b\u0259k\u0259l\u0259r v\u0259 m\u0259lumat protokollar\u0131 il\u0259 i\u015fl\u0259m\u0259k \u00fc\u00e7\u00fcn n\u0259z\u0259rd\u0259 tutulmu\u015f DAHUA GSFP-850-MMF SFP modul \u00e7ox y\u00f6nl\u00fcd\u00fcr v\u0259 istifad\u0259si asand\u0131r. Bundan \u0259lav\u0259, qabaqc\u0131l siqnal emal texnologiyas\u0131 h\u0259tta b\u00f6y\u00fck h\u0259cmli m\u0259lumatlarla i\u015fl\u0259y\u0259rk\u0259n bel\u0259 m\u0259lumatlar\u0131n s\u00fcr\u0259tli v\u0259 etibarl\u0131 \u00f6t\u00fcr\u00fclm\u0259sini t\u0259min edir.<br \/>\nGigabit s\u00fcr\u0259tini d\u0259st\u0259kl\u0259y\u0259n bu SFP modul MMF (Multi Mode Fiber) texnologiyas\u0131 il\u0259 550 metr\u0259 q\u0259d\u0259r m\u0259saf\u0259d\u0259 m\u0259lumat \u00f6t\u00fcr\u00fcr. <\/p>\n","protected":false},"excerpt":{"rendered":"<p>Dahua GSFP-850-MMF \u2013 y\u00fcks\u0259k s\u00fcr\u0259tli v\u0259 sabit optik ba\u011flant\u0131! M\u00fcxt\u0259lif \u015f\u0259b\u0259k\u0259l\u0259r v\u0259 m\u0259lumat protokollar\u0131 il\u0259 i\u015fl\u0259m\u0259k \u00fc\u00e7\u00fcn n\u0259z\u0259rd\u0259 tutulmu\u015f DAHUA GSFP-850-MMF SFP modul \u00e7ox y\u00f6nl\u00fcd\u00fcr v\u0259 istifad\u0259si asand\u0131r. Bundan \u0259lav\u0259, qabaqc\u0131l siqnal emal texnologiyas\u0131 h\u0259tta b\u00f6y\u00fck h\u0259cmli m\u0259lumatlarla i\u015fl\u0259y\u0259rk\u0259n bel\u0259 m\u0259lumatlar\u0131n s\u00fcr\u0259tli v\u0259 etibarl\u0131 \u00f6t\u00fcr\u00fclm\u0259sini t\u0259min edir. Gigabit s\u00fcr\u0259tini d\u0259st\u0259kl\u0259y\u0259n bu SFP modul MMF (Multi&hellip;<\/p>\n","protected":false},"featured_media":19865,"comment_status":"open","ping_status":"closed","template":"","meta":[],"product_cat":[2838],"product_tag":[3575,4335,4333,4331,4330,4334,4332,3826,4325,4308,4336],"class_list":{"0":"post-19864","1":"product","2":"type-product","3":"status-publish","4":"has-post-thumbnail","6":"product_cat-modullar","7":"product_tag-dahua","8":"product_tag-dahuasfp","9":"product_tag-fibersbk","10":"product_tag-gigabitsfp","11":"product_tag-gsfp850mmf","12":"product_tag-multimodefiber","13":"product_tag-optikmodul","14":"product_tag-sbkavadanligi","15":"product_tag-sfpmodul","16":"product_tag-simsiztexnologiya","17":"product_tag-surtlibaglanti","18":"description-off","20":"first","21":"instock","22":"shipping-taxable","23":"purchasable","24":"product-type-simple"},"_links":{"self":[{"href":"https:\/\/setap.az\/index.php?rest_route=\/wp\/v2\/product\/19864","targetHints":{"allow":["GET"]}}],"collection":[{"href":"https:\/\/setap.az\/index.php?rest_route=\/wp\/v2\/product"}],"about":[{"href":"https:\/\/setap.az\/index.php?rest_route=\/wp\/v2\/types\/product"}],"replies":[{"embeddable":true,"href":"https:\/\/setap.az\/index.php?rest_route=%2Fwp%2Fv2%2Fcomments&post=19864"}],"wp:featuredmedia":[{"embeddable":true,"href":"https:\/\/setap.az\/index.php?rest_route=\/wp\/v2\/media\/19865"}],"wp:attachment":[{"href":"https:\/\/setap.az\/index.php?rest_route=%2Fwp%2Fv2%2Fmedia&parent=19864"}],"wp:term":[{"taxonomy":"product_cat","embeddable":true,"href":"https:\/\/setap.az\/index.php?rest_route=%2Fwp%2Fv2%2Fproduct_cat&post=19864"},{"taxonomy":"product_tag","embeddable":true,"href":"https:\/\/setap.az\/index.php?rest_route=%2Fwp%2Fv2%2Fproduct_tag&post=19864"}],"curies":[{"name":"wp","href":"https:\/\/api.w.org\/{rel}","templated":true}]}}