{"id":19866,"date":"2025-07-03T09:40:16","date_gmt":"2025-07-03T05:40:16","guid":{"rendered":"https:\/\/setap.az\/?post_type=product&#038;p=19866"},"modified":"2025-07-03T09:40:16","modified_gmt":"2025-07-03T05:40:16","slug":"poe-adapter-tp-link-tl-poe200","status":"publish","type":"product","link":"https:\/\/setap.az\/?product=poe-adapter-tp-link-tl-poe200","title":{"rendered":"PoE Adapter TP-Link TL-PoE200"},"content":{"rendered":"<p>TP-Link TL-POE200 \u2013 elektrik v\u0259 internet bir kabell\u0259!<br \/>\nBu PoE d\u0259sti say\u0259sind\u0259 Ethernet kabeli il\u0259 h\u0259m enerji, h\u0259m d\u0259 m\u0259lumat \u00f6t\u00fcr\u00fcl\u00fcr \u2013 100 metr\u0259d\u0259k m\u0259saf\u0259d\u0259! IP kameralar, Wi-Fi n\u00f6qt\u0259l\u0259ri v\u0259 VoIP telefonlar \u00fc\u00e7\u00fcn ideald\u0131r.<\/p>\n","protected":false},"excerpt":{"rendered":"<p>TP-Link TL-POE200 \u2013 elektrik v\u0259 internet bir kabell\u0259! Bu PoE d\u0259sti say\u0259sind\u0259 Ethernet kabeli il\u0259 h\u0259m enerji, h\u0259m d\u0259 m\u0259lumat \u00f6t\u00fcr\u00fcl\u00fcr \u2013 100 metr\u0259d\u0259k m\u0259saf\u0259d\u0259! IP kameralar, Wi-Fi n\u00f6qt\u0259l\u0259ri v\u0259 VoIP telefonlar \u00fc\u00e7\u00fcn ideald\u0131r.<\/p>\n","protected":false},"featured_media":19867,"comment_status":"open","ping_status":"closed","template":"","meta":[],"product_cat":[2832],"product_tag":[4340,4341,4342,3392,4338,4339,3064,3823,4337,2926,3075,4343],"class_list":{"0":"post-19866","1":"product","2":"type-product","3":"status-publish","4":"has-post-thumbnail","6":"product_cat-poe-adapterlri","7":"product_tag-ethernetenerji","8":"product_tag-ipcihazlar","9":"product_tag-ipkameraqurasdirma","10":"product_tag-poe","11":"product_tag-poeinjector","12":"product_tag-poesplitter","13":"product_tag-poetexnologiyasi","14":"product_tag-sbkhlli","15":"product_tag-tlpoe200","16":"product_tag-tplink","17":"product_tag-tplinkazrbaycan","18":"product_tag-wifiqurasdirma","19":"description-off","21":"first","22":"instock","23":"shipping-taxable","24":"purchasable","25":"product-type-simple"},"_links":{"self":[{"href":"https:\/\/setap.az\/index.php?rest_route=\/wp\/v2\/product\/19866","targetHints":{"allow":["GET"]}}],"collection":[{"href":"https:\/\/setap.az\/index.php?rest_route=\/wp\/v2\/product"}],"about":[{"href":"https:\/\/setap.az\/index.php?rest_route=\/wp\/v2\/types\/product"}],"replies":[{"embeddable":true,"href":"https:\/\/setap.az\/index.php?rest_route=%2Fwp%2Fv2%2Fcomments&post=19866"}],"wp:featuredmedia":[{"embeddable":true,"href":"https:\/\/setap.az\/index.php?rest_route=\/wp\/v2\/media\/19867"}],"wp:attachment":[{"href":"https:\/\/setap.az\/index.php?rest_route=%2Fwp%2Fv2%2Fmedia&parent=19866"}],"wp:term":[{"taxonomy":"product_cat","embeddable":true,"href":"https:\/\/setap.az\/index.php?rest_route=%2Fwp%2Fv2%2Fproduct_cat&post=19866"},{"taxonomy":"product_tag","embeddable":true,"href":"https:\/\/setap.az\/index.php?rest_route=%2Fwp%2Fv2%2Fproduct_tag&post=19866"}],"curies":[{"name":"wp","href":"https:\/\/api.w.org\/{rel}","templated":true}]}}