{"id":19868,"date":"2025-07-03T09:56:23","date_gmt":"2025-07-03T05:56:23","guid":{"rendered":"https:\/\/setap.az\/?post_type=product&#038;p=19868"},"modified":"2025-07-03T09:57:28","modified_gmt":"2025-07-03T05:57:28","slug":"wi-fi-modem-tp-link-td-w8961n","status":"publish","type":"product","link":"https:\/\/setap.az\/?product=wi-fi-modem-tp-link-td-w8961n","title":{"rendered":"Wi-Fi Modem TP-Link TD-W8961N"},"content":{"rendered":"<p>TP-Link TD-W8961N \u2013 ev v\u0259 ofis \u00fc\u00e7\u00fcn g\u00fccl\u00fc Wi-Fi<br \/>\nADSL2+ modem, 4 portlu router v\u0259 300 Mbit\/s simsiz ba\u011flant\u0131 bir arada!<br \/>\nOnlayn oyun, HD video v\u0259 IP-telefoniya \u00fc\u00e7\u00fcn ideal s\u00fcr\u0259t, WPS v\u0259 Wi-Fi On\/Off d\u00fcym\u0259l\u0259ri il\u0259 rahat istifad\u0259 \u2013 s\u00fcr\u0259tli internet.<\/p>\n","protected":false},"excerpt":{"rendered":"<p>TP-Link TD-W8961N \u2013 ev v\u0259 ofis \u00fc\u00e7\u00fcn g\u00fccl\u00fc Wi-Fi ADSL2+ modem, 4 portlu router v\u0259 300 Mbit\/s simsiz ba\u011flant\u0131 bir arada! Onlayn oyun, HD video v\u0259 IP-telefoniya \u00fc\u00e7\u00fcn ideal s\u00fcr\u0259t, WPS v\u0259 Wi-Fi On\/Off d\u00fcym\u0259l\u0259ri il\u0259 rahat istifad\u0259 \u2013 s\u00fcr\u0259tli internet.<\/p>\n","protected":false},"featured_media":19869,"comment_status":"open","ping_status":"closed","template":"","meta":[],"product_cat":[2830],"product_tag":[4346,4284,4282,4347,4277,4344,2926,3075,4345,4349,3436,4348],"class_list":{"0":"post-19868","1":"product","2":"type-product","3":"status-publish","4":"has-post-thumbnail","6":"product_cat-modemlr","7":"product_tag-adsl2modem","8":"product_tag-evinterneti","9":"product_tag-n300router","10":"product_tag-ofisrouteri","11":"product_tag-simsizinternet","12":"product_tag-tdw8961n","13":"product_tag-tplink","14":"product_tag-tplinkazrbaycan","15":"product_tag-wifimodem","16":"product_tag-wifin300","17":"product_tag-wifirouter","18":"product_tag-wps","19":"description-off","21":"first","22":"instock","23":"shipping-taxable","24":"purchasable","25":"product-type-simple"},"_links":{"self":[{"href":"https:\/\/setap.az\/index.php?rest_route=\/wp\/v2\/product\/19868","targetHints":{"allow":["GET"]}}],"collection":[{"href":"https:\/\/setap.az\/index.php?rest_route=\/wp\/v2\/product"}],"about":[{"href":"https:\/\/setap.az\/index.php?rest_route=\/wp\/v2\/types\/product"}],"replies":[{"embeddable":true,"href":"https:\/\/setap.az\/index.php?rest_route=%2Fwp%2Fv2%2Fcomments&post=19868"}],"wp:featuredmedia":[{"embeddable":true,"href":"https:\/\/setap.az\/index.php?rest_route=\/wp\/v2\/media\/19869"}],"wp:attachment":[{"href":"https:\/\/setap.az\/index.php?rest_route=%2Fwp%2Fv2%2Fmedia&parent=19868"}],"wp:term":[{"taxonomy":"product_cat","embeddable":true,"href":"https:\/\/setap.az\/index.php?rest_route=%2Fwp%2Fv2%2Fproduct_cat&post=19868"},{"taxonomy":"product_tag","embeddable":true,"href":"https:\/\/setap.az\/index.php?rest_route=%2Fwp%2Fv2%2Fproduct_tag&post=19868"}],"curies":[{"name":"wp","href":"https:\/\/api.w.org\/{rel}","templated":true}]}}