{"id":19874,"date":"2025-07-03T15:51:53","date_gmt":"2025-07-03T11:51:53","guid":{"rendered":"https:\/\/setap.az\/?post_type=product&#038;p=19874"},"modified":"2025-07-03T15:51:53","modified_gmt":"2025-07-03T11:51:53","slug":"combo-sata-power-cable","status":"publish","type":"product","link":"https:\/\/setap.az\/?product=combo-sata-power-cable","title":{"rendered":"Combo SATA + Power Cable"},"content":{"rendered":"<p>Combo SATA + Power Cable \u2013 bir kabell\u0259 h\u0259m enerji, h\u0259m m\u0259lumat!<br \/>\nHard disk v\u0259 SSD-l\u0259rin h\u0259m m\u0259lumat \u00f6t\u00fcr\u00fclm\u0259si, h\u0259m d\u0259 enerji il\u0259 t\u0259min olunmas\u0131 \u00fc\u00e7\u00fcn ideal 2-si 1-d\u0259 h\u0259ll. Komp\u00fcter y\u0131\u011f\u0131m\u0131 v\u0259 yadda\u015f qur\u011fular\u0131n\u0131n qo\u015fulmas\u0131 \u00fc\u00e7\u00fcn praktiki v\u0259 yer\u0259 q\u0259na\u0259tli se\u00e7imdir!<\/p>\n","protected":false},"excerpt":{"rendered":"<p>Combo SATA + Power Cable \u2013 bir kabell\u0259 h\u0259m enerji, h\u0259m m\u0259lumat! Hard disk v\u0259 SSD-l\u0259rin h\u0259m m\u0259lumat \u00f6t\u00fcr\u00fclm\u0259si, h\u0259m d\u0259 enerji il\u0259 t\u0259min olunmas\u0131 \u00fc\u00e7\u00fcn ideal 2-si 1-d\u0259 h\u0259ll. Komp\u00fcter y\u0131\u011f\u0131m\u0131 v\u0259 yadda\u015f qur\u011fular\u0131n\u0131n qo\u015fulmas\u0131 \u00fc\u00e7\u00fcn praktiki v\u0259 yer\u0259 q\u0259na\u0259tli se\u00e7imdir!<\/p>\n","protected":false},"featured_media":19875,"comment_status":"open","ping_status":"closed","template":"","meta":[],"product_cat":[2814],"product_tag":[4367,4360,4364,4362,4366,4365,4363,4359,4368,4369,4358,4361],"class_list":{"0":"post-19874","1":"product","2":"type-product","3":"status-publish","4":"has-post-thumbnail","6":"product_cat-sata-kabellri","7":"product_tag-2si1dkabel","8":"product_tag-combosata","9":"product_tag-enerjikabeli","10":"product_tag-hddqosulma","11":"product_tag-kabelhlli","12":"product_tag-komputeraksesuari","13":"product_tag-mlumatoturm","14":"product_tag-powercable","15":"product_tag-satadatapower","16":"product_tag-sataenerjikabeli","17":"product_tag-satakabel","18":"product_tag-ssdqosulma","19":"description-off","21":"first","22":"instock","23":"shipping-taxable","24":"purchasable","25":"product-type-simple"},"_links":{"self":[{"href":"https:\/\/setap.az\/index.php?rest_route=\/wp\/v2\/product\/19874","targetHints":{"allow":["GET"]}}],"collection":[{"href":"https:\/\/setap.az\/index.php?rest_route=\/wp\/v2\/product"}],"about":[{"href":"https:\/\/setap.az\/index.php?rest_route=\/wp\/v2\/types\/product"}],"replies":[{"embeddable":true,"href":"https:\/\/setap.az\/index.php?rest_route=%2Fwp%2Fv2%2Fcomments&post=19874"}],"wp:featuredmedia":[{"embeddable":true,"href":"https:\/\/setap.az\/index.php?rest_route=\/wp\/v2\/media\/19875"}],"wp:attachment":[{"href":"https:\/\/setap.az\/index.php?rest_route=%2Fwp%2Fv2%2Fmedia&parent=19874"}],"wp:term":[{"taxonomy":"product_cat","embeddable":true,"href":"https:\/\/setap.az\/index.php?rest_route=%2Fwp%2Fv2%2Fproduct_cat&post=19874"},{"taxonomy":"product_tag","embeddable":true,"href":"https:\/\/setap.az\/index.php?rest_route=%2Fwp%2Fv2%2Fproduct_tag&post=19874"}],"curies":[{"name":"wp","href":"https:\/\/api.w.org\/{rel}","templated":true}]}}